{"id":52757,"date":"2021-04-16T15:07:14","date_gmt":"2021-04-16T15:07:14","guid":{"rendered":"https:\/\/new.ilmoliulampar.is\/product\/svartur-svanur-veggljos\/"},"modified":"2026-01-30T14:29:23","modified_gmt":"2026-01-30T14:29:23","slug":"svartur-svanur-veggljos","status":"publish","type":"product","link":"https:\/\/ilmoliulampar.is\/en_gb\/product\/svartur-svanur-veggljos\/","title":{"rendered":"Svartur Svanur &#8211; Vegglampi"},"content":{"rendered":"","protected":false},"excerpt":{"rendered":"<p>Svartur svanur &#8211; vegglj\u00f3s<\/p>\n<p>Einstaklega fallegt vegglj\u00f3s.<\/p>\n<p>St\u00e6r\u00f0:23 x 23 x 57.5 cm<\/p>\n<p>Hengdur \u00e1 vegginn og settur \u00ed samband vi\u00f0 rafmagn.<\/p>\n<p>Ath, lj\u00f3si\u00f0 kemur \u00e1n peru, vi\u00f0 eigum til allskonar fallegar skrautperur!<\/p>\n<p>Efni: Poly-resin<\/p>","protected":false},"featured_media":42514,"comment_status":"closed","ping_status":"closed","template":"","meta":[],"product_brand":[],"product_cat":[132,267,107,185],"product_tag":[],"class_list":{"0":"post-52757","1":"product","2":"type-product","3":"status-publish","4":"has-post-thumbnail","6":"product_cat-heimilid-2","7":"product_cat-konudagurinn","8":"product_cat-lampar","9":"product_cat-vegglampar","11":"first","12":"instock","13":"shipping-taxable","14":"purchasable","15":"product-type-simple"},"_links":{"self":[{"href":"https:\/\/ilmoliulampar.is\/en_gb\/wp-json\/wp\/v2\/product\/52757","targetHints":{"allow":["GET"]}}],"collection":[{"href":"https:\/\/ilmoliulampar.is\/en_gb\/wp-json\/wp\/v2\/product"}],"about":[{"href":"https:\/\/ilmoliulampar.is\/en_gb\/wp-json\/wp\/v2\/types\/product"}],"replies":[{"embeddable":true,"href":"https:\/\/ilmoliulampar.is\/en_gb\/wp-json\/wp\/v2\/comments?post=52757"}],"wp:featuredmedia":[{"embeddable":true,"href":"https:\/\/ilmoliulampar.is\/en_gb\/wp-json\/wp\/v2\/media\/42514"}],"wp:attachment":[{"href":"https:\/\/ilmoliulampar.is\/en_gb\/wp-json\/wp\/v2\/media?parent=52757"}],"wp:term":[{"taxonomy":"product_brand","embeddable":true,"href":"https:\/\/ilmoliulampar.is\/en_gb\/wp-json\/wp\/v2\/product_brand?post=52757"},{"taxonomy":"product_cat","embeddable":true,"href":"https:\/\/ilmoliulampar.is\/en_gb\/wp-json\/wp\/v2\/product_cat?post=52757"},{"taxonomy":"product_tag","embeddable":true,"href":"https:\/\/ilmoliulampar.is\/en_gb\/wp-json\/wp\/v2\/product_tag?post=52757"}],"curies":[{"name":"wp","href":"https:\/\/api.w.org\/{rel}","templated":true}]}}