{"id":52758,"date":"2021-04-21T15:29:34","date_gmt":"2021-04-21T15:29:34","guid":{"rendered":"https:\/\/new.ilmoliulampar.is\/product\/candy-land\/"},"modified":"2025-10-30T17:43:06","modified_gmt":"2025-10-30T17:43:06","slug":"candy-land","status":"publish","type":"product","link":"https:\/\/ilmoliulampar.is\/en_gb\/product\/candy-land\/","title":{"rendered":"CANDY LAND"},"content":{"rendered":"","protected":false},"excerpt":{"rendered":"<p>Candy Land ilmol\u00eda<\/p>\n<p>Sj\u00faklega s\u00e6t og sj\u00faklega g\u00f3\u00f0, \u00feessi ver\u00f0ur strax \u00fe\u00edn upp\u00e1halds, \u00fe\u00fa getur ekki h\u00e6tt a\u00f0 \u00feefa af \u00feessari \u00feegar \u00fe\u00fa byrjar! Bleikt l\u00edmona\u00f0i, s\u00edtr\u00f3na, sykru\u00f0 jar\u00f0aber &amp; dass af vanillu t\u00f3num.<\/p>\n<p>Ef \u00fe\u00fa f\u00edlar s\u00e6tan ilm \u00fe\u00e1 \u00e1ttu eftir a\u00f0 elska, elska, elska Candy Land!<\/p>","protected":false},"featured_media":42525,"comment_status":"closed","ping_status":"closed","template":"","meta":[],"product_brand":[],"product_cat":[195,108],"product_tag":[],"class_list":{"0":"post-52758","1":"product","2":"type-product","3":"status-publish","4":"has-post-thumbnail","6":"product_cat-ilmoliur-oliur","7":"product_cat-oliur","9":"first","10":"instock","11":"shipping-taxable","12":"purchasable","13":"product-type-simple"},"_links":{"self":[{"href":"https:\/\/ilmoliulampar.is\/en_gb\/wp-json\/wp\/v2\/product\/52758","targetHints":{"allow":["GET"]}}],"collection":[{"href":"https:\/\/ilmoliulampar.is\/en_gb\/wp-json\/wp\/v2\/product"}],"about":[{"href":"https:\/\/ilmoliulampar.is\/en_gb\/wp-json\/wp\/v2\/types\/product"}],"replies":[{"embeddable":true,"href":"https:\/\/ilmoliulampar.is\/en_gb\/wp-json\/wp\/v2\/comments?post=52758"}],"wp:featuredmedia":[{"embeddable":true,"href":"https:\/\/ilmoliulampar.is\/en_gb\/wp-json\/wp\/v2\/media\/42525"}],"wp:attachment":[{"href":"https:\/\/ilmoliulampar.is\/en_gb\/wp-json\/wp\/v2\/media?parent=52758"}],"wp:term":[{"taxonomy":"product_brand","embeddable":true,"href":"https:\/\/ilmoliulampar.is\/en_gb\/wp-json\/wp\/v2\/product_brand?post=52758"},{"taxonomy":"product_cat","embeddable":true,"href":"https:\/\/ilmoliulampar.is\/en_gb\/wp-json\/wp\/v2\/product_cat?post=52758"},{"taxonomy":"product_tag","embeddable":true,"href":"https:\/\/ilmoliulampar.is\/en_gb\/wp-json\/wp\/v2\/product_tag?post=52758"}],"curies":[{"name":"wp","href":"https:\/\/api.w.org\/{rel}","templated":true}]}}