{"id":52759,"date":"2021-04-21T16:01:32","date_gmt":"2021-04-21T16:01:32","guid":{"rendered":"https:\/\/new.ilmoliulampar.is\/product\/lavender-linen\/"},"modified":"2026-04-13T16:25:09","modified_gmt":"2026-04-13T16:25:09","slug":"lavender-linen","status":"publish","type":"product","link":"https:\/\/ilmoliulampar.is\/en_gb\/product\/lavender-linen\/","title":{"rendered":"LAVENDER LINEN"},"content":{"rendered":"","protected":false},"excerpt":{"rendered":"<p>Lavender Linen ilmol\u00eda<\/p>\n<p>\u00c6\u00f0isleg blanda af Lavender og hreinum \u00fevotti, hreinn og ferskur. \u00a0\u00cdmynda\u00f0u \u00fe\u00e9r ilminn af Lavender akri eftir rigningardag! \u00deessi geggja\u00f0i, hreini \u00fevotta ilmur \u00e1 eftir a\u00f0 ver\u00f0a einn af \u00fe\u00ednum allra upp\u00e1halds!<\/p>","protected":false},"featured_media":42528,"comment_status":"closed","ping_status":"closed","template":"","meta":[],"product_brand":[],"product_cat":[195,108],"product_tag":[],"class_list":{"0":"post-52759","1":"product","2":"type-product","3":"status-publish","4":"has-post-thumbnail","6":"product_cat-ilmoliur-oliur","7":"product_cat-oliur","9":"first","10":"instock","11":"shipping-taxable","12":"purchasable","13":"product-type-simple"},"_links":{"self":[{"href":"https:\/\/ilmoliulampar.is\/en_gb\/wp-json\/wp\/v2\/product\/52759","targetHints":{"allow":["GET"]}}],"collection":[{"href":"https:\/\/ilmoliulampar.is\/en_gb\/wp-json\/wp\/v2\/product"}],"about":[{"href":"https:\/\/ilmoliulampar.is\/en_gb\/wp-json\/wp\/v2\/types\/product"}],"replies":[{"embeddable":true,"href":"https:\/\/ilmoliulampar.is\/en_gb\/wp-json\/wp\/v2\/comments?post=52759"}],"wp:featuredmedia":[{"embeddable":true,"href":"https:\/\/ilmoliulampar.is\/en_gb\/wp-json\/wp\/v2\/media\/42528"}],"wp:attachment":[{"href":"https:\/\/ilmoliulampar.is\/en_gb\/wp-json\/wp\/v2\/media?parent=52759"}],"wp:term":[{"taxonomy":"product_brand","embeddable":true,"href":"https:\/\/ilmoliulampar.is\/en_gb\/wp-json\/wp\/v2\/product_brand?post=52759"},{"taxonomy":"product_cat","embeddable":true,"href":"https:\/\/ilmoliulampar.is\/en_gb\/wp-json\/wp\/v2\/product_cat?post=52759"},{"taxonomy":"product_tag","embeddable":true,"href":"https:\/\/ilmoliulampar.is\/en_gb\/wp-json\/wp\/v2\/product_tag?post=52759"}],"curies":[{"name":"wp","href":"https:\/\/api.w.org\/{rel}","templated":true}]}}