{"id":52760,"date":"2021-04-21T16:06:12","date_gmt":"2021-04-21T16:06:12","guid":{"rendered":"https:\/\/new.ilmoliulampar.is\/product\/dior-sauvage\/"},"modified":"2026-02-10T12:23:10","modified_gmt":"2026-02-10T12:23:10","slug":"dior-sauvage","status":"publish","type":"product","link":"https:\/\/ilmoliulampar.is\/en_gb\/product\/dior-sauvage\/","title":{"rendered":"SAUVAGE &#8211; DIOR"},"content":{"rendered":"","protected":false},"excerpt":{"rendered":"<p>Dior Sauvage herra, ilmol\u00eda<\/p>\n<p>Ilmurinn af vins\u00e6la Dior Sauvage herra raksp\u00edranum!<\/p>\n<p>(Ath \u00feetta er ilmol\u00eda, ekki raksp\u00fdrinn sj\u00e1lfur, myndin er til a\u00f0 s\u00fdna hva\u00f0a ilmur er af ol\u00edunni)<\/p>","protected":false},"featured_media":42533,"comment_status":"closed","ping_status":"closed","template":"","meta":[],"product_brand":[],"product_cat":[195,108],"product_tag":[],"class_list":{"0":"post-52760","1":"product","2":"type-product","3":"status-publish","4":"has-post-thumbnail","6":"product_cat-ilmoliur-oliur","7":"product_cat-oliur","9":"first","10":"outofstock","11":"shipping-taxable","12":"purchasable","13":"product-type-simple"},"_links":{"self":[{"href":"https:\/\/ilmoliulampar.is\/en_gb\/wp-json\/wp\/v2\/product\/52760","targetHints":{"allow":["GET"]}}],"collection":[{"href":"https:\/\/ilmoliulampar.is\/en_gb\/wp-json\/wp\/v2\/product"}],"about":[{"href":"https:\/\/ilmoliulampar.is\/en_gb\/wp-json\/wp\/v2\/types\/product"}],"replies":[{"embeddable":true,"href":"https:\/\/ilmoliulampar.is\/en_gb\/wp-json\/wp\/v2\/comments?post=52760"}],"wp:featuredmedia":[{"embeddable":true,"href":"https:\/\/ilmoliulampar.is\/en_gb\/wp-json\/wp\/v2\/media\/42533"}],"wp:attachment":[{"href":"https:\/\/ilmoliulampar.is\/en_gb\/wp-json\/wp\/v2\/media?parent=52760"}],"wp:term":[{"taxonomy":"product_brand","embeddable":true,"href":"https:\/\/ilmoliulampar.is\/en_gb\/wp-json\/wp\/v2\/product_brand?post=52760"},{"taxonomy":"product_cat","embeddable":true,"href":"https:\/\/ilmoliulampar.is\/en_gb\/wp-json\/wp\/v2\/product_cat?post=52760"},{"taxonomy":"product_tag","embeddable":true,"href":"https:\/\/ilmoliulampar.is\/en_gb\/wp-json\/wp\/v2\/product_tag?post=52760"}],"curies":[{"name":"wp","href":"https:\/\/api.w.org\/{rel}","templated":true}]}}