{"id":52761,"date":"2021-04-28T16:28:47","date_gmt":"2021-04-28T16:28:47","guid":{"rendered":"https:\/\/new.ilmoliulampar.is\/product\/namaste\/"},"modified":"2026-03-11T14:02:54","modified_gmt":"2026-03-11T14:02:54","slug":"namaste","status":"publish","type":"product","link":"https:\/\/ilmoliulampar.is\/en_gb\/product\/namaste\/","title":{"rendered":"NAMASTE"},"content":{"rendered":"","protected":false},"excerpt":{"rendered":"<p>Namaste ilmol\u00eda<\/p>\n<p>Fersk\u00a0pera, bleikt greipaldin og safar\u00edk hindber \u00ed bland vi\u00f0\u00a0mj\u00fakar n\u00f3tur af Muguet bl\u00f3mum, r\u00f3saknoppum og vanillu-orkid\u00edu, \u00e1samt \u00fev\u00ed er Patchouli og kremu\u00f0um Tonka- baunum blanda\u00f0 vi\u00f0 til \u00feess a\u00f0 fullkomna \u00feennan d\u00e1samlega ilm. \u00a0\u00deessi jar\u00f0neska, afslappandi blanda\u00a0getur\u00a0hj\u00e1lpa\u00f0 til vi\u00f0 a\u00f0 skapa andr\u00famsloft sem stu\u00f0lar a\u00f0 r\u00f3legri sl\u00f6kun og innri r\u00f3.<\/p>\n<p>Namaste er l\u00e9tt, s\u00e6t, fersk og hreinleg, \u00feessi \u00e1 eftir a\u00f0 koma \u00fe\u00e9r skemmtilega \u00e1 \u00f3vart, \u00fea\u00f0 er alveg \u00e1 hreinu!<\/p>\n<p>&nbsp;<\/p>","protected":false},"featured_media":42536,"comment_status":"closed","ping_status":"closed","template":"","meta":[],"product_brand":[],"product_cat":[195,209,108],"product_tag":[],"class_list":{"0":"post-52761","1":"product","2":"type-product","3":"status-publish","4":"has-post-thumbnail","6":"product_cat-ilmoliur-oliur","7":"product_cat-nyjar-oliur-oliur","8":"product_cat-oliur","10":"first","11":"instock","12":"shipping-taxable","13":"purchasable","14":"product-type-simple"},"_links":{"self":[{"href":"https:\/\/ilmoliulampar.is\/en_gb\/wp-json\/wp\/v2\/product\/52761","targetHints":{"allow":["GET"]}}],"collection":[{"href":"https:\/\/ilmoliulampar.is\/en_gb\/wp-json\/wp\/v2\/product"}],"about":[{"href":"https:\/\/ilmoliulampar.is\/en_gb\/wp-json\/wp\/v2\/types\/product"}],"replies":[{"embeddable":true,"href":"https:\/\/ilmoliulampar.is\/en_gb\/wp-json\/wp\/v2\/comments?post=52761"}],"wp:featuredmedia":[{"embeddable":true,"href":"https:\/\/ilmoliulampar.is\/en_gb\/wp-json\/wp\/v2\/media\/42536"}],"wp:attachment":[{"href":"https:\/\/ilmoliulampar.is\/en_gb\/wp-json\/wp\/v2\/media?parent=52761"}],"wp:term":[{"taxonomy":"product_brand","embeddable":true,"href":"https:\/\/ilmoliulampar.is\/en_gb\/wp-json\/wp\/v2\/product_brand?post=52761"},{"taxonomy":"product_cat","embeddable":true,"href":"https:\/\/ilmoliulampar.is\/en_gb\/wp-json\/wp\/v2\/product_cat?post=52761"},{"taxonomy":"product_tag","embeddable":true,"href":"https:\/\/ilmoliulampar.is\/en_gb\/wp-json\/wp\/v2\/product_tag?post=52761"}],"curies":[{"name":"wp","href":"https:\/\/api.w.org\/{rel}","templated":true}]}}