{"id":52762,"date":"2021-04-28T18:01:24","date_gmt":"2021-04-28T18:01:24","guid":{"rendered":"https:\/\/new.ilmoliulampar.is\/product\/downy-lavender-vanilla\/"},"modified":"2025-11-08T13:32:38","modified_gmt":"2025-11-08T13:32:38","slug":"downy-lavender-vanilla","status":"publish","type":"product","link":"https:\/\/ilmoliulampar.is\/en_gb\/product\/downy-lavender-vanilla\/","title":{"rendered":"LAVENDER VANILLA &#8211; DOWNY"},"content":{"rendered":"","protected":false},"excerpt":{"rendered":"<p>Downy Lavender Vanilla<\/p>\n<p>Klass\u00edsk Lavender \u00ed bland vi\u00f0 krema\u00f0a vanillu, \u00e1samt dass af r\u00f3sum, \u00f6rlitlu \u00a0Musk og Sandalwood. \u00deessi d\u00e1samlegi ilmur er s\u00e1 sami og er af vins\u00e6la Downy Calm m\u00fdkingarefninu.<\/p>\n<p>&nbsp;<\/p>\n<p><em>(ATH. um er a\u00f0 r\u00e6\u00f0a ilmol\u00edu, myndin er notu\u00f0 til \u00feess a\u00f0 l\u00fdsa ilminum sem vi\u00f0 er \u00e1tt)<\/em><\/p>","protected":false},"featured_media":42529,"comment_status":"closed","ping_status":"closed","template":"","meta":[],"product_brand":[],"product_cat":[195,108],"product_tag":[],"class_list":{"0":"post-52762","1":"product","2":"type-product","3":"status-publish","4":"has-post-thumbnail","6":"product_cat-ilmoliur-oliur","7":"product_cat-oliur","9":"first","10":"instock","11":"shipping-taxable","12":"purchasable","13":"product-type-simple"},"_links":{"self":[{"href":"https:\/\/ilmoliulampar.is\/en_gb\/wp-json\/wp\/v2\/product\/52762","targetHints":{"allow":["GET"]}}],"collection":[{"href":"https:\/\/ilmoliulampar.is\/en_gb\/wp-json\/wp\/v2\/product"}],"about":[{"href":"https:\/\/ilmoliulampar.is\/en_gb\/wp-json\/wp\/v2\/types\/product"}],"replies":[{"embeddable":true,"href":"https:\/\/ilmoliulampar.is\/en_gb\/wp-json\/wp\/v2\/comments?post=52762"}],"wp:featuredmedia":[{"embeddable":true,"href":"https:\/\/ilmoliulampar.is\/en_gb\/wp-json\/wp\/v2\/media\/42529"}],"wp:attachment":[{"href":"https:\/\/ilmoliulampar.is\/en_gb\/wp-json\/wp\/v2\/media?parent=52762"}],"wp:term":[{"taxonomy":"product_brand","embeddable":true,"href":"https:\/\/ilmoliulampar.is\/en_gb\/wp-json\/wp\/v2\/product_brand?post=52762"},{"taxonomy":"product_cat","embeddable":true,"href":"https:\/\/ilmoliulampar.is\/en_gb\/wp-json\/wp\/v2\/product_cat?post=52762"},{"taxonomy":"product_tag","embeddable":true,"href":"https:\/\/ilmoliulampar.is\/en_gb\/wp-json\/wp\/v2\/product_tag?post=52762"}],"curies":[{"name":"wp","href":"https:\/\/api.w.org\/{rel}","templated":true}]}}