{"id":52763,"date":"2021-04-30T12:01:42","date_gmt":"2021-04-30T12:01:42","guid":{"rendered":"https:\/\/new.ilmoliulampar.is\/product\/bibbidy-bobbidy-boo\/"},"modified":"2025-11-08T13:56:50","modified_gmt":"2025-11-08T13:56:50","slug":"bibbidy-bobbidy-boo","status":"publish","type":"product","link":"https:\/\/ilmoliulampar.is\/en_gb\/product\/bibbidy-bobbidy-boo\/","title":{"rendered":"BIBBIDY BOBBIDY BOO"},"content":{"rendered":"","protected":false},"excerpt":{"rendered":"<p>Vi\u00f0 elskum \u00feessa! \u00cd alv\u00f6ru h\u00fan er \u00e6\u00f0isleg, h\u00fan er eins og sj\u00e1lf \u00e1lfad\u00edsin hafi komi\u00f0 flj\u00fagandi me\u00f0 t\u00f6frasprotann sinn og kasta\u00f0 l\u00e9ttum t\u00f6frum yfir \u00d6skubusku og l\u00e1ti\u00f0 allar hennar \u00f3skir r\u00e6tast! \u00deessi t\u00f6frandi ilmur er svo \u00e6\u00f0islegur a\u00f0 \u00fe\u00fa munt vilja syngja Biddidy Bobbidy Boo lagi\u00f0! Um er a\u00f0 r\u00e6\u00f0a \u00a0Candy Flos ilm eins og \u00fe\u00fa hefur aldrei fundi\u00f0 \u00e1\u00f0ur, \u00a0extra sterkur og me\u00f0 \u00feessum t\u00f6frandi t\u00f3num sem f\u00e1 \u00feig til a\u00f0 vilja meira og meira, s\u00e6t jar\u00f0aber, hindber og ananas \u00ed bland vi\u00f0 sykra\u00f0a vanillu og \u00f6rl\u00edti\u00f0 af Musk, algj\u00f6rlega tryllt! \ud83d\ude42<\/p>","protected":false},"featured_media":42541,"comment_status":"closed","ping_status":"closed","template":"","meta":[],"product_brand":[],"product_cat":[195,108],"product_tag":[],"class_list":{"0":"post-52763","1":"product","2":"type-product","3":"status-publish","4":"has-post-thumbnail","6":"product_cat-ilmoliur-oliur","7":"product_cat-oliur","9":"first","10":"outofstock","11":"shipping-taxable","12":"purchasable","13":"product-type-simple"},"_links":{"self":[{"href":"https:\/\/ilmoliulampar.is\/en_gb\/wp-json\/wp\/v2\/product\/52763","targetHints":{"allow":["GET"]}}],"collection":[{"href":"https:\/\/ilmoliulampar.is\/en_gb\/wp-json\/wp\/v2\/product"}],"about":[{"href":"https:\/\/ilmoliulampar.is\/en_gb\/wp-json\/wp\/v2\/types\/product"}],"replies":[{"embeddable":true,"href":"https:\/\/ilmoliulampar.is\/en_gb\/wp-json\/wp\/v2\/comments?post=52763"}],"wp:featuredmedia":[{"embeddable":true,"href":"https:\/\/ilmoliulampar.is\/en_gb\/wp-json\/wp\/v2\/media\/42541"}],"wp:attachment":[{"href":"https:\/\/ilmoliulampar.is\/en_gb\/wp-json\/wp\/v2\/media?parent=52763"}],"wp:term":[{"taxonomy":"product_brand","embeddable":true,"href":"https:\/\/ilmoliulampar.is\/en_gb\/wp-json\/wp\/v2\/product_brand?post=52763"},{"taxonomy":"product_cat","embeddable":true,"href":"https:\/\/ilmoliulampar.is\/en_gb\/wp-json\/wp\/v2\/product_cat?post=52763"},{"taxonomy":"product_tag","embeddable":true,"href":"https:\/\/ilmoliulampar.is\/en_gb\/wp-json\/wp\/v2\/product_tag?post=52763"}],"curies":[{"name":"wp","href":"https:\/\/api.w.org\/{rel}","templated":true}]}}