{"id":52768,"date":"2021-05-14T16:19:23","date_gmt":"2021-05-14T16:19:23","guid":{"rendered":"https:\/\/new.ilmoliulampar.is\/product\/em-sculpting-medferd\/"},"modified":"2026-01-05T12:18:46","modified_gmt":"2026-01-05T12:18:46","slug":"em-sculpting-medferd","status":"publish","type":"product","link":"https:\/\/ilmoliulampar.is\/en_gb\/product\/em-sculpting-medferd\/","title":{"rendered":"EM Sculpting me\u00f0fer\u00f0"},"content":{"rendered":"","protected":false},"excerpt":{"rendered":"<p><strong>Hva\u00f0 er EM Sculpting?<\/strong><\/p>\n<p>i-EMT(High-Intensity Electromagnet Muscle Trainer)<br \/>\nEr n\u00fdleg t\u00e6kni sem er notu\u00f0 \u00ed (aesthetic medicine) fegrunar-l\u00e6kningum. T\u00e6ki\u00f0 beinir rafsegulbylgjum \u00e1 \u00feann v\u00f6\u00f0va sem \u00e1 a\u00f0 vinna skal me\u00f0, bylgjurnar fara inn \u00ed l\u00edkamann og hafa \u00e1hrif \u00e1 (motor neurons) frumurnar sem stj\u00f3rna hreyfingu og gerir \u00fea\u00f0 a\u00f0 verkum a\u00f0 v\u00f6\u00f0varnir draga sig saman og sleppa, eins og vi\u00f0 gerum \u00e1 \u00e6fingum. \u00deessi t\u00e6kni er me\u00f0 sem minnsta inngripi og er notu\u00f0 til a\u00f0 styrkja og endurforrita v\u00f6\u00f0vana me\u00f0 rafsegulbylgjum.<\/p>\n<p><strong>Sv\u00e6\u00f0i sem EM Sculpting vinnur \u00e1:\u00a0<\/strong><em>(\u00fe\u00fa velur hva\u00f0a sv\u00e6\u00f0i \u00fe\u00fa vilt)<\/em><\/p>\n<ul>\n<li>Magasv\u00e6\u00f0i, efra og ne\u00f0ra.<\/li>\n<li>L\u00e6ri, innanver\u00f0, utanver\u00f0 sem og aftan \u00e1 l\u00e6rum og framan \u00e1 l\u00e6rum.<\/li>\n<li>Rass, hefur reynst f\u00f3lki me\u00f0 bakverki MJ\u00d6G vel.<\/li>\n<li>Hendur, upphandleggi.<\/li>\n<li>K\u00e1lfar<\/li>\n<\/ul>\n<p>Vi\u00f0 m\u00e6lum me\u00f0 a\u00f0 ef taka skal heila me\u00f0fer\u00f0 a\u00f0 nota hana \u00fe\u00e1 \u00e1 <em>eitt<\/em> sv\u00e6\u00f0i, til a\u00f0 f\u00e1 sem mestan \u00e1rangur \u00fat \u00far me\u00f0fer\u00f0inni.<\/p>\n<p>&nbsp;<\/p>\n<p><strong><em>Heil me\u00f0fer\u00f0<\/em><\/strong> \u00ed EM Sculpting er 8 skipti, ver\u00f0: 89.900<\/p>\n<p><strong><em>1 stakur<\/em> <\/strong>t\u00edmi, ver\u00f0: 12.900 kr ATH: hann getur gengi\u00f0 upp \u00ed ver\u00f0i\u00f0 \u00e1 heilli me\u00f0fer\u00f0 (\u00dearf a\u00f0 vera innan viku eftir staka t\u00edmann)<\/p>\n<p><em>EM SCULPT styrkir v\u00f6\u00f0va, hj\u00e1lpar til vi\u00f0 verkjum, einna helst bakverkjum,vinnur \u00e1 slappri h\u00fa\u00f0 &amp; appels\u00ednu h\u00fa\u00f0!\u00a0<\/em><\/p>\n<p><strong>\u00c1vinningur af me\u00f0fer\u00f0ini:<\/strong><br \/>\n\u2022 <em>Byggir upp v\u00f6\u00f0vana og brennir fitu \u00e1 sama t\u00edma!\u00a0<\/em><br \/>\n\u2022 <em>Rassalyfting \u00e1n inngrips a\u00f0ger\u00f0a.<\/em><br \/>\n\u2022 <em>Virkar fyrir alla, engin sv\u00e6fing og engin a\u00f0ger\u00f0.<\/em><br \/>\n\u2022 <em>Tekur a\u00f0eins 30 m\u00edn\u00fatur hvert skipti.<\/em><br \/>\n\u2022 <em>U.\u00fe.b 6 skipti me\u00f0 2 til 3 daga millibili, og 2 skipti aftur eftir sirka 2 vikur.<\/em><br \/>\n<em>\u2022 Tekur \u00e1 eins og \u201ehardcore\u201c \u00e6fing e\u00f0a miklu frekar \u00e6fingar.<\/em><br \/>\n<em>\u2022 \u00d6ruggt og getur strax fari\u00f0 \u00fat \u00ed daginn eftir t\u00edmann.<\/em><br \/>\n<em>\u2022 <strong>Strax<\/strong> \u00e1rangur &#8211; \u00a0en s\u00e9st best eftir 2 til 4 vikur. <\/em><br \/>\n<em>\u2022 U.\u00fe.b 16% aukning \u00e1 v\u00f6\u00f0vum. (Me\u00f0altal yfir \u00fe\u00e1 sem t\u00f3ku \u00fe\u00e1tt \u00ed ranns\u00f3kn sem var ger\u00f0)<\/em><br \/>\n<em>\u2022 U.\u00fe.b. 19% tap \u00e1 fitu\u00a0(Me\u00f0altal yfir \u00fe\u00e1 sem t\u00f3ku \u00fe\u00e1tt \u00ed ranns\u00f3kn sem var ger\u00f0)<\/em><\/p>\n<p><strong><em>Eftir me\u00f0fer\u00f0ina sem er u.\u00fe.b 6 skipti me\u00f0 2-3 daga millibili og svo aftur 2 skipti 6 til 8 vikum seinna er allt a\u00f0 16% auknin \u00e1 v\u00f6\u00f0vum og 19% tap \u00e1 fitu.<\/em><\/strong><\/p>\n<p>&nbsp;<\/p>\n<p><em>Frekari uppl\u00fdsingar<\/em> og t\u00edmab\u00f3kanir \u00ed s\u00edma <strong>588-6777<\/strong>, e\u00f0a \u00e1 netfangi\u00f0<strong>\u00a0zolo@zolo.is<\/strong><\/p>\n<p>&nbsp;<\/p>\n<p>&nbsp;<\/p>\n<p>ATHUGI\u00d0! Ef ekki er m\u00e6tt \u00ed b\u00f3ka\u00f0an t\u00edma (\u00e1n \u00feess a\u00f0 l\u00e1ta vita) telst \u00fea\u00f0 sem 1x nota\u00f0 skipti af 8 t\u00edma me\u00f0fer\u00f0ar-korti!\u00a0 Ef \u00fe\u00fa m\u00e6tir 15 m\u00edn of seint \u00ed b\u00f3ka\u00f0an t\u00edma, tapar \u00fe\u00fa \u00fev\u00ed mi\u00f0ur t\u00edmanum!<\/p>\n<p>Allir t\u00edmar eru vandlega b\u00f3ka\u00f0ir eftir \u00fev\u00ed sem er laust \u00feann dag,\u00a0 \u00fear sem stofan okkar er einnig notu\u00f0 fyrir a\u00f0ra starfssemi og \u00fev\u00ed MIKILV\u00c6GT a\u00f0 l\u00e1ta vita ef breyta \u00fearf t\u00edmanum e\u00f0a afb\u00f3ka t\u00edmanlega svo h\u00e6gt a\u00f0 s\u00e9 a\u00f0 n\u00fdta t\u00edmann fyrir a\u00f0ra! \u2661<\/p>\n<p>Vir\u00f0ingarfyllst og me\u00f0 fyrirfram \u00fe\u00f6kkum<\/p>\n<p>Starfsf\u00f3lk Zolo &amp; Co \u2661\u2661\u2661<\/p>\n<p>&nbsp;<\/p>\n<p>&nbsp;<\/p>\n<p>&nbsp;<\/p>\n<p><img decoding=\"async\" class=\"alignnone size-medium wp-image-15427\" src=\"https:\/\/ilmoliulampar.is\/\/wp-content\/uploads\/2021\/05\/screen-shot-2021-05-14-at-16.09.31-300x96.png\" alt=\"\" width=\"300\" height=\"96\" \/><\/p>\n<p><img decoding=\"async\" class=\"alignnone size-medium wp-image-15428\" src=\"https:\/\/ilmoliulampar.is\/\/wp-content\/uploads\/2021\/05\/emsculpt-example-300x150.jpg\" alt=\"\" width=\"300\" height=\"150\" \/><\/p>\n<p><img fetchpriority=\"high\" decoding=\"async\" class=\"alignnone size-medium wp-image-15429\" src=\"https:\/\/ilmoliulampar.is\/\/wp-content\/uploads\/2021\/05\/ba-abs-and-chest-emusculpt_12.05.2018-min-300x203.jpg\" alt=\"\" width=\"300\" height=\"203\" \/><\/p>\n<p><img loading=\"lazy\" decoding=\"async\" class=\"alignnone size-medium wp-image-15430\" src=\"https:\/\/ilmoliulampar.is\/\/wp-content\/uploads\/2021\/05\/emsculpt-300x300.jpg\" alt=\"\" width=\"300\" height=\"300\" \/><\/p>\n<p><img loading=\"lazy\" decoding=\"async\" class=\"alignnone size-medium wp-image-15434\" src=\"https:\/\/ilmoliulampar.is\/\/wp-content\/uploads\/2021\/05\/screen-shot-2021-05-14-at-17.40.25-300x96.png\" alt=\"\" width=\"300\" height=\"96\" \/><\/p>\n<p><img loading=\"lazy\" decoding=\"async\" class=\"alignnone size-medium wp-image-15435\" src=\"https:\/\/ilmoliulampar.is\/\/wp-content\/uploads\/2021\/05\/screen-shot-2021-05-14-at-17.36.58-300x111.png\" alt=\"\" width=\"300\" height=\"111\" \/><\/p>\n<p><img loading=\"lazy\" decoding=\"async\" class=\"alignnone size-medium wp-image-15436\" src=\"https:\/\/ilmoliulampar.is\/\/wp-content\/uploads\/2021\/05\/screen-shot-2021-05-14-at-17.33.46-300x235.png\" alt=\"\" width=\"300\" height=\"235\" \/><\/p>\n<p><em>H\u00e9r fyrir ne\u00f0an er tengill \u00e1 myndband um \u00fea\u00f0 hvernig EM Sculpt virkar:\u00a0<\/em><\/p>\n<p>ATH: Ver\u00f0skr\u00e1 er birt me\u00f0 fyrirvara um breytingar.<\/p>\n<p>&nbsp;<\/p>","protected":false},"featured_media":42556,"comment_status":"closed","ping_status":"closed","template":"","meta":[],"product_brand":[],"product_cat":[213],"product_tag":[],"class_list":{"0":"post-52768","1":"product","2":"type-product","3":"status-publish","4":"has-post-thumbnail","6":"product_cat-em-sculpting-2","8":"first","9":"instock","10":"shipping-taxable","11":"purchasable","12":"product-type-variable"},"_links":{"self":[{"href":"https:\/\/ilmoliulampar.is\/en_gb\/wp-json\/wp\/v2\/product\/52768","targetHints":{"allow":["GET"]}}],"collection":[{"href":"https:\/\/ilmoliulampar.is\/en_gb\/wp-json\/wp\/v2\/product"}],"about":[{"href":"https:\/\/ilmoliulampar.is\/en_gb\/wp-json\/wp\/v2\/types\/product"}],"replies":[{"embeddable":true,"href":"https:\/\/ilmoliulampar.is\/en_gb\/wp-json\/wp\/v2\/comments?post=52768"}],"wp:featuredmedia":[{"embeddable":true,"href":"https:\/\/ilmoliulampar.is\/en_gb\/wp-json\/wp\/v2\/media\/42556"}],"wp:attachment":[{"href":"https:\/\/ilmoliulampar.is\/en_gb\/wp-json\/wp\/v2\/media?parent=52768"}],"wp:term":[{"taxonomy":"product_brand","embeddable":true,"href":"https:\/\/ilmoliulampar.is\/en_gb\/wp-json\/wp\/v2\/product_brand?post=52768"},{"taxonomy":"product_cat","embeddable":true,"href":"https:\/\/ilmoliulampar.is\/en_gb\/wp-json\/wp\/v2\/product_cat?post=52768"},{"taxonomy":"product_tag","embeddable":true,"href":"https:\/\/ilmoliulampar.is\/en_gb\/wp-json\/wp\/v2\/product_tag?post=52768"}],"curies":[{"name":"wp","href":"https:\/\/api.w.org\/{rel}","templated":true}]}}