{"id":52773,"date":"2021-05-18T17:47:12","date_gmt":"2021-05-18T17:47:12","guid":{"rendered":"https:\/\/new.ilmoliulampar.is\/product\/bahne-svart-granit-skurdarbretti-hringlott\/"},"modified":"2025-11-17T14:49:51","modified_gmt":"2025-11-17T14:49:51","slug":"bahne-svart-granit-skurdarbretti-hringlott","status":"publish","type":"product","link":"https:\/\/ilmoliulampar.is\/en_gb\/product\/bahne-svart-granit-skurdarbretti-hringlott\/","title":{"rendered":"Bahne &#8211; Svart gran\u00edt skur\u00f0arbretti, 2 ger\u00f0ir"},"content":{"rendered":"","protected":false},"excerpt":{"rendered":"<p>\u00c6\u00f0isleg gegnheil gran\u00edt skur\u00f0arbretti.<\/p>\n<p>Svartur steinn, mj\u00f6g falleg lita-samsetning.<\/p>\n<p>Hringl\u00f3tt &#8211; St\u00e6r\u00f0 29 cm<\/p>\n<p>Ferkanta\u00f0 &#8211; St\u00e6r\u00f0 40 x 30 x 1,5 cm.<\/p>\n<p>&nbsp;<\/p>\n<p><img decoding=\"async\" class=\"alignnone size-full wp-image-15458\" src=\"https:\/\/ilmoliulampar.is\/\/wp-content\/uploads\/2021\/05\/4969458_a.jpg\" alt=\"\" width=\"216\" height=\"216\" \/><\/p>","protected":false},"featured_media":42589,"comment_status":"closed","ping_status":"open","template":"","meta":[],"product_brand":[],"product_cat":[112,132],"product_tag":[],"class_list":{"0":"post-52773","1":"product","2":"type-product","3":"status-publish","4":"has-post-thumbnail","6":"product_cat-adrar-vorur","7":"product_cat-heimilid-2","9":"first","10":"instock","11":"shipping-taxable","12":"purchasable","13":"product-type-variable"},"_links":{"self":[{"href":"https:\/\/ilmoliulampar.is\/en_gb\/wp-json\/wp\/v2\/product\/52773","targetHints":{"allow":["GET"]}}],"collection":[{"href":"https:\/\/ilmoliulampar.is\/en_gb\/wp-json\/wp\/v2\/product"}],"about":[{"href":"https:\/\/ilmoliulampar.is\/en_gb\/wp-json\/wp\/v2\/types\/product"}],"replies":[{"embeddable":true,"href":"https:\/\/ilmoliulampar.is\/en_gb\/wp-json\/wp\/v2\/comments?post=52773"}],"wp:featuredmedia":[{"embeddable":true,"href":"https:\/\/ilmoliulampar.is\/en_gb\/wp-json\/wp\/v2\/media\/42589"}],"wp:attachment":[{"href":"https:\/\/ilmoliulampar.is\/en_gb\/wp-json\/wp\/v2\/media?parent=52773"}],"wp:term":[{"taxonomy":"product_brand","embeddable":true,"href":"https:\/\/ilmoliulampar.is\/en_gb\/wp-json\/wp\/v2\/product_brand?post=52773"},{"taxonomy":"product_cat","embeddable":true,"href":"https:\/\/ilmoliulampar.is\/en_gb\/wp-json\/wp\/v2\/product_cat?post=52773"},{"taxonomy":"product_tag","embeddable":true,"href":"https:\/\/ilmoliulampar.is\/en_gb\/wp-json\/wp\/v2\/product_tag?post=52773"}],"curies":[{"name":"wp","href":"https:\/\/api.w.org\/{rel}","templated":true}]}}