{"id":52789,"date":"2021-05-21T13:31:48","date_gmt":"2021-05-21T13:31:48","guid":{"rendered":"https:\/\/new.ilmoliulampar.is\/product\/snagi-hook-glass-rust\/"},"modified":"2023-05-03T15:20:24","modified_gmt":"2023-05-03T15:20:24","slug":"snagi-hook-glass-rust","status":"publish","type":"product","link":"https:\/\/ilmoliulampar.is\/en_gb\/product\/snagi-hook-glass-rust\/","title":{"rendered":"Snagi, Hook Glass, Rust"},"content":{"rendered":"","protected":false},"excerpt":{"rendered":"<p>Glass Hook snagi fr\u00e1 Cozy Living DK, mj\u00f6g fallegt a\u00f0 blanda saman nokkrum ger\u00f0um, st\u00e6r\u00f0um &amp; litum.<\/p>\n<ul>\n<li>Round l\u00edtill : 5 x 3 cm<\/li>\n<\/ul>\n<p>&nbsp;<\/p>","protected":false},"featured_media":42637,"comment_status":"closed","ping_status":"closed","template":"","meta":[],"product_brand":[],"product_cat":[214],"product_tag":[],"class_list":{"0":"post-52789","1":"product","2":"type-product","3":"status-publish","4":"has-post-thumbnail","6":"product_cat-snagar-2","8":"first","9":"outofstock","10":"shipping-taxable","11":"purchasable","12":"product-type-simple"},"_links":{"self":[{"href":"https:\/\/ilmoliulampar.is\/en_gb\/wp-json\/wp\/v2\/product\/52789","targetHints":{"allow":["GET"]}}],"collection":[{"href":"https:\/\/ilmoliulampar.is\/en_gb\/wp-json\/wp\/v2\/product"}],"about":[{"href":"https:\/\/ilmoliulampar.is\/en_gb\/wp-json\/wp\/v2\/types\/product"}],"replies":[{"embeddable":true,"href":"https:\/\/ilmoliulampar.is\/en_gb\/wp-json\/wp\/v2\/comments?post=52789"}],"wp:featuredmedia":[{"embeddable":true,"href":"https:\/\/ilmoliulampar.is\/en_gb\/wp-json\/wp\/v2\/media\/42637"}],"wp:attachment":[{"href":"https:\/\/ilmoliulampar.is\/en_gb\/wp-json\/wp\/v2\/media?parent=52789"}],"wp:term":[{"taxonomy":"product_brand","embeddable":true,"href":"https:\/\/ilmoliulampar.is\/en_gb\/wp-json\/wp\/v2\/product_brand?post=52789"},{"taxonomy":"product_cat","embeddable":true,"href":"https:\/\/ilmoliulampar.is\/en_gb\/wp-json\/wp\/v2\/product_cat?post=52789"},{"taxonomy":"product_tag","embeddable":true,"href":"https:\/\/ilmoliulampar.is\/en_gb\/wp-json\/wp\/v2\/product_tag?post=52789"}],"curies":[{"name":"wp","href":"https:\/\/api.w.org\/{rel}","templated":true}]}}