{"id":52802,"date":"2021-05-21T15:04:39","date_gmt":"2021-05-21T15:04:39","guid":{"rendered":"https:\/\/new.ilmoliulampar.is\/product\/snagi-hook-velvet-mud-3-staerdir\/"},"modified":"2025-12-11T13:53:19","modified_gmt":"2025-12-11T13:53:19","slug":"snagi-hook-velvet-mud-3-staerdir","status":"publish","type":"product","link":"https:\/\/ilmoliulampar.is\/en_gb\/product\/snagi-hook-velvet-mud-3-staerdir\/","title":{"rendered":"Snagi, Hook Velvet, Mud, 3 st\u00e6r\u00f0ir &#8211; 50% AFSL\u00c1TTUR"},"content":{"rendered":"","protected":false},"excerpt":{"rendered":"<p>Velvet Hook snagi fr\u00e1 Cozy Living DK, mj\u00f6g fallegt a\u00f0 blanda saman nokkrum ger\u00f0um, st\u00e6r\u00f0um &amp; litum.<\/p>\n<p>Litur:<em> Mud<\/em><\/p>\n<ul>\n<li>L\u00edtill \u2013 \u00a0<em>st\u00e6r\u00f0: 6 x 5.5 cm\u00a0<\/em><\/li>\n<li>Mi\u00f0st\u00e6r\u00f0 \u2013 <em>st\u00e6r\u00f0 8 x 6.5 cm<\/em><\/li>\n<li>St\u00f3r \u2013\u00a0<em>st\u00e6r\u00f0 10 x 8.5 cm<\/em><\/li>\n<\/ul>","protected":false},"featured_media":42660,"comment_status":"closed","ping_status":"closed","template":"","meta":[],"product_brand":[],"product_cat":[214,121],"product_tag":[],"class_list":{"0":"post-52802","1":"product","2":"type-product","3":"status-publish","4":"has-post-thumbnail","6":"product_cat-snagar-2","7":"product_cat-tilbod-adrar-vorur","9":"first","10":"outofstock","11":"sale","12":"shipping-taxable","13":"purchasable","14":"product-type-variable"},"_links":{"self":[{"href":"https:\/\/ilmoliulampar.is\/en_gb\/wp-json\/wp\/v2\/product\/52802","targetHints":{"allow":["GET"]}}],"collection":[{"href":"https:\/\/ilmoliulampar.is\/en_gb\/wp-json\/wp\/v2\/product"}],"about":[{"href":"https:\/\/ilmoliulampar.is\/en_gb\/wp-json\/wp\/v2\/types\/product"}],"replies":[{"embeddable":true,"href":"https:\/\/ilmoliulampar.is\/en_gb\/wp-json\/wp\/v2\/comments?post=52802"}],"wp:featuredmedia":[{"embeddable":true,"href":"https:\/\/ilmoliulampar.is\/en_gb\/wp-json\/wp\/v2\/media\/42660"}],"wp:attachment":[{"href":"https:\/\/ilmoliulampar.is\/en_gb\/wp-json\/wp\/v2\/media?parent=52802"}],"wp:term":[{"taxonomy":"product_brand","embeddable":true,"href":"https:\/\/ilmoliulampar.is\/en_gb\/wp-json\/wp\/v2\/product_brand?post=52802"},{"taxonomy":"product_cat","embeddable":true,"href":"https:\/\/ilmoliulampar.is\/en_gb\/wp-json\/wp\/v2\/product_cat?post=52802"},{"taxonomy":"product_tag","embeddable":true,"href":"https:\/\/ilmoliulampar.is\/en_gb\/wp-json\/wp\/v2\/product_tag?post=52802"}],"curies":[{"name":"wp","href":"https:\/\/api.w.org\/{rel}","templated":true}]}}