{"id":52806,"date":"2021-05-22T11:07:28","date_gmt":"2021-05-22T11:07:28","guid":{"rendered":"https:\/\/new.ilmoliulampar.is\/product\/marmara-bakki-grar-bahne\/"},"modified":"2023-03-24T00:16:37","modified_gmt":"2023-03-24T00:16:37","slug":"marmara-bakki-grar-bahne","status":"publish","type":"product","link":"https:\/\/ilmoliulampar.is\/en_gb\/product\/marmara-bakki-grar-bahne\/","title":{"rendered":"Marmara bakki, gr\u00e1r, Bahne"},"content":{"rendered":"","protected":false},"excerpt":{"rendered":"<p>Gl\u00e6silegur marmara-bakki fr\u00e1 Bahne DK, miklir fagurkerar me\u00f0 fallegan skandinav\u00edskan st\u00edl sem hefur vaki\u00f0 heims athygli!<\/p>\n<p>Bakkinn er s\u00e9rlega veglegur, \u00feykkur og flottur marmari me\u00f0 \u00e6\u00f0islegum gr\u00e1um litat\u00f3num.<\/p>\n<p>St\u00e6r\u00f0 35 x 18 cm<\/p>","protected":false},"featured_media":42666,"comment_status":"closed","ping_status":"open","template":"","meta":[],"product_brand":[],"product_cat":[112,132],"product_tag":[],"class_list":{"0":"post-52806","1":"product","2":"type-product","3":"status-publish","4":"has-post-thumbnail","6":"product_cat-adrar-vorur","7":"product_cat-heimilid-2","9":"first","10":"instock","11":"shipping-taxable","12":"purchasable","13":"product-type-simple"},"_links":{"self":[{"href":"https:\/\/ilmoliulampar.is\/en_gb\/wp-json\/wp\/v2\/product\/52806","targetHints":{"allow":["GET"]}}],"collection":[{"href":"https:\/\/ilmoliulampar.is\/en_gb\/wp-json\/wp\/v2\/product"}],"about":[{"href":"https:\/\/ilmoliulampar.is\/en_gb\/wp-json\/wp\/v2\/types\/product"}],"replies":[{"embeddable":true,"href":"https:\/\/ilmoliulampar.is\/en_gb\/wp-json\/wp\/v2\/comments?post=52806"}],"wp:featuredmedia":[{"embeddable":true,"href":"https:\/\/ilmoliulampar.is\/en_gb\/wp-json\/wp\/v2\/media\/42666"}],"wp:attachment":[{"href":"https:\/\/ilmoliulampar.is\/en_gb\/wp-json\/wp\/v2\/media?parent=52806"}],"wp:term":[{"taxonomy":"product_brand","embeddable":true,"href":"https:\/\/ilmoliulampar.is\/en_gb\/wp-json\/wp\/v2\/product_brand?post=52806"},{"taxonomy":"product_cat","embeddable":true,"href":"https:\/\/ilmoliulampar.is\/en_gb\/wp-json\/wp\/v2\/product_cat?post=52806"},{"taxonomy":"product_tag","embeddable":true,"href":"https:\/\/ilmoliulampar.is\/en_gb\/wp-json\/wp\/v2\/product_tag?post=52806"}],"curies":[{"name":"wp","href":"https:\/\/api.w.org\/{rel}","templated":true}]}}