{"id":52811,"date":"2021-05-27T13:01:44","date_gmt":"2021-05-27T13:01:44","guid":{"rendered":"https:\/\/new.ilmoliulampar.is\/product\/auka-pera-i-fronsku-ljosin-2-staerdir\/"},"modified":"2026-01-30T14:40:06","modified_gmt":"2026-01-30T14:40:06","slug":"auka-pera-i-fronsku-ljosin-2-staerdir","status":"publish","type":"product","link":"https:\/\/ilmoliulampar.is\/en_gb\/product\/auka-pera-i-fronsku-ljosin-2-staerdir\/","title":{"rendered":"Pera \u00ed fr\u00f6nsku lj\u00f3sin, 2 st\u00e6r\u00f0ir"},"content":{"rendered":"","protected":false},"excerpt":{"rendered":"<p>Auka lj\u00f3sa pera \u00ed fr\u00f6nsku lj\u00f3sin, b\u00e6\u00f0i fyrir Grace lj\u00f3si\u00f0 \u00a0og Roxanne lj\u00f3si\u00f0.<\/p>\n<p><em>2 st\u00e6r\u00f0ir og 2 litir, gull e\u00f0a silfur.<\/em><\/p>\n<ul>\n<li>L\u00edtil er fyrir minni ger\u00f0ina af Grace &amp; Roxanne<\/li>\n<li>St\u00f3r er fyrir st\u00e6rri ger\u00f0ina af Grace &amp; Roxanne<\/li>\n<\/ul>","protected":false},"featured_media":42677,"comment_status":"closed","ping_status":"closed","template":"","meta":[],"product_brand":[],"product_cat":[112,226,225],"product_tag":[],"class_list":{"0":"post-52811","1":"product","2":"type-product","3":"status-publish","4":"has-post-thumbnail","6":"product_cat-adrar-vorur","7":"product_cat-fronsku-ljosin-2","8":"product_cat-led-perur-adrar-vorur","10":"first","11":"instock","12":"shipping-taxable","13":"purchasable","14":"product-type-variable"},"_links":{"self":[{"href":"https:\/\/ilmoliulampar.is\/en_gb\/wp-json\/wp\/v2\/product\/52811","targetHints":{"allow":["GET"]}}],"collection":[{"href":"https:\/\/ilmoliulampar.is\/en_gb\/wp-json\/wp\/v2\/product"}],"about":[{"href":"https:\/\/ilmoliulampar.is\/en_gb\/wp-json\/wp\/v2\/types\/product"}],"replies":[{"embeddable":true,"href":"https:\/\/ilmoliulampar.is\/en_gb\/wp-json\/wp\/v2\/comments?post=52811"}],"wp:featuredmedia":[{"embeddable":true,"href":"https:\/\/ilmoliulampar.is\/en_gb\/wp-json\/wp\/v2\/media\/42677"}],"wp:attachment":[{"href":"https:\/\/ilmoliulampar.is\/en_gb\/wp-json\/wp\/v2\/media?parent=52811"}],"wp:term":[{"taxonomy":"product_brand","embeddable":true,"href":"https:\/\/ilmoliulampar.is\/en_gb\/wp-json\/wp\/v2\/product_brand?post=52811"},{"taxonomy":"product_cat","embeddable":true,"href":"https:\/\/ilmoliulampar.is\/en_gb\/wp-json\/wp\/v2\/product_cat?post=52811"},{"taxonomy":"product_tag","embeddable":true,"href":"https:\/\/ilmoliulampar.is\/en_gb\/wp-json\/wp\/v2\/product_tag?post=52811"}],"curies":[{"name":"wp","href":"https:\/\/api.w.org\/{rel}","templated":true}]}}