{"id":52826,"date":"2021-06-10T11:47:21","date_gmt":"2021-06-10T11:47:21","guid":{"rendered":"https:\/\/new.ilmoliulampar.is\/product\/gem-ilmoliulampi\/"},"modified":"2026-01-30T14:14:04","modified_gmt":"2026-01-30T14:14:04","slug":"gem-ilmoliulampi","status":"publish","type":"product","link":"https:\/\/ilmoliulampar.is\/en_gb\/product\/gem-ilmoliulampi\/","title":{"rendered":"GEM &#8211; ilmol\u00edulampi"},"content":{"rendered":"","protected":false},"excerpt":{"rendered":"<div class=\"product attribute overview\">GEM er hanna\u00f0ur me\u00f0 m\u00f3\u00f0ur n\u00e1tt\u00faru \u00ed huga og innbl\u00e1sturinn fenginn \u00fea\u00f0an s\u00f6mulei\u00f0is, minnir \u00f3neitanlega \u00e1 Quartz steininn \u00ed litnum Rose, sem er \u00feekktur sem steinn \u00e1starinnar um allan heim!<\/div>\n<div class=\"product attribute overview\">\u00deessi gullfallegi ilmol\u00edulampi er eins og bleikur gimsteinn, hver og einn me\u00f0 einstakt marmara munstur \u00ed ant\u00edk bleikum t\u00f3num.<\/div>\n<div class=\"product attribute overview\">Hl\u00fd &amp; falleg l\u00fdsing sem skapar r\u00f3andi og \u00fe\u00e6gilegt andr\u00famsloft. Meira a\u00f0 segja \u00e1n lj\u00f3ssins er GEM algj\u00f6rlega gu\u00f0d\u00f3mlegur &amp; elegant, eins og n\u00fd p\u00fassa\u00f0ur kristall!<\/div>\n<div class=\"product-add-form\">\n<form id=\"product_addtocart_form\" action=\"https:\/\/madebyzen.com\/checkout\/cart\/add\/uenc\/aHR0cHM6Ly9tYWRlYnl6ZW4uY29tL2dlbS1hcm9tYS1kaWZmdXNlci5odG1s\/product\/513\/\" method=\"post\" novalidate=\"novalidate\" data-product-sku=\"EWFA2001RQM\">\n<div><\/div>\n<div>GEM er me\u00f0 120 ml vatnstank, og er \u00fev\u00ed \u00ed gangi \u00ed 4 klst+, fer eftir stillingu.<\/div>\n<div>Efni &#8211; polyresin<\/div>\n<div><\/div>\n<\/form>\n<\/div>","protected":false},"featured_media":42698,"comment_status":"closed","ping_status":"closed","template":"","meta":[],"product_brand":[],"product_cat":[182,107],"product_tag":[],"class_list":{"0":"post-52826","1":"product","2":"type-product","3":"status-publish","4":"has-post-thumbnail","6":"product_cat-ilmoliulampar","7":"product_cat-lampar","9":"first","10":"instock","11":"shipping-taxable","12":"purchasable","13":"product-type-simple"},"_links":{"self":[{"href":"https:\/\/ilmoliulampar.is\/en_gb\/wp-json\/wp\/v2\/product\/52826","targetHints":{"allow":["GET"]}}],"collection":[{"href":"https:\/\/ilmoliulampar.is\/en_gb\/wp-json\/wp\/v2\/product"}],"about":[{"href":"https:\/\/ilmoliulampar.is\/en_gb\/wp-json\/wp\/v2\/types\/product"}],"replies":[{"embeddable":true,"href":"https:\/\/ilmoliulampar.is\/en_gb\/wp-json\/wp\/v2\/comments?post=52826"}],"wp:featuredmedia":[{"embeddable":true,"href":"https:\/\/ilmoliulampar.is\/en_gb\/wp-json\/wp\/v2\/media\/42698"}],"wp:attachment":[{"href":"https:\/\/ilmoliulampar.is\/en_gb\/wp-json\/wp\/v2\/media?parent=52826"}],"wp:term":[{"taxonomy":"product_brand","embeddable":true,"href":"https:\/\/ilmoliulampar.is\/en_gb\/wp-json\/wp\/v2\/product_brand?post=52826"},{"taxonomy":"product_cat","embeddable":true,"href":"https:\/\/ilmoliulampar.is\/en_gb\/wp-json\/wp\/v2\/product_cat?post=52826"},{"taxonomy":"product_tag","embeddable":true,"href":"https:\/\/ilmoliulampar.is\/en_gb\/wp-json\/wp\/v2\/product_tag?post=52826"}],"curies":[{"name":"wp","href":"https:\/\/api.w.org\/{rel}","templated":true}]}}