{"id":52827,"date":"2021-06-11T17:27:50","date_gmt":"2021-06-11T17:27:50","guid":{"rendered":"https:\/\/new.ilmoliulampar.is\/product\/klassik-ilmkjarnaoliusett-5-hreinar-oliur\/"},"modified":"2025-11-10T15:07:57","modified_gmt":"2025-11-10T15:07:57","slug":"klassik-ilmkjarnaoliusett-5-hreinar-oliur","status":"publish","type":"product","link":"https:\/\/ilmoliulampar.is\/en_gb\/product\/klassik-ilmkjarnaoliusett-5-hreinar-oliur\/","title":{"rendered":"Klass\u00edk ilmkjarnaol\u00edusett &#8211; Made by Zen"},"content":{"rendered":"","protected":false},"excerpt":{"rendered":"<div class=\"product attribute overview\"><\/div>\n<div class=\"product-add-form\">\n<form id=\"product_addtocart_form\" action=\"https:\/\/madebyzen.com\/checkout\/cart\/add\/uenc\/aHR0cHM6Ly9tYWRlYnl6ZW4uY29tL2Fyb21hdGhlcmFweS1lc3NlbnRpYWxzLWNsYXNzaWMtb2lsLWJ1bmRsZS5odG1s\/product\/494\/\" method=\"post\" novalidate=\"novalidate\" data-product-sku=\"CEOGSAROMAESS\">\n<div class=\"box-tocart\">\n<div class=\"fieldset\">Klass\u00edk, ilmkjarnaol\u00edu-setti\u00f0!<\/div>\n<div><\/div>\n<div>100% hreinar ilmkjarnaol\u00edur til \u00feess a\u00f0 hj\u00e1lpa til me\u00f0 svefninn, auka orkuna \u00fe\u00edna og slaka \u00e1 l\u00edkama &amp; s\u00e1l!<\/div>\n<div>Setti\u00f0 inniheldur 5 ilmkjarnaol\u00edur:<\/div>\n<ul>\n<li>\u00a0Lavender<\/li>\n<li>Sweet Orange<\/li>\n<li>Eucalyptus<\/li>\n<li>Lemon<\/li>\n<li>Peppermint<\/li>\n<\/ul>\n<div>\u00c6\u00f0islegar einar og s\u00e9r, en henta l\u00edka mj\u00f6g vel til a\u00f0 b\u00faa til \u00fe\u00ednar eigin ilmkjarnaol\u00edu-bl\u00f6ndur!<\/div>\n<\/div>\n<\/form>\n<\/div>","protected":false},"featured_media":42701,"comment_status":"closed","ping_status":"closed","template":"","meta":[],"product_brand":[],"product_cat":[224,198,108],"product_tag":[],"class_list":{"0":"post-52827","1":"product","2":"type-product","3":"status-publish","4":"has-post-thumbnail","6":"product_cat-ilmkjarnaoliur-oliur","7":"product_cat-ilmoliutilbod-oliur","8":"product_cat-oliur","10":"first","11":"instock","12":"shipping-taxable","13":"purchasable","14":"product-type-simple"},"_links":{"self":[{"href":"https:\/\/ilmoliulampar.is\/en_gb\/wp-json\/wp\/v2\/product\/52827","targetHints":{"allow":["GET"]}}],"collection":[{"href":"https:\/\/ilmoliulampar.is\/en_gb\/wp-json\/wp\/v2\/product"}],"about":[{"href":"https:\/\/ilmoliulampar.is\/en_gb\/wp-json\/wp\/v2\/types\/product"}],"replies":[{"embeddable":true,"href":"https:\/\/ilmoliulampar.is\/en_gb\/wp-json\/wp\/v2\/comments?post=52827"}],"wp:featuredmedia":[{"embeddable":true,"href":"https:\/\/ilmoliulampar.is\/en_gb\/wp-json\/wp\/v2\/media\/42701"}],"wp:attachment":[{"href":"https:\/\/ilmoliulampar.is\/en_gb\/wp-json\/wp\/v2\/media?parent=52827"}],"wp:term":[{"taxonomy":"product_brand","embeddable":true,"href":"https:\/\/ilmoliulampar.is\/en_gb\/wp-json\/wp\/v2\/product_brand?post=52827"},{"taxonomy":"product_cat","embeddable":true,"href":"https:\/\/ilmoliulampar.is\/en_gb\/wp-json\/wp\/v2\/product_cat?post=52827"},{"taxonomy":"product_tag","embeddable":true,"href":"https:\/\/ilmoliulampar.is\/en_gb\/wp-json\/wp\/v2\/product_tag?post=52827"}],"curies":[{"name":"wp","href":"https:\/\/api.w.org\/{rel}","templated":true}]}}