{"id":52828,"date":"2021-06-11T17:32:56","date_gmt":"2021-06-11T17:32:56","guid":{"rendered":"https:\/\/new.ilmoliulampar.is\/product\/orkupakkinn-3-ilmkjarnaoliur\/"},"modified":"2026-01-15T16:49:46","modified_gmt":"2026-01-15T16:49:46","slug":"orkupakkinn-3-ilmkjarnaoliur","status":"publish","type":"product","link":"https:\/\/ilmoliulampar.is\/en_gb\/product\/orkupakkinn-3-ilmkjarnaoliur\/","title":{"rendered":"Orku pakkinn &#8211; Made by Zen"},"content":{"rendered":"","protected":false},"excerpt":{"rendered":"<div class=\"product attribute overview\">\n<div class=\"value\">Orku &#8211; ilmkjarnaol\u00edusett!<\/div>\n<\/div>\n<div class=\"product-add-form\">\n<form id=\"product_addtocart_form\" action=\"https:\/\/madebyzen.com\/checkout\/cart\/add\/uenc\/aHR0cHM6Ly9tYWRlYnl6ZW4uY29tL2Vzc2VudGlhbHMtZm9yLWVuZXJnaXNpbmctcHVyaXR5LW9pbC1naWZ0LXNldC5odG1s\/product\/305\/\" method=\"post\" novalidate=\"novalidate\" data-product-sku=\"PEBGSENER\">\n<div class=\"icon-attributes\"><\/div>\n<div class=\"box-tocart\">\n<div class=\"fieldset\">\u00deetta \u00e6\u00f0islega ilmkjarnaol\u00edusett inniheldur 3 ol\u00edur sem auka orku, j\u00e1kv\u00e6\u00f0ni &amp; vell\u00ed\u00f0an!<\/p>\n<p><strong>Happy:<\/strong> Orange, Cinnamon &amp; Rosewood<\/div>\n<div><strong>Breath Easy:\u00a0<\/strong>Eucalyptus, Lavender, Clary &amp; Rosemary<\/div>\n<div><strong>Revitalise:\u00a0<\/strong>Vanilla, Tangerine, Jasmine &amp; Sandalwood<\/div>\n<\/div>\n<\/form>\n<\/div>","protected":false},"featured_media":42704,"comment_status":"closed","ping_status":"closed","template":"","meta":[],"product_brand":[],"product_cat":[224,198,108],"product_tag":[],"class_list":{"0":"post-52828","1":"product","2":"type-product","3":"status-publish","4":"has-post-thumbnail","6":"product_cat-ilmkjarnaoliur-oliur","7":"product_cat-ilmoliutilbod-oliur","8":"product_cat-oliur","10":"first","11":"instock","12":"shipping-taxable","13":"purchasable","14":"product-type-simple"},"_links":{"self":[{"href":"https:\/\/ilmoliulampar.is\/en_gb\/wp-json\/wp\/v2\/product\/52828","targetHints":{"allow":["GET"]}}],"collection":[{"href":"https:\/\/ilmoliulampar.is\/en_gb\/wp-json\/wp\/v2\/product"}],"about":[{"href":"https:\/\/ilmoliulampar.is\/en_gb\/wp-json\/wp\/v2\/types\/product"}],"replies":[{"embeddable":true,"href":"https:\/\/ilmoliulampar.is\/en_gb\/wp-json\/wp\/v2\/comments?post=52828"}],"wp:featuredmedia":[{"embeddable":true,"href":"https:\/\/ilmoliulampar.is\/en_gb\/wp-json\/wp\/v2\/media\/42704"}],"wp:attachment":[{"href":"https:\/\/ilmoliulampar.is\/en_gb\/wp-json\/wp\/v2\/media?parent=52828"}],"wp:term":[{"taxonomy":"product_brand","embeddable":true,"href":"https:\/\/ilmoliulampar.is\/en_gb\/wp-json\/wp\/v2\/product_brand?post=52828"},{"taxonomy":"product_cat","embeddable":true,"href":"https:\/\/ilmoliulampar.is\/en_gb\/wp-json\/wp\/v2\/product_cat?post=52828"},{"taxonomy":"product_tag","embeddable":true,"href":"https:\/\/ilmoliulampar.is\/en_gb\/wp-json\/wp\/v2\/product_tag?post=52828"}],"curies":[{"name":"wp","href":"https:\/\/api.w.org\/{rel}","templated":true}]}}