{"id":52830,"date":"2021-06-11T17:47:53","date_gmt":"2021-06-11T17:47:53","guid":{"rendered":"https:\/\/new.ilmoliulampar.is\/product\/slokun-3-ilmkjarnaoliur\/"},"modified":"2026-01-15T16:44:01","modified_gmt":"2026-01-15T16:44:01","slug":"slokun-3-ilmkjarnaoliur","status":"publish","type":"product","link":"https:\/\/ilmoliulampar.is\/en_gb\/product\/slokun-3-ilmkjarnaoliur\/","title":{"rendered":"Sl\u00f6kunar pakkinn &#8211; Made by Zen"},"content":{"rendered":"","protected":false},"excerpt":{"rendered":"<div class=\"product attribute overview\">\n<div class=\"value\">Sl\u00f6kun &#8211; ilmkjarnaol\u00edusett<\/div>\n<\/div>\n<div class=\"product-add-form\">\n<form id=\"product_addtocart_form\" action=\"https:\/\/madebyzen.com\/checkout\/cart\/add\/uenc\/aHR0cHM6Ly9tYWRlYnl6ZW4uY29tL2Vzc2VudGlhbHMtZm9yLWRlLXN0cmVzcy1wdXJpdHktb2lsLWdpZnQtc2V0Lmh0bWw%2C\/product\/306\/\" method=\"post\" novalidate=\"novalidate\" data-product-sku=\"PEBGSDEST\">\n<div class=\"icon-attributes\"><\/div>\n<div class=\"box-tocart\">\n<div class=\"fieldset\">Hreinsa\u00f0u hugann og upplif\u00f0u fullkomna hugarr\u00f3 me\u00f0 \u00feessu \u00e6\u00f0islega sl\u00f6kunar-setti, De-Stress, Tranquility &amp; Peace. Innri fri\u00f0ur, vell\u00ed\u00f0an, sl\u00f6kun &amp; r\u00f3legheit!<\/div>\n<\/div>\n<div><\/div>\n<div><strong>De-stress: <\/strong>Frankincense, Cinnamon, Citrus, Amyris, Patchouli &amp; Vetivera<\/div>\n<div><strong>Tranquility:\u00a0<\/strong>Bergamot, Blackcurrant, Sandalwood &amp; Spearmint<br \/>\n<strong>Peace:\u00a0<\/strong>Mandarin, Eucalyptus, Neroli, Lavender, Ylang Ylang &amp; Cedarwood<\/div>\n<\/form>\n<\/div>","protected":false},"featured_media":42710,"comment_status":"closed","ping_status":"closed","template":"","meta":[],"product_brand":[],"product_cat":[224,198,108],"product_tag":[],"class_list":{"0":"post-52830","1":"product","2":"type-product","3":"status-publish","4":"has-post-thumbnail","6":"product_cat-ilmkjarnaoliur-oliur","7":"product_cat-ilmoliutilbod-oliur","8":"product_cat-oliur","10":"first","11":"instock","12":"shipping-taxable","13":"purchasable","14":"product-type-simple"},"_links":{"self":[{"href":"https:\/\/ilmoliulampar.is\/en_gb\/wp-json\/wp\/v2\/product\/52830","targetHints":{"allow":["GET"]}}],"collection":[{"href":"https:\/\/ilmoliulampar.is\/en_gb\/wp-json\/wp\/v2\/product"}],"about":[{"href":"https:\/\/ilmoliulampar.is\/en_gb\/wp-json\/wp\/v2\/types\/product"}],"replies":[{"embeddable":true,"href":"https:\/\/ilmoliulampar.is\/en_gb\/wp-json\/wp\/v2\/comments?post=52830"}],"wp:featuredmedia":[{"embeddable":true,"href":"https:\/\/ilmoliulampar.is\/en_gb\/wp-json\/wp\/v2\/media\/42710"}],"wp:attachment":[{"href":"https:\/\/ilmoliulampar.is\/en_gb\/wp-json\/wp\/v2\/media?parent=52830"}],"wp:term":[{"taxonomy":"product_brand","embeddable":true,"href":"https:\/\/ilmoliulampar.is\/en_gb\/wp-json\/wp\/v2\/product_brand?post=52830"},{"taxonomy":"product_cat","embeddable":true,"href":"https:\/\/ilmoliulampar.is\/en_gb\/wp-json\/wp\/v2\/product_cat?post=52830"},{"taxonomy":"product_tag","embeddable":true,"href":"https:\/\/ilmoliulampar.is\/en_gb\/wp-json\/wp\/v2\/product_tag?post=52830"}],"curies":[{"name":"wp","href":"https:\/\/api.w.org\/{rel}","templated":true}]}}