{"id":52831,"date":"2021-06-11T18:01:08","date_gmt":"2021-06-11T18:01:08","guid":{"rendered":"https:\/\/new.ilmoliulampar.is\/product\/umhyggju-pakkinn\/"},"modified":"2026-01-15T16:53:56","modified_gmt":"2026-01-15T16:53:56","slug":"umhyggju-pakkinn","status":"publish","type":"product","link":"https:\/\/ilmoliulampar.is\/en_gb\/product\/umhyggju-pakkinn\/","title":{"rendered":"Umhyggju pakkinn &#8211; Made by Zen"},"content":{"rendered":"","protected":false},"excerpt":{"rendered":"<div class=\"product attribute overview\">\n<div class=\"value\">Umhyggju &#8211; ilmkjarnaol\u00edusett!<\/div>\n<\/div>\n<div class=\"product-add-form\">\n<form id=\"product_addtocart_form\" action=\"https:\/\/madebyzen.com\/checkout\/cart\/add\/uenc\/aHR0cHM6Ly9tYWRlYnl6ZW4uY29tL3NlbGYtY2FyZS1wdXJpdHktb2lsLWdpZnQtc2V0Lmh0bWw%2C\/product\/504\/\" method=\"post\" novalidate=\"novalidate\" data-product-sku=\"PEBGSSELFC\">\n<div class=\"icon-attributes\">\nUmhyggjupakkinn inniheldur 3 ilmkjarnaol\u00edur, Soothe, Peace &amp; Balance.<\/div>\n<div class=\"box-tocart\">\n<div class=\"fieldset\">Sj\u00e1lfs\u00e1st, j\u00e1 ma\u00f0ur ver\u00f0ur stundum a\u00f0 dekra vi\u00f0 sj\u00e1lfan sig og setja sig ofar \u00e1 forgangslistann! \u00deessar \u00e6\u00f0islegu ol\u00edubl\u00f6ndur n\u00e6ra sj\u00e1lfi\u00f0, hugann og s\u00e1lina!<\/p>\n<\/div>\n<\/div>\n<div><strong>Soothe: <\/strong>Lavender, Bergamot, Sandalwood, Ylang Ylang &amp; Patchouli<\/div>\n<div><strong>Peace: <\/strong>Mandarin, Eucalyptus, Neroli, Lavender, Ylang Ylang &amp; Cedarwood<br \/>\n<strong>Balance: <\/strong>Bergamot, Ginger Lily, Juniper, Mandarin, Cypress &amp; Cedarwood<\/div>\n<\/form>\n<\/div>","protected":false},"featured_media":42713,"comment_status":"closed","ping_status":"closed","template":"","meta":[],"product_brand":[],"product_cat":[224,198,108],"product_tag":[],"class_list":{"0":"post-52831","1":"product","2":"type-product","3":"status-publish","4":"has-post-thumbnail","6":"product_cat-ilmkjarnaoliur-oliur","7":"product_cat-ilmoliutilbod-oliur","8":"product_cat-oliur","10":"first","11":"instock","12":"shipping-taxable","13":"purchasable","14":"product-type-simple"},"_links":{"self":[{"href":"https:\/\/ilmoliulampar.is\/en_gb\/wp-json\/wp\/v2\/product\/52831","targetHints":{"allow":["GET"]}}],"collection":[{"href":"https:\/\/ilmoliulampar.is\/en_gb\/wp-json\/wp\/v2\/product"}],"about":[{"href":"https:\/\/ilmoliulampar.is\/en_gb\/wp-json\/wp\/v2\/types\/product"}],"replies":[{"embeddable":true,"href":"https:\/\/ilmoliulampar.is\/en_gb\/wp-json\/wp\/v2\/comments?post=52831"}],"wp:featuredmedia":[{"embeddable":true,"href":"https:\/\/ilmoliulampar.is\/en_gb\/wp-json\/wp\/v2\/media\/42713"}],"wp:attachment":[{"href":"https:\/\/ilmoliulampar.is\/en_gb\/wp-json\/wp\/v2\/media?parent=52831"}],"wp:term":[{"taxonomy":"product_brand","embeddable":true,"href":"https:\/\/ilmoliulampar.is\/en_gb\/wp-json\/wp\/v2\/product_brand?post=52831"},{"taxonomy":"product_cat","embeddable":true,"href":"https:\/\/ilmoliulampar.is\/en_gb\/wp-json\/wp\/v2\/product_cat?post=52831"},{"taxonomy":"product_tag","embeddable":true,"href":"https:\/\/ilmoliulampar.is\/en_gb\/wp-json\/wp\/v2\/product_tag?post=52831"}],"curies":[{"name":"wp","href":"https:\/\/api.w.org\/{rel}","templated":true}]}}