{"id":52832,"date":"2021-06-11T18:05:12","date_gmt":"2021-06-11T18:05:12","guid":{"rendered":"https:\/\/new.ilmoliulampar.is\/product\/amber-sakura\/"},"modified":"2025-11-10T15:07:29","modified_gmt":"2025-11-10T15:07:29","slug":"amber-sakura","status":"publish","type":"product","link":"https:\/\/ilmoliulampar.is\/en_gb\/product\/amber-sakura\/","title":{"rendered":"AMBER SAKURA &#8211; Made by Zen"},"content":{"rendered":"","protected":false},"excerpt":{"rendered":"<div class=\"\" data-block=\"true\" data-editor=\"quu0\" data-offset-key=\"ae1kq-0-0\">\n<div class=\"_1mf _1mj\" data-offset-key=\"ae1kq-0-0\"><span data-offset-key=\"ae1kq-0-0\">Hl\u00fdr bl\u00f3mailmur \u00ed l\u00edkingu vi\u00f0 ilminn af Cherry Blossom, \u00ed bland vi\u00f0 bleikan pipar, jasm\u00edn, amber &amp; musk.<\/span><\/div>\n<\/div>\n<div class=\"\" data-block=\"true\" data-editor=\"quu0\" data-offset-key=\"6m9se-0-0\"><\/div>\n<p>&nbsp;<\/p>","protected":false},"featured_media":42716,"comment_status":"closed","ping_status":"closed","template":"","meta":[],"product_brand":[],"product_cat":[195,108],"product_tag":[],"class_list":{"0":"post-52832","1":"product","2":"type-product","3":"status-publish","4":"has-post-thumbnail","6":"product_cat-ilmoliur-oliur","7":"product_cat-oliur","9":"first","10":"instock","11":"shipping-taxable","12":"purchasable","13":"product-type-simple"},"_links":{"self":[{"href":"https:\/\/ilmoliulampar.is\/en_gb\/wp-json\/wp\/v2\/product\/52832","targetHints":{"allow":["GET"]}}],"collection":[{"href":"https:\/\/ilmoliulampar.is\/en_gb\/wp-json\/wp\/v2\/product"}],"about":[{"href":"https:\/\/ilmoliulampar.is\/en_gb\/wp-json\/wp\/v2\/types\/product"}],"replies":[{"embeddable":true,"href":"https:\/\/ilmoliulampar.is\/en_gb\/wp-json\/wp\/v2\/comments?post=52832"}],"wp:featuredmedia":[{"embeddable":true,"href":"https:\/\/ilmoliulampar.is\/en_gb\/wp-json\/wp\/v2\/media\/42716"}],"wp:attachment":[{"href":"https:\/\/ilmoliulampar.is\/en_gb\/wp-json\/wp\/v2\/media?parent=52832"}],"wp:term":[{"taxonomy":"product_brand","embeddable":true,"href":"https:\/\/ilmoliulampar.is\/en_gb\/wp-json\/wp\/v2\/product_brand?post=52832"},{"taxonomy":"product_cat","embeddable":true,"href":"https:\/\/ilmoliulampar.is\/en_gb\/wp-json\/wp\/v2\/product_cat?post=52832"},{"taxonomy":"product_tag","embeddable":true,"href":"https:\/\/ilmoliulampar.is\/en_gb\/wp-json\/wp\/v2\/product_tag?post=52832"}],"curies":[{"name":"wp","href":"https:\/\/api.w.org\/{rel}","templated":true}]}}