{"id":52838,"date":"2021-06-21T13:16:59","date_gmt":"2021-06-21T13:16:59","guid":{"rendered":"https:\/\/new.ilmoliulampar.is\/product\/mahogany-teakwood-bbw-type\/"},"modified":"2026-02-10T12:22:53","modified_gmt":"2026-02-10T12:22:53","slug":"mahogany-teakwood-bbw-type","status":"publish","type":"product","link":"https:\/\/ilmoliulampar.is\/en_gb\/product\/mahogany-teakwood-bbw-type\/","title":{"rendered":"MAHOGANY TEAKWOOD &#8211; BBW"},"content":{"rendered":"","protected":false},"excerpt":{"rendered":"<p>Mahogany Teakwood, Bath &amp; bodyworks\u00a0<strong>ilmol\u00eda.<\/strong><\/p>\n<p>\u00deennan \u00e6\u00f0islega ilm \u00feekkja flestir! Ferskur, herralegur og \u00c6\u00d0ISLEGUR!<\/p>\n<p>Ferskt lavender, geranium,\u00a0mahogany &amp; vi\u00f0ar\/jar\u00f0ar t\u00f3nar.<\/p>\n<p>&nbsp;<\/p>\n<p>&nbsp;<\/p>\n<p>&nbsp;<\/p>\n<p>(Ath um er a\u00f0 r\u00e6\u00f0a ilmol\u00edu me\u00f0 Mahogany Teakwood ilminum, mynd vi\u00f0 v\u00f6ru er til \u00feess a\u00f0 s\u00fdna um hva\u00f0a ilm er a\u00f0 r\u00e6\u00f0a.)<\/p>","protected":false},"featured_media":42736,"comment_status":"closed","ping_status":"closed","template":"","meta":[],"product_brand":[],"product_cat":[195,108],"product_tag":[],"class_list":{"0":"post-52838","1":"product","2":"type-product","3":"status-publish","4":"has-post-thumbnail","6":"product_cat-ilmoliur-oliur","7":"product_cat-oliur","9":"first","10":"outofstock","11":"shipping-taxable","12":"purchasable","13":"product-type-simple"},"_links":{"self":[{"href":"https:\/\/ilmoliulampar.is\/en_gb\/wp-json\/wp\/v2\/product\/52838","targetHints":{"allow":["GET"]}}],"collection":[{"href":"https:\/\/ilmoliulampar.is\/en_gb\/wp-json\/wp\/v2\/product"}],"about":[{"href":"https:\/\/ilmoliulampar.is\/en_gb\/wp-json\/wp\/v2\/types\/product"}],"replies":[{"embeddable":true,"href":"https:\/\/ilmoliulampar.is\/en_gb\/wp-json\/wp\/v2\/comments?post=52838"}],"wp:featuredmedia":[{"embeddable":true,"href":"https:\/\/ilmoliulampar.is\/en_gb\/wp-json\/wp\/v2\/media\/42736"}],"wp:attachment":[{"href":"https:\/\/ilmoliulampar.is\/en_gb\/wp-json\/wp\/v2\/media?parent=52838"}],"wp:term":[{"taxonomy":"product_brand","embeddable":true,"href":"https:\/\/ilmoliulampar.is\/en_gb\/wp-json\/wp\/v2\/product_brand?post=52838"},{"taxonomy":"product_cat","embeddable":true,"href":"https:\/\/ilmoliulampar.is\/en_gb\/wp-json\/wp\/v2\/product_cat?post=52838"},{"taxonomy":"product_tag","embeddable":true,"href":"https:\/\/ilmoliulampar.is\/en_gb\/wp-json\/wp\/v2\/product_tag?post=52838"}],"curies":[{"name":"wp","href":"https:\/\/api.w.org\/{rel}","templated":true}]}}