{"id":52841,"date":"2021-06-25T16:32:38","date_gmt":"2021-06-25T16:32:38","guid":{"rendered":"https:\/\/new.ilmoliulampar.is\/?post_type=product&#038;p=52841"},"modified":"2026-02-03T15:23:53","modified_gmt":"2026-02-03T15:23:53","slug":"revitabrow-advanced","status":"publish","type":"product","link":"https:\/\/ilmoliulampar.is\/en_gb\/product\/revitabrow-advanced\/","title":{"rendered":"Revitabrow &#8211; Advanced Augabr\u00fanaserum (3 m\u00e1n)"},"content":{"rendered":"","protected":false},"excerpt":{"rendered":"<p><span style=\"font-weight: 400;\"><em><strong>Margver\u00f0launa\u00f0<\/strong><\/em> augabr\u00fana-serum sem gerir augabr\u00fanirnar n\u00e1tt\u00farulega fallegri, fylltari og fr\u00edsklegri me\u00f0 reglulegri notkun.\u00a0<\/span>Fullkomi\u00f0 fyrir ofplokka\u00f0ar augabr\u00fanir og br\u00fanir sem hafa veri\u00f0 lita\u00f0ar.<\/p>\n<p><em>Ver\u00f0laun:<\/em><\/p>\n<p><em>2020 &#8211; BEST OF BEAUTY &#8211; allure &#8211; Award Winner<\/em><\/p>\n<p><em>2019 &#8211; The Beauty Authority &#8211; NEW BEAUTY &#8211; Award Winner<\/em><\/p>\n<p><em>2019 &#8211; Anti Aging Awards &#8211; BAZAAR &#8211; Winner<\/em><\/p>\n<p><em>2019 &#8211; Readers Choice &#8211; LAUNCHPAD &#8211; Award Winner<\/em><\/p>\n<p><em>2018 &#8211; LNE &amp; SPA\u00b4S BEST PRODUCT &#8211; Winner<\/em><\/p>\n<p><em>2018 &#8211; Professionals Choice Awards &#8211; DAYSPA &#8211; Winner<\/em><\/p>\n<p><em>2017 &#8211; LNE &amp; SPA&#8217;S BEST PRODUCT &#8211; Winner<\/em><\/p>\n<p><em>2017 &#8211; Reaers Choice &#8211; LAUNCHPAD &#8211; Award Winner<\/em><\/p>\n<p><em>2017 &#8211; BEAUTY CHOICE &#8211; NEW BEAUTY &#8211; Product Winner<\/em><\/p>\n<p>&nbsp;<\/p>\n<p>Form\u00falan hefur veri\u00f0 \u00fer\u00f3u\u00f0 af augnl\u00e6knum og er b\u00e6\u00f0i vegan og cruelty free.<\/p>\n<p>3 m\u00e1na\u00f0a skammtur!<\/p>\n<p>&nbsp;<\/p>","protected":false},"featured_media":42751,"comment_status":"closed","ping_status":"closed","template":"","meta":[],"product_brand":[],"product_cat":[216],"product_tag":[],"class_list":{"0":"post-52841","1":"product","2":"type-product","3":"status-publish","4":"has-post-thumbnail","6":"product_cat-revitalash-2","8":"first","9":"instock","10":"shipping-taxable","11":"purchasable","12":"product-type-simple"},"_links":{"self":[{"href":"https:\/\/ilmoliulampar.is\/en_gb\/wp-json\/wp\/v2\/product\/52841","targetHints":{"allow":["GET"]}}],"collection":[{"href":"https:\/\/ilmoliulampar.is\/en_gb\/wp-json\/wp\/v2\/product"}],"about":[{"href":"https:\/\/ilmoliulampar.is\/en_gb\/wp-json\/wp\/v2\/types\/product"}],"replies":[{"embeddable":true,"href":"https:\/\/ilmoliulampar.is\/en_gb\/wp-json\/wp\/v2\/comments?post=52841"}],"wp:featuredmedia":[{"embeddable":true,"href":"https:\/\/ilmoliulampar.is\/en_gb\/wp-json\/wp\/v2\/media\/42751"}],"wp:attachment":[{"href":"https:\/\/ilmoliulampar.is\/en_gb\/wp-json\/wp\/v2\/media?parent=52841"}],"wp:term":[{"taxonomy":"product_brand","embeddable":true,"href":"https:\/\/ilmoliulampar.is\/en_gb\/wp-json\/wp\/v2\/product_brand?post=52841"},{"taxonomy":"product_cat","embeddable":true,"href":"https:\/\/ilmoliulampar.is\/en_gb\/wp-json\/wp\/v2\/product_cat?post=52841"},{"taxonomy":"product_tag","embeddable":true,"href":"https:\/\/ilmoliulampar.is\/en_gb\/wp-json\/wp\/v2\/product_tag?post=52841"}],"curies":[{"name":"wp","href":"https:\/\/api.w.org\/{rel}","templated":true}]}}