{"id":52842,"date":"2021-06-25T16:36:02","date_gmt":"2021-06-25T16:36:02","guid":{"rendered":"https:\/\/new.ilmoliulampar.is\/product\/double-ended-volume-set-primer-mascara\/"},"modified":"2026-02-03T15:24:31","modified_gmt":"2026-02-03T15:24:31","slug":"double-ended-volume-set-primer-mascara","status":"publish","type":"product","link":"https:\/\/ilmoliulampar.is\/en_gb\/product\/double-ended-volume-set-primer-mascara\/","title":{"rendered":"Revitalash &#8211; Double-Ended Volume Set (Primer\/Mascara)"},"content":{"rendered":"","protected":false},"excerpt":{"rendered":"<p><span style=\"font-weight: 400;\">Augnh\u00e1ra- <em><strong>primer og maska<\/strong><\/em><strong>r<\/strong><strong>i<\/strong> \u00ed einni v\u00f6ru sem gerir augnh\u00e1rin \u00feykkari og lengri..<\/span><\/p>\n<p><span style=\"font-weight: 400;\">Einst\u00f6k form\u00fala sem verndar augnh\u00e1rin og gefur \u00fe\u00e9r dramat\u00edsk og falleg augnh\u00e1r.<\/span><\/p>\n<p><em><span style=\"font-weight: 400;\">Ver\u00f0laun:<\/span><\/em><\/p>\n<p><em><span style=\"font-weight: 400;\">2018 &#8211; Readers Choice &#8211; LAUNCHPAD &#8211; Award Winner\u00a0<\/span><\/em><\/p>\n<p><span style=\"font-weight: 400;\">Augnh\u00e1ra- primer og maskari \u00ed einni v\u00f6ru sem gerir augnh\u00e1rin \u00feykkari og lengri..<\/span><\/p>\n<p><span style=\"font-weight: 400;\">Einst\u00f6k form\u00fala sem verndar augnh\u00e1rin og gefur \u00fe\u00e9r dramat\u00edsk og falleg augnh\u00e1r.<\/span><\/p>\n<p><em><span style=\"font-weight: 400;\">Ver\u00f0laun:<\/span><\/em><\/p>\n<p><em><span style=\"font-weight: 400;\">2018 &#8211; Readers Choice &#8211; LAUNCHPAD &#8211; Award Winner\u00a0<\/span><\/em><\/p>\n<p>&nbsp;<\/p>\n<p>Ofn\u00e6mispr\u00f3fa\u00f0ur, yfirfarinn af b\u00e6\u00f0i h\u00fa\u00f0- og augnl\u00e6knum.\u00a0 \u00c1n ol\u00edu, parabena og ilmefna.<\/p>\n<p><span style=\"font-weight: 400;\">Vegan og Cruelty free.<\/span><\/p>\n<p><span style=\"font-weight: 400;\">5,5 ml.<\/span><\/p>\n<p>&nbsp;<\/p>\n<p><img fetchpriority=\"high\" decoding=\"async\" class=\"alignnone size-full wp-image-15684\" src=\"https:\/\/ilmoliulampar.is\/\/wp-content\/uploads\/2021\/06\/download_400x.jpg\" alt=\"\" width=\"225\" height=\"225\" \/><\/p>","protected":false},"featured_media":42754,"comment_status":"closed","ping_status":"closed","template":"","meta":[],"product_brand":[],"product_cat":[216],"product_tag":[],"class_list":{"0":"post-52842","1":"product","2":"type-product","3":"status-publish","4":"has-post-thumbnail","6":"product_cat-revitalash-2","8":"first","9":"instock","10":"shipping-taxable","11":"purchasable","12":"product-type-simple"},"_links":{"self":[{"href":"https:\/\/ilmoliulampar.is\/en_gb\/wp-json\/wp\/v2\/product\/52842","targetHints":{"allow":["GET"]}}],"collection":[{"href":"https:\/\/ilmoliulampar.is\/en_gb\/wp-json\/wp\/v2\/product"}],"about":[{"href":"https:\/\/ilmoliulampar.is\/en_gb\/wp-json\/wp\/v2\/types\/product"}],"replies":[{"embeddable":true,"href":"https:\/\/ilmoliulampar.is\/en_gb\/wp-json\/wp\/v2\/comments?post=52842"}],"wp:featuredmedia":[{"embeddable":true,"href":"https:\/\/ilmoliulampar.is\/en_gb\/wp-json\/wp\/v2\/media\/42754"}],"wp:attachment":[{"href":"https:\/\/ilmoliulampar.is\/en_gb\/wp-json\/wp\/v2\/media?parent=52842"}],"wp:term":[{"taxonomy":"product_brand","embeddable":true,"href":"https:\/\/ilmoliulampar.is\/en_gb\/wp-json\/wp\/v2\/product_brand?post=52842"},{"taxonomy":"product_cat","embeddable":true,"href":"https:\/\/ilmoliulampar.is\/en_gb\/wp-json\/wp\/v2\/product_cat?post=52842"},{"taxonomy":"product_tag","embeddable":true,"href":"https:\/\/ilmoliulampar.is\/en_gb\/wp-json\/wp\/v2\/product_tag?post=52842"}],"curies":[{"name":"wp","href":"https:\/\/api.w.org\/{rel}","templated":true}]}}