{"id":52847,"date":"2021-06-30T16:30:35","date_gmt":"2021-06-30T16:30:35","guid":{"rendered":"https:\/\/new.ilmoliulampar.is\/product\/aquablur-15ml-augngel\/"},"modified":"2026-02-04T11:07:20","modified_gmt":"2026-02-04T11:07:20","slug":"aquablur-15ml-augngel","status":"publish","type":"product","link":"https:\/\/ilmoliulampar.is\/en_gb\/product\/aquablur-15ml-augngel\/","title":{"rendered":"Revitalash &#8211; Aquablur\u2122 15 ml, augngel"},"content":{"rendered":"","protected":false},"excerpt":{"rendered":"<p><strong>Rakagefandi og n\u00e6randi augngel<\/strong> sem <em>verndar og m\u00fdkir<\/em> augnsv\u00e6\u00f0i\u00f0 me\u00f0 \u00fea\u00f0 \u00ed huga a\u00f0 fara vel me\u00f0 augnh\u00e1r og augabr\u00fanir.\u00a0 Inniheldur v\u00edtam\u00edn og andoxunarefni, \u00e1n ol\u00edu, parabena, ilmefna og gl\u00faten.<\/p>\n<p>Hentar mj\u00f6g vel undir far\u00f0a \u00fear sem geli\u00f0 er l\u00e9tt og gefur fallega \u00e1fer\u00f0, virkar \u00ed raun eins og primer undir far\u00f0ann!<\/p>\n<p><em>Ver\u00f0laun:<\/em><\/p>\n<p><em>2019 &#8211; Readers Choice Beauty Awards &#8211; InStyle<\/em><\/p>\n<p><em>2019 &#8211; Winner SHAPE Beauty Awards &#8211; Shape magazine<\/em><\/p>\n<p>&nbsp;<\/p>\n<p>St\u00e6r\u00f0: 0.5 Fl Oz \/ 15mL<\/p>\n<p>&nbsp;<\/p>\n<p><strong><em>Innihaldsl\u00fdsing<\/em><\/strong>:Aqua\/Water\/Eau,\u00a0 Cyclopentasiloxane,\u00a0 Glycerin,\u00a0 Propanediol,\u00a0 Sodium\u00a0 Hyaluronate\u00a0 Dimethicone\/Vinyl\u00a0 Dimethicone\u00a0 Crosspolymer,\u00a0 Hydroxyethyl\u00a0 Acrylate\/Sodium\u00a0 Acryloyldimethyl Taurate\u00a0 Copolymer,\u00a0 Xanthan\u00a0 Gum,\u00a0 Phenoxyethanol,\u00a0 Ethylhexylglycerin,\u00a0 Panthenol,\u00a0 Sodium\u00a0 Citrate,\u00a0 Disodium\u00a0 EDTA,\u00a0 Biotin,\u00a0 Tocopheryl\u00a0 Acetate,\u00a0 Saccharomyces\/Xylinum\/Black\u00a0 Tea\u00a0 Ferment,\u00a0Camellia\u00a0 Sinensis\u00a0 Leaf\u00a0 Extract,\u00a0 Macrocystis\u00a0 Pyrifera\u00a0 (Kelp)\u00a0 Extract<\/p>\n<ul class=\"tabs\" role=\"tablist\" data-tab=\"\">\n<li class=\"tab is-active\" role=\"presentational\"><\/li>\n<\/ul>\n<p>&nbsp;<\/p>","protected":false},"featured_media":42767,"comment_status":"closed","ping_status":"closed","template":"","meta":[],"product_brand":[],"product_cat":[216,113],"product_tag":[],"class_list":{"0":"post-52847","1":"product","2":"type-product","3":"status-publish","4":"has-post-thumbnail","6":"product_cat-revitalash-2","7":"product_cat-utsala","9":"first","10":"instock","11":"sale","12":"shipping-taxable","13":"purchasable","14":"product-type-simple"},"_links":{"self":[{"href":"https:\/\/ilmoliulampar.is\/en_gb\/wp-json\/wp\/v2\/product\/52847","targetHints":{"allow":["GET"]}}],"collection":[{"href":"https:\/\/ilmoliulampar.is\/en_gb\/wp-json\/wp\/v2\/product"}],"about":[{"href":"https:\/\/ilmoliulampar.is\/en_gb\/wp-json\/wp\/v2\/types\/product"}],"replies":[{"embeddable":true,"href":"https:\/\/ilmoliulampar.is\/en_gb\/wp-json\/wp\/v2\/comments?post=52847"}],"wp:featuredmedia":[{"embeddable":true,"href":"https:\/\/ilmoliulampar.is\/en_gb\/wp-json\/wp\/v2\/media\/42767"}],"wp:attachment":[{"href":"https:\/\/ilmoliulampar.is\/en_gb\/wp-json\/wp\/v2\/media?parent=52847"}],"wp:term":[{"taxonomy":"product_brand","embeddable":true,"href":"https:\/\/ilmoliulampar.is\/en_gb\/wp-json\/wp\/v2\/product_brand?post=52847"},{"taxonomy":"product_cat","embeddable":true,"href":"https:\/\/ilmoliulampar.is\/en_gb\/wp-json\/wp\/v2\/product_cat?post=52847"},{"taxonomy":"product_tag","embeddable":true,"href":"https:\/\/ilmoliulampar.is\/en_gb\/wp-json\/wp\/v2\/product_tag?post=52847"}],"curies":[{"name":"wp","href":"https:\/\/api.w.org\/{rel}","templated":true}]}}