{"id":52848,"date":"2021-06-30T16:33:09","date_gmt":"2021-06-30T16:33:09","guid":{"rendered":"https:\/\/new.ilmoliulampar.is\/product\/defining-liner-2-litir\/"},"modified":"2026-02-03T15:21:50","modified_gmt":"2026-02-03T15:21:50","slug":"defining-liner-2-litir","status":"publish","type":"product","link":"https:\/\/ilmoliulampar.is\/en_gb\/product\/defining-liner-2-litir\/","title":{"rendered":"Revitalash &#8211; Defining Liner, 2 litir"},"content":{"rendered":"","protected":false},"excerpt":{"rendered":"<p><span style=\"font-weight: 400;\">Vanda\u00f0ur eyeliner me\u00f0 silki\u00e1fer\u00f0, mj\u00fakur og \u00fe\u00e6gilegur \u00ed notkun.\u00a0<\/span><\/p>\n<p><span style=\"font-weight: 400;\">Krem eyliner sem verndar h\u00fa\u00f0ina, ofn\u00e6mispr\u00f3fa\u00f0ur, inniheldur ekki ol\u00edu, paraben n\u00e9 ilmefni.\u00a0\u00a0<\/span><\/p>\n<p>Tveir litir : Slate (gr\u00e1r) , Black.<\/p>\n<p><span style=\"font-weight: 400;\">Vega og Crualty Free.\u00a0<\/span><\/p>\n<p>&nbsp;<\/p>\n<p><img fetchpriority=\"high\" decoding=\"async\" class=\"alignnone size-medium wp-image-15732\" src=\"https:\/\/ilmoliulampar.is\/\/wp-content\/uploads\/2021\/06\/domesticcatalogimages22020_linerbefore_after_2000x_526e66eb-e833-43c5-a3b8-4bf1c3b0eaf4_800x-300x300.jpg\" alt=\"\" width=\"300\" height=\"300\" \/> <img decoding=\"async\" class=\"alignnone size-medium wp-image-15733\" src=\"https:\/\/ilmoliulampar.is\/\/wp-content\/uploads\/2021\/06\/domestic-catalog-image-transparent-liner-uc_2000x_d529bdb5-4569-4c08-82ec-0baccb227a58_800x-300x300.png\" alt=\"\" width=\"300\" height=\"300\" \/><img decoding=\"async\" class=\"alignnone size-medium wp-image-15734\" src=\"https:\/\/ilmoliulampar.is\/\/wp-content\/uploads\/2021\/06\/71ublzcjzol._sx466_-300x300.jpg\" alt=\"\" width=\"300\" height=\"300\" \/><\/p>","protected":false},"featured_media":42770,"comment_status":"closed","ping_status":"closed","template":"","meta":[],"product_brand":[],"product_cat":[216],"product_tag":[],"class_list":{"0":"post-52848","1":"product","2":"type-product","3":"status-publish","4":"has-post-thumbnail","6":"product_cat-revitalash-2","8":"first","9":"instock","10":"shipping-taxable","11":"purchasable","12":"product-type-variable"},"_links":{"self":[{"href":"https:\/\/ilmoliulampar.is\/en_gb\/wp-json\/wp\/v2\/product\/52848","targetHints":{"allow":["GET"]}}],"collection":[{"href":"https:\/\/ilmoliulampar.is\/en_gb\/wp-json\/wp\/v2\/product"}],"about":[{"href":"https:\/\/ilmoliulampar.is\/en_gb\/wp-json\/wp\/v2\/types\/product"}],"replies":[{"embeddable":true,"href":"https:\/\/ilmoliulampar.is\/en_gb\/wp-json\/wp\/v2\/comments?post=52848"}],"wp:featuredmedia":[{"embeddable":true,"href":"https:\/\/ilmoliulampar.is\/en_gb\/wp-json\/wp\/v2\/media\/42770"}],"wp:attachment":[{"href":"https:\/\/ilmoliulampar.is\/en_gb\/wp-json\/wp\/v2\/media?parent=52848"}],"wp:term":[{"taxonomy":"product_brand","embeddable":true,"href":"https:\/\/ilmoliulampar.is\/en_gb\/wp-json\/wp\/v2\/product_brand?post=52848"},{"taxonomy":"product_cat","embeddable":true,"href":"https:\/\/ilmoliulampar.is\/en_gb\/wp-json\/wp\/v2\/product_cat?post=52848"},{"taxonomy":"product_tag","embeddable":true,"href":"https:\/\/ilmoliulampar.is\/en_gb\/wp-json\/wp\/v2\/product_tag?post=52848"}],"curies":[{"name":"wp","href":"https:\/\/api.w.org\/{rel}","templated":true}]}}