{"id":52857,"date":"2021-07-07T14:22:46","date_gmt":"2021-07-07T14:22:46","guid":{"rendered":"https:\/\/new.ilmoliulampar.is\/product\/nesti-dante-chic-animalier-leopard-sapan\/"},"modified":"2024-03-27T15:47:13","modified_gmt":"2024-03-27T15:47:13","slug":"nesti-dante-chic-animalier-leopard-sapan","status":"publish","type":"product","link":"https:\/\/ilmoliulampar.is\/en_gb\/product\/nesti-dante-chic-animalier-leopard-sapan\/","title":{"rendered":"Nesti Dante &#8211; Chic Animalier leopard s\u00e1pan"},"content":{"rendered":"","protected":false},"excerpt":{"rendered":"<p><strong>Nesti Dante, Chic Animalier, leopard:<\/strong><\/p>\n<p>Chic Animalier Leopard s\u00e1pan er \u00e6\u00f0sileg, ilmurinn er \u00a0blanda engifer te, Patchouli &amp; Myrru.<\/p>\n<p>250 gr s\u00e1pur sem endast s\u00e9rstaklega lengi og springa EKKI, eing\u00f6ngu unnar h\u00e1g\u00e6\u00f0a, n\u00e1tt\u00farulegu hr\u00e1efni.<\/p>\n<p>&nbsp;<\/p>\n<p>N\u00e1tt\u00farulegar &amp; vegan s\u00e1pur, sem eru cruelty free og umfram allt hreinar v\u00f6rur. M\u00fdkir h\u00fa\u00f0ina og r\u00f3ar vi\u00f0kv\u00e6ma h\u00fa\u00f0.<\/p>\n<p>\u00cdt\u00f6lsk h\u00e1g\u00e6\u00f0a framlei\u00f0sla s\u00ed\u00f0an 1947, Nesti Dante er l\u00edti\u00f0 fj\u00f6lskyldufyrirt\u00e6ki \u00ed Florens \u00e1 \u00cdtal\u00edu, eru \u00ed dag einn \u00feekktasti s\u00e1puframlei\u00f0andi heims og \u00feekktir fyrir g\u00e6\u00f0i og fagmennsku.<\/p>\n<p>\u2013 Fullkomin t\u00e6kif\u00e6risgj\u00f6f!<\/p>\n<p>&nbsp;<\/p>\n<p><img fetchpriority=\"high\" decoding=\"async\" class=\"alignnone size-medium wp-image-15781\" src=\"https:\/\/ilmoliulampar.is\/\/wp-content\/uploads\/2021\/07\/1215_s-244x300.jpg\" alt=\"\" width=\"244\" height=\"300\" \/><\/p>","protected":false},"featured_media":42793,"comment_status":"closed","ping_status":"open","template":"","meta":[],"product_brand":[],"product_cat":[147],"product_tag":[],"class_list":{"0":"post-52857","1":"product","2":"type-product","3":"status-publish","4":"has-post-thumbnail","6":"product_cat-nesti-dante-sapurnar","8":"first","9":"instock","10":"shipping-taxable","11":"purchasable","12":"product-type-simple"},"_links":{"self":[{"href":"https:\/\/ilmoliulampar.is\/en_gb\/wp-json\/wp\/v2\/product\/52857","targetHints":{"allow":["GET"]}}],"collection":[{"href":"https:\/\/ilmoliulampar.is\/en_gb\/wp-json\/wp\/v2\/product"}],"about":[{"href":"https:\/\/ilmoliulampar.is\/en_gb\/wp-json\/wp\/v2\/types\/product"}],"replies":[{"embeddable":true,"href":"https:\/\/ilmoliulampar.is\/en_gb\/wp-json\/wp\/v2\/comments?post=52857"}],"wp:featuredmedia":[{"embeddable":true,"href":"https:\/\/ilmoliulampar.is\/en_gb\/wp-json\/wp\/v2\/media\/42793"}],"wp:attachment":[{"href":"https:\/\/ilmoliulampar.is\/en_gb\/wp-json\/wp\/v2\/media?parent=52857"}],"wp:term":[{"taxonomy":"product_brand","embeddable":true,"href":"https:\/\/ilmoliulampar.is\/en_gb\/wp-json\/wp\/v2\/product_brand?post=52857"},{"taxonomy":"product_cat","embeddable":true,"href":"https:\/\/ilmoliulampar.is\/en_gb\/wp-json\/wp\/v2\/product_cat?post=52857"},{"taxonomy":"product_tag","embeddable":true,"href":"https:\/\/ilmoliulampar.is\/en_gb\/wp-json\/wp\/v2\/product_tag?post=52857"}],"curies":[{"name":"wp","href":"https:\/\/api.w.org\/{rel}","templated":true}]}}