{"id":52859,"date":"2021-07-07T14:57:32","date_gmt":"2021-07-07T14:57:32","guid":{"rendered":"https:\/\/new.ilmoliulampar.is\/product\/nesti-dante-svarta-luxus-sapan\/"},"modified":"2023-03-24T00:17:17","modified_gmt":"2023-03-24T00:17:17","slug":"nesti-dante-svarta-luxus-sapan","status":"publish","type":"product","link":"https:\/\/ilmoliulampar.is\/en_gb\/product\/nesti-dante-svarta-luxus-sapan\/","title":{"rendered":"Nesti Dante &#8211; Svarta l\u00faxus s\u00e1pan"},"content":{"rendered":"","protected":false},"excerpt":{"rendered":"<p><strong>Nesti Dante, luxury black soap<\/strong><\/p>\n<p>Svarta s\u00e1pan ilmar af Patchouli, bleikum pipar, ferskum Jasm\u00edn n\u00f3tum og Go\u00f0a-lilju. (S\u00e1pan sj\u00e1lf er sv\u00f6rt \u00e1 litin)<\/p>\n<p>250 gr s\u00e1pur sem endast s\u00e9rstaklega lengi og springa EKKI, eing\u00f6ngu unnar h\u00e1g\u00e6\u00f0a, n\u00e1tt\u00farulegu hr\u00e1efni.<\/p>\n<p>&nbsp;<\/p>\n<p>N\u00e1tt\u00farulegar &amp; vegan s\u00e1pur, sem eru cruelty free og umfram allt hreinar v\u00f6rur. M\u00fdkir h\u00fa\u00f0ina og r\u00f3ar vi\u00f0kv\u00e6ma h\u00fa\u00f0.<\/p>\n<p>\u00cdt\u00f6lsk h\u00e1g\u00e6\u00f0a framlei\u00f0sla s\u00ed\u00f0an 1947, Nesti Dante er l\u00edti\u00f0 fj\u00f6lskyldufyrirt\u00e6ki \u00ed Florens \u00e1 \u00cdtal\u00edu, eru \u00ed dag einn \u00feekktasti s\u00e1puframlei\u00f0andi heims og \u00feekktir fyrir g\u00e6\u00f0i og fagmennsku.<\/p>\n<p>\u2013 Fullkomin t\u00e6kif\u00e6risgj\u00f6f!<\/p>\n<p><img fetchpriority=\"high\" decoding=\"async\" class=\"alignnone size-medium wp-image-15787\" src=\"https:\/\/ilmoliulampar.is\/\/wp-content\/uploads\/2021\/07\/89706473_3549450711794960_5662363580285059072_n-300x300.jpg\" alt=\"\" width=\"300\" height=\"300\" \/><\/p>\n<p>&nbsp;<\/p>","protected":false},"featured_media":42809,"comment_status":"closed","ping_status":"open","template":"","meta":[],"product_brand":[],"product_cat":[147],"product_tag":[],"class_list":{"0":"post-52859","1":"product","2":"type-product","3":"status-publish","4":"has-post-thumbnail","6":"product_cat-nesti-dante-sapurnar","8":"first","9":"outofstock","10":"shipping-taxable","11":"purchasable","12":"product-type-simple"},"_links":{"self":[{"href":"https:\/\/ilmoliulampar.is\/en_gb\/wp-json\/wp\/v2\/product\/52859","targetHints":{"allow":["GET"]}}],"collection":[{"href":"https:\/\/ilmoliulampar.is\/en_gb\/wp-json\/wp\/v2\/product"}],"about":[{"href":"https:\/\/ilmoliulampar.is\/en_gb\/wp-json\/wp\/v2\/types\/product"}],"replies":[{"embeddable":true,"href":"https:\/\/ilmoliulampar.is\/en_gb\/wp-json\/wp\/v2\/comments?post=52859"}],"wp:featuredmedia":[{"embeddable":true,"href":"https:\/\/ilmoliulampar.is\/en_gb\/wp-json\/wp\/v2\/media\/42809"}],"wp:attachment":[{"href":"https:\/\/ilmoliulampar.is\/en_gb\/wp-json\/wp\/v2\/media?parent=52859"}],"wp:term":[{"taxonomy":"product_brand","embeddable":true,"href":"https:\/\/ilmoliulampar.is\/en_gb\/wp-json\/wp\/v2\/product_brand?post=52859"},{"taxonomy":"product_cat","embeddable":true,"href":"https:\/\/ilmoliulampar.is\/en_gb\/wp-json\/wp\/v2\/product_cat?post=52859"},{"taxonomy":"product_tag","embeddable":true,"href":"https:\/\/ilmoliulampar.is\/en_gb\/wp-json\/wp\/v2\/product_tag?post=52859"}],"curies":[{"name":"wp","href":"https:\/\/api.w.org\/{rel}","templated":true}]}}