{"id":52863,"date":"2021-07-18T23:04:30","date_gmt":"2021-07-18T23:04:30","guid":{"rendered":"https:\/\/new.ilmoliulampar.is\/product\/sermerkt-ilmolia\/"},"modified":"2026-02-10T12:23:01","modified_gmt":"2026-02-10T12:23:01","slug":"sermerkt-ilmolia","status":"publish","type":"product","link":"https:\/\/ilmoliulampar.is\/en_gb\/product\/sermerkt-ilmolia\/","title":{"rendered":"S\u00e9rmerkt ilmol\u00eda"},"content":{"rendered":"","protected":false},"excerpt":{"rendered":"<p>Pers\u00f3nulegri og skemmtilegri gj\u00f6f!<\/p>\n<p>\u00de\u00fa velur ilmol\u00edu a\u00f0 eigin vali, skrifar svo \u00ed athugasemd \u00feegar gengi\u00f0 er fr\u00e1 p\u00f6ntun hva\u00f0a ilmol\u00edu \u00fe\u00fa vilt og hva\u00f0 \u00e1 a\u00f0 standa \u00e1 henni! \ud83d\ude42 ATH, best er a\u00f0 velja nafn e\u00f0a STUTTA setningu!<\/p>\n<p>T.d nafn \u00feess sem \u00e1 a\u00f0 f\u00e1 ol\u00eduna, dagsetningu, e\u00f0a stutta setningu \u00e1 bor\u00f0 vi\u00f0: Til hamingju me\u00f0 daginn og nafn afm\u00e6lisbarns, br\u00fa\u00f0kaupsdagur J\u00f3ns og \u00d6nnu, og svo framvegis. (Ef setningin sem \u00fe\u00fa velur er of l\u00f6ng \u00fe\u00e1 munum vi\u00f0 hafa samband vi\u00f0 \u00feig og breyta henni \u00ed samr\u00e1\u00f0i vi\u00f0 \u00feig a\u00f0 sj\u00e1lfss\u00f6g\u00f0u)<\/p>\n<p>&nbsp;<\/p>","protected":false},"featured_media":42829,"comment_status":"closed","ping_status":"closed","template":"","meta":[],"product_brand":[],"product_cat":[195,108],"product_tag":[],"class_list":{"0":"post-52863","1":"product","2":"type-product","3":"status-publish","4":"has-post-thumbnail","6":"product_cat-ilmoliur-oliur","7":"product_cat-oliur","9":"first","10":"instock","11":"shipping-taxable","12":"purchasable","13":"product-type-simple"},"_links":{"self":[{"href":"https:\/\/ilmoliulampar.is\/en_gb\/wp-json\/wp\/v2\/product\/52863","targetHints":{"allow":["GET"]}}],"collection":[{"href":"https:\/\/ilmoliulampar.is\/en_gb\/wp-json\/wp\/v2\/product"}],"about":[{"href":"https:\/\/ilmoliulampar.is\/en_gb\/wp-json\/wp\/v2\/types\/product"}],"replies":[{"embeddable":true,"href":"https:\/\/ilmoliulampar.is\/en_gb\/wp-json\/wp\/v2\/comments?post=52863"}],"wp:featuredmedia":[{"embeddable":true,"href":"https:\/\/ilmoliulampar.is\/en_gb\/wp-json\/wp\/v2\/media\/42829"}],"wp:attachment":[{"href":"https:\/\/ilmoliulampar.is\/en_gb\/wp-json\/wp\/v2\/media?parent=52863"}],"wp:term":[{"taxonomy":"product_brand","embeddable":true,"href":"https:\/\/ilmoliulampar.is\/en_gb\/wp-json\/wp\/v2\/product_brand?post=52863"},{"taxonomy":"product_cat","embeddable":true,"href":"https:\/\/ilmoliulampar.is\/en_gb\/wp-json\/wp\/v2\/product_cat?post=52863"},{"taxonomy":"product_tag","embeddable":true,"href":"https:\/\/ilmoliulampar.is\/en_gb\/wp-json\/wp\/v2\/product_tag?post=52863"}],"curies":[{"name":"wp","href":"https:\/\/api.w.org\/{rel}","templated":true}]}}