{"id":52873,"date":"2021-07-26T16:38:22","date_gmt":"2021-07-26T16:38:22","guid":{"rendered":"https:\/\/new.ilmoliulampar.is\/product\/revitalash-thickening-conditioner\/"},"modified":"2026-02-04T11:05:50","modified_gmt":"2026-02-04T11:05:50","slug":"revitalash-thickening-conditioner","status":"publish","type":"product","link":"https:\/\/ilmoliulampar.is\/en_gb\/product\/revitalash-thickening-conditioner\/","title":{"rendered":"Revitalash &#8211; Thickening Conditioner"},"content":{"rendered":"","protected":false},"excerpt":{"rendered":"<p><span style=\"font-weight: 400;\">V\u00f6ndu\u00f0 h\u00e1rme\u00f0fer\u00f0 sem n\u00e6rir og m\u00fdkir h\u00e1ri\u00f0 \u00e1samt \u00fev\u00ed a\u00f0 vernda \u00fea\u00f0 fyrir ska\u00f0legum \u00e1hrifum umhverfisins. Inniheldur s\u00e9rstaka form\u00falu sem stu\u00f0lar a\u00f0 heilbrig\u00f0um h\u00e1rsver\u00f0i<\/span>.<\/p>\n<p>H\u00e1ri\u00f0 ver\u00f0ur heilbrig\u00f0ar og fallegra.<\/p>\n<p>250 ml.<\/p>\n<p>M\u00e6lum me\u00f0 a\u00f0 nota h\u00e1rn\u00e6ringuna me\u00f0 RevitaLash Thickening Shampoo.<\/p>\n<p>Vegan Friendly &#8211; No Parabens &#8211; Cruelty free<\/p>","protected":false},"featured_media":42861,"comment_status":"closed","ping_status":"closed","template":"","meta":[],"product_brand":[],"product_cat":[191,146,216,113],"product_tag":[],"class_list":{"0":"post-52873","1":"product","2":"type-product","3":"status-publish","4":"has-post-thumbnail","6":"product_cat-hud-og-snyrtivorur","7":"product_cat-revitalash","8":"product_cat-revitalash-2","9":"product_cat-utsala","11":"first","12":"instock","13":"sale","14":"shipping-taxable","15":"purchasable","16":"product-type-simple"},"_links":{"self":[{"href":"https:\/\/ilmoliulampar.is\/en_gb\/wp-json\/wp\/v2\/product\/52873","targetHints":{"allow":["GET"]}}],"collection":[{"href":"https:\/\/ilmoliulampar.is\/en_gb\/wp-json\/wp\/v2\/product"}],"about":[{"href":"https:\/\/ilmoliulampar.is\/en_gb\/wp-json\/wp\/v2\/types\/product"}],"replies":[{"embeddable":true,"href":"https:\/\/ilmoliulampar.is\/en_gb\/wp-json\/wp\/v2\/comments?post=52873"}],"wp:featuredmedia":[{"embeddable":true,"href":"https:\/\/ilmoliulampar.is\/en_gb\/wp-json\/wp\/v2\/media\/42861"}],"wp:attachment":[{"href":"https:\/\/ilmoliulampar.is\/en_gb\/wp-json\/wp\/v2\/media?parent=52873"}],"wp:term":[{"taxonomy":"product_brand","embeddable":true,"href":"https:\/\/ilmoliulampar.is\/en_gb\/wp-json\/wp\/v2\/product_brand?post=52873"},{"taxonomy":"product_cat","embeddable":true,"href":"https:\/\/ilmoliulampar.is\/en_gb\/wp-json\/wp\/v2\/product_cat?post=52873"},{"taxonomy":"product_tag","embeddable":true,"href":"https:\/\/ilmoliulampar.is\/en_gb\/wp-json\/wp\/v2\/product_tag?post=52873"}],"curies":[{"name":"wp","href":"https:\/\/api.w.org\/{rel}","templated":true}]}}