{"id":52874,"date":"2021-07-26T16:40:53","date_gmt":"2021-07-26T16:40:53","guid":{"rendered":"https:\/\/new.ilmoliulampar.is\/product\/revitalash-thickening-shampoo\/"},"modified":"2026-02-03T15:20:58","modified_gmt":"2026-02-03T15:20:58","slug":"revitalash-thickening-shampoo","status":"publish","type":"product","link":"https:\/\/ilmoliulampar.is\/en_gb\/product\/revitalash-thickening-shampoo\/","title":{"rendered":"Revitalash &#8211; Thickening Shampoo"},"content":{"rendered":"","protected":false},"excerpt":{"rendered":"<p>Thickening sjamp\u00f3 sem styrkir h\u00e1ri\u00f0 og gefur \u00fev\u00ed fallegan glj\u00e1a \u00e1 sama t\u00edma og \u00fea\u00f0 verndar h\u00e1rsv\u00f6r\u00f0inn fyrir ska\u00f0legum \u00e1hrifum umhverfisins.<\/p>\n<p>Einstakt sjamp\u00f3 sem hentar fullkomlega fyrir \u00fe\u00e1 sem eru me\u00f0 f\u00edngert e\u00f0a \u00feunnt h\u00e1r.<\/p>\n<p><em>Ver\u00f0laun:<\/em><\/p>\n<p><em>2019 &#8211; HAIR AWARDS &#8211; COSMOPOLITAN<\/em><\/p>\n<p>&nbsp;<\/p>\n<p>250 ml.<\/p>\n<p>M\u00e6lum me\u00f0 a\u00f0 nota sjamp\u00f3i\u00f0 me\u00f0 RevitaLash Thickening Conditioner.<\/p>\n<p>Vegan Friendly &#8211; No Parabens &#8211; Cruelty free<\/p>","protected":false},"featured_media":42864,"comment_status":"closed","ping_status":"closed","template":"","meta":[],"product_brand":[],"product_cat":[191,216],"product_tag":[],"class_list":{"0":"post-52874","1":"product","2":"type-product","3":"status-publish","4":"has-post-thumbnail","6":"product_cat-hud-og-snyrtivorur","7":"product_cat-revitalash-2","9":"first","10":"outofstock","11":"shipping-taxable","12":"purchasable","13":"product-type-simple"},"_links":{"self":[{"href":"https:\/\/ilmoliulampar.is\/en_gb\/wp-json\/wp\/v2\/product\/52874","targetHints":{"allow":["GET"]}}],"collection":[{"href":"https:\/\/ilmoliulampar.is\/en_gb\/wp-json\/wp\/v2\/product"}],"about":[{"href":"https:\/\/ilmoliulampar.is\/en_gb\/wp-json\/wp\/v2\/types\/product"}],"replies":[{"embeddable":true,"href":"https:\/\/ilmoliulampar.is\/en_gb\/wp-json\/wp\/v2\/comments?post=52874"}],"wp:featuredmedia":[{"embeddable":true,"href":"https:\/\/ilmoliulampar.is\/en_gb\/wp-json\/wp\/v2\/media\/42864"}],"wp:attachment":[{"href":"https:\/\/ilmoliulampar.is\/en_gb\/wp-json\/wp\/v2\/media?parent=52874"}],"wp:term":[{"taxonomy":"product_brand","embeddable":true,"href":"https:\/\/ilmoliulampar.is\/en_gb\/wp-json\/wp\/v2\/product_brand?post=52874"},{"taxonomy":"product_cat","embeddable":true,"href":"https:\/\/ilmoliulampar.is\/en_gb\/wp-json\/wp\/v2\/product_cat?post=52874"},{"taxonomy":"product_tag","embeddable":true,"href":"https:\/\/ilmoliulampar.is\/en_gb\/wp-json\/wp\/v2\/product_tag?post=52874"}],"curies":[{"name":"wp","href":"https:\/\/api.w.org\/{rel}","templated":true}]}}