{"id":52875,"date":"2021-07-28T17:25:43","date_gmt":"2021-07-28T17:25:43","guid":{"rendered":"https:\/\/new.ilmoliulampar.is\/product\/marc-inbane-luxus-ferdasett\/"},"modified":"2025-02-05T16:32:12","modified_gmt":"2025-02-05T16:32:12","slug":"marc-inbane-luxus-ferdasett","status":"publish","type":"product","link":"https:\/\/ilmoliulampar.is\/en_gb\/product\/marc-inbane-luxus-ferdasett\/","title":{"rendered":"Marc Inbane &#8211; L\u00faxus fer\u00f0asett"},"content":{"rendered":"","protected":false},"excerpt":{"rendered":"<p>L\u00faxus fer\u00f0asetti\u00f0 fr\u00e1 MARC INBANE inniheldur n\u00e1tt\u00farulegt br\u00fankusprey \u00ed fer\u00f0ast\u00e6r\u00f0 og kabuki bursta sem hj\u00e1lpar vi\u00f0 a\u00f0 n\u00e1 fallegri og jafnri br\u00fanku. \u00a0Kabuki burstinn hentar einstaklega vel til a\u00f0 n\u00e1 a\u00f0 bera jafnt \u00e1 fingur og hendur og eins \u00e1 andliti\u00f0.<\/p>\n<p>&nbsp;<\/p>\n<p><strong>L\u00faxus fer\u00f0asetti\u00f0 inniheldur:<\/strong><\/p>\n<p>1 x MARC INBANE n\u00e1tt\u00farulegt br\u00fankusprey\u00a050 ml<br \/>\n1 x MARC INBANE kabuki bursti<br \/>\n1 x MARC INBANE l\u00faxus fer\u00f0a snyrtitaska<\/p>\n<p>&nbsp;<\/p>\n<p><strong>MARC INBANE n\u00e1tt\u00farulegt br\u00fankusprey<\/strong><br \/>\nMARC INBANE n\u00e1tt\u00farulega br\u00fankuspreyi\u00f0 er l\u00e9tt sprey sem lagar sig a\u00f0 \u00fe\u00ednum h\u00fa\u00f0lit og gefur fallega og jafna br\u00fanku. Spreyi\u00f0 hressir upp \u00e1 h\u00fa\u00f0litinn og gerir hann samstundis geislandi. \u00dea\u00f0 \u00feornar hratt, skilar flekkjalausri \u00e1fer\u00f0 og au\u00f0velt er a\u00f0 bera \u00fea\u00f0 \u00e1 me\u00f0 \u00f6rtrefjahanskanum. Spreyi\u00f0 inniheldur n\u00e1tt\u00faruleg innihaldsefni \u00far jurtar\u00edkinu svo sem aloe vera og ginko. F\u00f6r\u00f0unarfr\u00e6\u00f0ingar, snyrtifr\u00e6\u00f0ingar og h\u00e1rgrei\u00f0sluf\u00f3lk m\u00e6lir reglulega me\u00f0 MARC INBANE br\u00fankuspreyinu.<\/p>\n<p>Au\u00f0veld, heilbrig\u00f0 og \u00f6rugg lei\u00f0 til a\u00f0 f\u00e1 og vi\u00f0halda fallegri br\u00fanku allt \u00e1ri\u00f0 um kring.<\/p>\n<p>&nbsp;<\/p>\n<p><strong>Kostir<\/strong><\/p>\n<ul>\n<li>Heilbrigt og h\u00e6ttulaust n\u00e1tt\u00farulegt br\u00fankusprey<\/li>\n<li>Au\u00f0velt a\u00f0 bera \u00fea\u00f0 \u00e1 sig sj\u00e1lf\/ur<\/li>\n<li>\u00deornar flj\u00f3tt og ver\u00f0ur ekki flekk\u00f3tt8<\/li>\n<\/ul>","protected":false},"featured_media":42867,"comment_status":"closed","ping_status":"closed","template":"","meta":[],"product_brand":[],"product_cat":[191,148],"product_tag":[],"class_list":{"0":"post-52875","1":"product","2":"type-product","3":"status-publish","4":"has-post-thumbnail","6":"product_cat-hud-og-snyrtivorur","7":"product_cat-marc-inbane","9":"first","10":"outofstock","11":"sale","12":"shipping-taxable","13":"purchasable","14":"product-type-simple"},"_links":{"self":[{"href":"https:\/\/ilmoliulampar.is\/en_gb\/wp-json\/wp\/v2\/product\/52875","targetHints":{"allow":["GET"]}}],"collection":[{"href":"https:\/\/ilmoliulampar.is\/en_gb\/wp-json\/wp\/v2\/product"}],"about":[{"href":"https:\/\/ilmoliulampar.is\/en_gb\/wp-json\/wp\/v2\/types\/product"}],"replies":[{"embeddable":true,"href":"https:\/\/ilmoliulampar.is\/en_gb\/wp-json\/wp\/v2\/comments?post=52875"}],"wp:featuredmedia":[{"embeddable":true,"href":"https:\/\/ilmoliulampar.is\/en_gb\/wp-json\/wp\/v2\/media\/42867"}],"wp:attachment":[{"href":"https:\/\/ilmoliulampar.is\/en_gb\/wp-json\/wp\/v2\/media?parent=52875"}],"wp:term":[{"taxonomy":"product_brand","embeddable":true,"href":"https:\/\/ilmoliulampar.is\/en_gb\/wp-json\/wp\/v2\/product_brand?post=52875"},{"taxonomy":"product_cat","embeddable":true,"href":"https:\/\/ilmoliulampar.is\/en_gb\/wp-json\/wp\/v2\/product_cat?post=52875"},{"taxonomy":"product_tag","embeddable":true,"href":"https:\/\/ilmoliulampar.is\/en_gb\/wp-json\/wp\/v2\/product_tag?post=52875"}],"curies":[{"name":"wp","href":"https:\/\/api.w.org\/{rel}","templated":true}]}}