{"id":52876,"date":"2021-08-10T12:48:45","date_gmt":"2021-08-10T12:48:45","guid":{"rendered":"https:\/\/new.ilmoliulampar.is\/product\/ancient-breathe-easy\/"},"modified":"2025-10-30T13:09:20","modified_gmt":"2025-10-30T13:09:20","slug":"ancient-breathe-easy","status":"publish","type":"product","link":"https:\/\/ilmoliulampar.is\/en_gb\/product\/ancient-breathe-easy\/","title":{"rendered":"Ancient Wisdom &#8211; Breathe Easy"},"content":{"rendered":"","protected":false},"excerpt":{"rendered":"<p>Breathe Easy ilmkjarnaol\u00edan<\/p>\n<p>\u00deessi er \u00e6\u00f0isleg, s\u00e9rstaklega fr\u00edskandi &amp; uppl\u00edfgandi ol\u00eda me\u00f0 hreinsandi eiginleika!<\/p>\n<p>Blanda af Eucalyptus, Ravensara &amp; piparmintu, en eins og nafni\u00f0 gefur til kynna hj\u00e1lpar h\u00fan til vi\u00f0 \u00f6ndunina me\u00f0 \u00fev\u00ed a\u00f0 hafa hreinsandi \u00e1hrif \u00e1 kinnholurnar og \u00f6ndurf\u00e6rin!<\/p>\n<p>Einnig mj\u00f6g gott a\u00f0 nota Breathe Easy \u00a0t.d \u00fear sem miki\u00f0 ryk hefur veri\u00f0, e\u00f0a mengun af einhverju tagi eins og t.d af mikilli b\u00edlaumfer\u00f0, i\u00f0na\u00f0arryk og svona m\u00e1 lengi telja!<\/p>","protected":false},"featured_media":42870,"comment_status":"closed","ping_status":"closed","template":"","meta":[],"product_brand":[],"product_cat":[224,108],"product_tag":[],"class_list":{"0":"post-52876","1":"product","2":"type-product","3":"status-publish","4":"has-post-thumbnail","6":"product_cat-ilmkjarnaoliur-oliur","7":"product_cat-oliur","9":"first","10":"instock","11":"shipping-taxable","12":"purchasable","13":"product-type-simple"},"_links":{"self":[{"href":"https:\/\/ilmoliulampar.is\/en_gb\/wp-json\/wp\/v2\/product\/52876","targetHints":{"allow":["GET"]}}],"collection":[{"href":"https:\/\/ilmoliulampar.is\/en_gb\/wp-json\/wp\/v2\/product"}],"about":[{"href":"https:\/\/ilmoliulampar.is\/en_gb\/wp-json\/wp\/v2\/types\/product"}],"replies":[{"embeddable":true,"href":"https:\/\/ilmoliulampar.is\/en_gb\/wp-json\/wp\/v2\/comments?post=52876"}],"wp:featuredmedia":[{"embeddable":true,"href":"https:\/\/ilmoliulampar.is\/en_gb\/wp-json\/wp\/v2\/media\/42870"}],"wp:attachment":[{"href":"https:\/\/ilmoliulampar.is\/en_gb\/wp-json\/wp\/v2\/media?parent=52876"}],"wp:term":[{"taxonomy":"product_brand","embeddable":true,"href":"https:\/\/ilmoliulampar.is\/en_gb\/wp-json\/wp\/v2\/product_brand?post=52876"},{"taxonomy":"product_cat","embeddable":true,"href":"https:\/\/ilmoliulampar.is\/en_gb\/wp-json\/wp\/v2\/product_cat?post=52876"},{"taxonomy":"product_tag","embeddable":true,"href":"https:\/\/ilmoliulampar.is\/en_gb\/wp-json\/wp\/v2\/product_tag?post=52876"}],"curies":[{"name":"wp","href":"https:\/\/api.w.org\/{rel}","templated":true}]}}