{"id":52877,"date":"2021-08-25T11:44:35","date_gmt":"2021-08-25T11:44:35","guid":{"rendered":"https:\/\/new.ilmoliulampar.is\/product\/stangir-fyrir-ilmstangir-3-litir\/"},"modified":"2026-02-09T15:51:10","modified_gmt":"2026-02-09T15:51:10","slug":"stangir-fyrir-ilmstangir-3-litir","status":"publish","type":"product","link":"https:\/\/ilmoliulampar.is\/en_gb\/product\/stangir-fyrir-ilmstangir-3-litir\/","title":{"rendered":"Stangir fyrir ilmstangir, 3 litir"},"content":{"rendered":"","protected":false},"excerpt":{"rendered":"<p>Auka stangir fyrir ilmstangir, um er a\u00f0 r\u00e6\u00f0a b\u00fant me\u00f0 10 st\u00f6ngum.<\/p>\n<p>F\u00e1anlegar \u00ed 3 litum:<\/p>\n<ul>\n<li>Svartar<\/li>\n<li>Hv\u00edtar<\/li>\n<li>Vi\u00f0ar<\/li>\n<\/ul>\n<p>&nbsp;<\/p>\n<p>St\u00e6r\u00f0: 4 mm x 250 mm<\/p>\n<p>&nbsp;<\/p>","protected":false},"featured_media":42873,"comment_status":"closed","ping_status":"closed","template":"","meta":[],"product_brand":[],"product_cat":[200,108],"product_tag":[],"class_list":{"0":"post-52877","1":"product","2":"type-product","3":"status-publish","4":"has-post-thumbnail","6":"product_cat-ilmstangir-oliur","7":"product_cat-oliur","9":"first","10":"instock","11":"shipping-taxable","12":"purchasable","13":"product-type-variable"},"_links":{"self":[{"href":"https:\/\/ilmoliulampar.is\/en_gb\/wp-json\/wp\/v2\/product\/52877","targetHints":{"allow":["GET"]}}],"collection":[{"href":"https:\/\/ilmoliulampar.is\/en_gb\/wp-json\/wp\/v2\/product"}],"about":[{"href":"https:\/\/ilmoliulampar.is\/en_gb\/wp-json\/wp\/v2\/types\/product"}],"replies":[{"embeddable":true,"href":"https:\/\/ilmoliulampar.is\/en_gb\/wp-json\/wp\/v2\/comments?post=52877"}],"wp:featuredmedia":[{"embeddable":true,"href":"https:\/\/ilmoliulampar.is\/en_gb\/wp-json\/wp\/v2\/media\/42873"}],"wp:attachment":[{"href":"https:\/\/ilmoliulampar.is\/en_gb\/wp-json\/wp\/v2\/media?parent=52877"}],"wp:term":[{"taxonomy":"product_brand","embeddable":true,"href":"https:\/\/ilmoliulampar.is\/en_gb\/wp-json\/wp\/v2\/product_brand?post=52877"},{"taxonomy":"product_cat","embeddable":true,"href":"https:\/\/ilmoliulampar.is\/en_gb\/wp-json\/wp\/v2\/product_cat?post=52877"},{"taxonomy":"product_tag","embeddable":true,"href":"https:\/\/ilmoliulampar.is\/en_gb\/wp-json\/wp\/v2\/product_tag?post=52877"}],"curies":[{"name":"wp","href":"https:\/\/api.w.org\/{rel}","templated":true}]}}