{"id":52882,"date":"2021-08-25T14:15:07","date_gmt":"2021-08-25T14:15:07","guid":{"rendered":"https:\/\/new.ilmoliulampar.is\/product\/novo-hvitur-ilmoliulampi-m-usb\/"},"modified":"2026-03-10T13:57:37","modified_gmt":"2026-03-10T13:57:37","slug":"novo-hvitur-ilmoliulampi-m-usb","status":"publish","type":"product","link":"https:\/\/ilmoliulampar.is\/en_gb\/product\/novo-hvitur-ilmoliulampi-m-usb\/","title":{"rendered":"NOVO &#8211; hv\u00edtur, ilmol\u00edulampi m\/USB"},"content":{"rendered":"","protected":false},"excerpt":{"rendered":"<div class=\"product attribute overview\">\n<div class=\"value\">Hinn fullkomni &#8222;vinnuf\u00e9lagi&#8220; \u00e1 skrifbor\u00f0i\u00f0 \u00ed vinnunni\/heima!<\/div>\n<div class=\"value\">Novo ilmol\u00edulampinn er me\u00f0 USB tengi (innifali\u00f0), tengir hann \u00fev\u00ed bara vi\u00f0 t\u00f6lvuna \u00fe\u00edna e\u00f0a \u00ed s\u00edma-hle\u00f0slu kubb!<\/div>\n<\/div>\n<div class=\"product-add-form\">\n<form id=\"product_addtocart_form\" action=\"https:\/\/madebyzen.com\/checkout\/cart\/add\/uenc\/aHR0cHM6Ly9tYWRlYnl6ZW4uY29tL25vdm8tdGF1cGUuaHRtbA%2C%2C\/product\/220\/\" method=\"post\" novalidate=\"novalidate\" data-product-sku=\"EW059TUSB\">\n<div class=\"box-tocart\">\n<div>Novo er me\u00f0 100 ml vantstank og getur \u00fev\u00ed veri\u00f0 \u00ed gangi \u00ed allt a\u00f0 \u00a06 klst \u00e1 einum tanki.<\/div>\n<div>Einnig tilvalin fer\u00f0af\u00e9lagi, hvort sem er \u00ed hj\u00f3lh\u00fdsi\u00f0 e\u00f0a me\u00f0 \u00e1 h\u00f3teli\u00f0!<\/div>\n<div>L\u00fdsing sem skiptir \u00f6llum regnbogans litum.<\/div>\n<div>Kveikt er \u00e1 Novo \u00e1 takka sem er sta\u00f0settur undir honum.<\/div>\n<div><\/div>\n<div>Litur: Hv\u00edtur<\/div>\n<div>Tankur: 100 ml<\/div>\n<div>St\u00e6r\u00f0: 11.2 x 9.6 cm<\/div>\n<div>5W, Output Voltage DC 5V<\/div>\n<div><\/div>\n<\/div>\n<\/form>\n<\/div>","protected":false},"featured_media":42884,"comment_status":"closed","ping_status":"closed","template":"","meta":[],"product_brand":[],"product_cat":[182,107],"product_tag":[],"class_list":{"0":"post-52882","1":"product","2":"type-product","3":"status-publish","4":"has-post-thumbnail","6":"product_cat-ilmoliulampar","7":"product_cat-lampar","9":"first","10":"instock","11":"shipping-taxable","12":"purchasable","13":"product-type-simple"},"_links":{"self":[{"href":"https:\/\/ilmoliulampar.is\/en_gb\/wp-json\/wp\/v2\/product\/52882","targetHints":{"allow":["GET"]}}],"collection":[{"href":"https:\/\/ilmoliulampar.is\/en_gb\/wp-json\/wp\/v2\/product"}],"about":[{"href":"https:\/\/ilmoliulampar.is\/en_gb\/wp-json\/wp\/v2\/types\/product"}],"replies":[{"embeddable":true,"href":"https:\/\/ilmoliulampar.is\/en_gb\/wp-json\/wp\/v2\/comments?post=52882"}],"wp:featuredmedia":[{"embeddable":true,"href":"https:\/\/ilmoliulampar.is\/en_gb\/wp-json\/wp\/v2\/media\/42884"}],"wp:attachment":[{"href":"https:\/\/ilmoliulampar.is\/en_gb\/wp-json\/wp\/v2\/media?parent=52882"}],"wp:term":[{"taxonomy":"product_brand","embeddable":true,"href":"https:\/\/ilmoliulampar.is\/en_gb\/wp-json\/wp\/v2\/product_brand?post=52882"},{"taxonomy":"product_cat","embeddable":true,"href":"https:\/\/ilmoliulampar.is\/en_gb\/wp-json\/wp\/v2\/product_cat?post=52882"},{"taxonomy":"product_tag","embeddable":true,"href":"https:\/\/ilmoliulampar.is\/en_gb\/wp-json\/wp\/v2\/product_tag?post=52882"}],"curies":[{"name":"wp","href":"https:\/\/api.w.org\/{rel}","templated":true}]}}