{"id":52889,"date":"2021-08-27T16:33:39","date_gmt":"2021-08-27T16:33:39","guid":{"rendered":"https:\/\/new.ilmoliulampar.is\/product\/citronella-organic\/"},"modified":"2025-10-30T16:08:04","modified_gmt":"2025-10-30T16:08:04","slug":"citronella-organic","status":"publish","type":"product","link":"https:\/\/ilmoliulampar.is\/en_gb\/product\/citronella-organic\/","title":{"rendered":"Citronella"},"content":{"rendered":"","protected":false},"excerpt":{"rendered":"<p>L\u00edfr\u00e6n Citronella ilmkjarnaol\u00eda.<\/p>\n<p>Unnin beint \u00far Citronella-pl\u00f6ntunni sj\u00e1lfri. Citronella hefur veri\u00f0 notu\u00f0 \u00ed \u00e1r og aldir \u00ed daglegu l\u00edfi svo margra, \u00fe\u00e1 s\u00e9rstaklega \u00ed As\u00edu og \u00e1 Indlandi. H\u00fan hefur svo marga kosti, en hva\u00f0 \u00feekktust fyrir a\u00f0 vera hin besta p\u00f6ddu-f\u00e6la!<\/p>\n<p>\u00dear fyrir utan er h\u00fan sveppadrepandi, hefur l\u00e6knandi \u00e1hrif \u00e1 s\u00e1r, mj\u00f6g uppl\u00edfgandi fyrir s\u00e1l og l\u00edkama, sagt a\u00f0 \u00fea\u00f0 s\u00e9 n\u00e1nanst \u00f3m\u00f6gulegt a\u00f0 vera \u00ed f\u00fdlu \u00feegar allt ilmar af Citronella! \u00dear sem um er a\u00f0 r\u00e6\u00f0a s\u00e6tan s\u00edtr\u00f3nuilm, sem er \u00a0algj\u00f6rlega \u00f3m\u00f3tst\u00e6\u00f0ilegur.<\/p>\n<p>&nbsp;<\/p>\n<p>ATH: Ef bera \u00e1 h\u00fa\u00f0 \u00fe\u00e1 blandast alltaf vi\u00f0 g\u00f3\u00f0a grunnol\u00edu.<\/p>\n<p>&nbsp;<\/p>\n<p>10 ml<\/p>\n<p>&nbsp;<\/p>","protected":false},"featured_media":42903,"comment_status":"closed","ping_status":"closed","template":"","meta":[],"product_brand":[],"product_cat":[224,209,108],"product_tag":[],"class_list":{"0":"post-52889","1":"product","2":"type-product","3":"status-publish","4":"has-post-thumbnail","6":"product_cat-ilmkjarnaoliur-oliur","7":"product_cat-nyjar-oliur-oliur","8":"product_cat-oliur","10":"first","11":"instock","12":"shipping-taxable","13":"purchasable","14":"product-type-simple"},"_links":{"self":[{"href":"https:\/\/ilmoliulampar.is\/en_gb\/wp-json\/wp\/v2\/product\/52889","targetHints":{"allow":["GET"]}}],"collection":[{"href":"https:\/\/ilmoliulampar.is\/en_gb\/wp-json\/wp\/v2\/product"}],"about":[{"href":"https:\/\/ilmoliulampar.is\/en_gb\/wp-json\/wp\/v2\/types\/product"}],"replies":[{"embeddable":true,"href":"https:\/\/ilmoliulampar.is\/en_gb\/wp-json\/wp\/v2\/comments?post=52889"}],"wp:featuredmedia":[{"embeddable":true,"href":"https:\/\/ilmoliulampar.is\/en_gb\/wp-json\/wp\/v2\/media\/42903"}],"wp:attachment":[{"href":"https:\/\/ilmoliulampar.is\/en_gb\/wp-json\/wp\/v2\/media?parent=52889"}],"wp:term":[{"taxonomy":"product_brand","embeddable":true,"href":"https:\/\/ilmoliulampar.is\/en_gb\/wp-json\/wp\/v2\/product_brand?post=52889"},{"taxonomy":"product_cat","embeddable":true,"href":"https:\/\/ilmoliulampar.is\/en_gb\/wp-json\/wp\/v2\/product_cat?post=52889"},{"taxonomy":"product_tag","embeddable":true,"href":"https:\/\/ilmoliulampar.is\/en_gb\/wp-json\/wp\/v2\/product_tag?post=52889"}],"curies":[{"name":"wp","href":"https:\/\/api.w.org\/{rel}","templated":true}]}}