{"id":52890,"date":"2021-08-27T16:54:04","date_gmt":"2021-08-27T16:54:04","guid":{"rendered":"https:\/\/new.ilmoliulampar.is\/product\/bug-be-gone-skordyrafaelu-ilmolia\/"},"modified":"2024-03-12T17:05:57","modified_gmt":"2024-03-12T17:05:57","slug":"bug-be-gone-skordyrafaelu-ilmolia","status":"publish","type":"product","link":"https:\/\/ilmoliulampar.is\/en_gb\/product\/bug-be-gone-skordyrafaelu-ilmolia\/","title":{"rendered":"Bug be gone, skord\u00fdraf\u00e6lu-ilmol\u00eda"},"content":{"rendered":"","protected":false},"excerpt":{"rendered":"<p dir=\"ltr\"><strong>Skord\u00fdraf\u00e6la me\u00f0 meiru!<\/strong><\/p>\n<p dir=\"ltr\">\u00deessi hressandi, krydda\u00f0i \u00a0ilmur inniheldur hreinar ilmkjarnaol\u00edur: Citronella, lemongrass, orange, eucalyptus og\u00a0Litsea cubeba,sem er tegund af tr\u00e9 sem vex \u00ed K\u00edna, Indones\u00edu, Taiwan og Su\u00f0-Austur As\u00edu, um er a\u00f0 r\u00e6\u00f0a risavaxin tr\u00e9 sem eru hva\u00f0 \u00feekktust fyrir a\u00f0 vera skord\u00fdraf\u00e6lur og oftast k\u00f6llu\u00f0 Mountain Pepper e\u00f0a Fjalla-pipar!<\/p>\n<p dir=\"ltr\">Einnig hefur Litsea Cubeba \u00e1kve\u00f0in &#8222;l\u00e6kningarm\u00e1tt&#8220; og hefur veri\u00f0 nota\u00f0 \u00ed gegnum \u00e1rin sem g\u00f6mul h\u00fasr\u00e1\u00f0 vi\u00f0 allskonar kvillum \u00e1 bor\u00f0 vi\u00f0 magakveisu, ni\u00f0urgang, asthma, kvefi, sykurs\u00fdki og svona m\u00e1 lengi telja.<\/p>\n<p dir=\"ltr\">Ol\u00edan er \u00e1n Phthalate<\/p>","protected":false},"featured_media":42906,"comment_status":"closed","ping_status":"open","template":"","meta":[],"product_brand":[],"product_cat":[224,108],"product_tag":[],"class_list":{"0":"post-52890","1":"product","2":"type-product","3":"status-publish","4":"has-post-thumbnail","6":"product_cat-ilmkjarnaoliur-oliur","7":"product_cat-oliur","9":"first","10":"instock","11":"shipping-taxable","12":"purchasable","13":"product-type-simple"},"_links":{"self":[{"href":"https:\/\/ilmoliulampar.is\/en_gb\/wp-json\/wp\/v2\/product\/52890","targetHints":{"allow":["GET"]}}],"collection":[{"href":"https:\/\/ilmoliulampar.is\/en_gb\/wp-json\/wp\/v2\/product"}],"about":[{"href":"https:\/\/ilmoliulampar.is\/en_gb\/wp-json\/wp\/v2\/types\/product"}],"replies":[{"embeddable":true,"href":"https:\/\/ilmoliulampar.is\/en_gb\/wp-json\/wp\/v2\/comments?post=52890"}],"wp:featuredmedia":[{"embeddable":true,"href":"https:\/\/ilmoliulampar.is\/en_gb\/wp-json\/wp\/v2\/media\/42906"}],"wp:attachment":[{"href":"https:\/\/ilmoliulampar.is\/en_gb\/wp-json\/wp\/v2\/media?parent=52890"}],"wp:term":[{"taxonomy":"product_brand","embeddable":true,"href":"https:\/\/ilmoliulampar.is\/en_gb\/wp-json\/wp\/v2\/product_brand?post=52890"},{"taxonomy":"product_cat","embeddable":true,"href":"https:\/\/ilmoliulampar.is\/en_gb\/wp-json\/wp\/v2\/product_cat?post=52890"},{"taxonomy":"product_tag","embeddable":true,"href":"https:\/\/ilmoliulampar.is\/en_gb\/wp-json\/wp\/v2\/product_tag?post=52890"}],"curies":[{"name":"wp","href":"https:\/\/api.w.org\/{rel}","templated":true}]}}