{"id":52891,"date":"2021-08-31T12:16:03","date_gmt":"2021-08-31T12:16:03","guid":{"rendered":"https:\/\/new.ilmoliulampar.is\/product\/cocomusk-coco-shea-bb-type\/"},"modified":"2026-03-11T14:14:41","modified_gmt":"2026-03-11T14:14:41","slug":"cocomusk-coco-shea-bb-type","status":"publish","type":"product","link":"https:\/\/ilmoliulampar.is\/en_gb\/product\/cocomusk-coco-shea-bb-type\/","title":{"rendered":"COCO MUSK &#8211; BBW"},"content":{"rendered":"","protected":false},"excerpt":{"rendered":"<p>CocoMusk Coco Shea, Bath &amp; Bodyworks &#8211; <strong>ilmol\u00eda<\/strong><\/p>\n<p>\u00c6\u00f0islegur k\u00f3kos ilmur \u00ed bland vi\u00f0 s\u00e6tan musk, \u00feetta er sami ilmur og er af Coco Shea Coconut l\u00ednunni fr\u00e1 B&amp;BW.<\/p>\n<p>Mj\u00fakur, mildur og \u00e6\u00f0islegur, ef \u00fe\u00fa elskar k\u00f3kos \u00fe\u00e1 er \u00feessi kl\u00e1rlega fyrir \u00feig!<\/p>\n<p>&nbsp;<\/p>\n<p><em>(ATH. um er a\u00f0 r\u00e6\u00f0a ilmol\u00edu, myndin er notu\u00f0 til \u00feess a\u00f0 l\u00fdsa ilminum sem vi\u00f0 er \u00e1tt)<\/em><\/p>\n<p>&nbsp;<\/p>","protected":false},"featured_media":42911,"comment_status":"closed","ping_status":"closed","template":"","meta":[],"product_brand":[],"product_cat":[195,209,108],"product_tag":[],"class_list":{"0":"post-52891","1":"product","2":"type-product","3":"status-publish","4":"has-post-thumbnail","6":"product_cat-ilmoliur-oliur","7":"product_cat-nyjar-oliur-oliur","8":"product_cat-oliur","10":"first","11":"instock","12":"shipping-taxable","13":"purchasable","14":"product-type-simple"},"_links":{"self":[{"href":"https:\/\/ilmoliulampar.is\/en_gb\/wp-json\/wp\/v2\/product\/52891","targetHints":{"allow":["GET"]}}],"collection":[{"href":"https:\/\/ilmoliulampar.is\/en_gb\/wp-json\/wp\/v2\/product"}],"about":[{"href":"https:\/\/ilmoliulampar.is\/en_gb\/wp-json\/wp\/v2\/types\/product"}],"replies":[{"embeddable":true,"href":"https:\/\/ilmoliulampar.is\/en_gb\/wp-json\/wp\/v2\/comments?post=52891"}],"wp:featuredmedia":[{"embeddable":true,"href":"https:\/\/ilmoliulampar.is\/en_gb\/wp-json\/wp\/v2\/media\/42911"}],"wp:attachment":[{"href":"https:\/\/ilmoliulampar.is\/en_gb\/wp-json\/wp\/v2\/media?parent=52891"}],"wp:term":[{"taxonomy":"product_brand","embeddable":true,"href":"https:\/\/ilmoliulampar.is\/en_gb\/wp-json\/wp\/v2\/product_brand?post=52891"},{"taxonomy":"product_cat","embeddable":true,"href":"https:\/\/ilmoliulampar.is\/en_gb\/wp-json\/wp\/v2\/product_cat?post=52891"},{"taxonomy":"product_tag","embeddable":true,"href":"https:\/\/ilmoliulampar.is\/en_gb\/wp-json\/wp\/v2\/product_tag?post=52891"}],"curies":[{"name":"wp","href":"https:\/\/api.w.org\/{rel}","templated":true}]}}