{"id":52895,"date":"2021-09-14T15:16:53","date_gmt":"2021-09-14T15:16:53","guid":{"rendered":"https:\/\/new.ilmoliulampar.is\/product\/bamboo\/"},"modified":"2025-11-08T13:37:26","modified_gmt":"2025-11-08T13:37:26","slug":"bamboo","status":"publish","type":"product","link":"https:\/\/ilmoliulampar.is\/en_gb\/product\/bamboo\/","title":{"rendered":"BAMBOO"},"content":{"rendered":"","protected":false},"excerpt":{"rendered":"<p>Bamboo er s\u00e9rstaklega hreinlegur ilmur, mildur og fr\u00edskandi! Minnir \u00e1 ilminn af n\u00fdslegnu grasi og s\u00edtr\u00f3num.<\/p>\n<p>Bamboo er blanda af Lavender, gr\u00e6num bl\u00f3mum, Patchouli, s\u00edtr\u00f3nu og l\u00e9ttum vi\u00f0art\u00f3num.<\/p>\n<p>Ef \u00fe\u00fa elskar ilm eins og Clean Cotton, Fresh Linen og \u00fe.h \u00fe\u00e1 \u00e1ttu eftir a\u00f0 elska \u00feennan l\u00edka.<\/p>","protected":false},"featured_media":42928,"comment_status":"closed","ping_status":"closed","template":"","meta":[],"product_brand":[],"product_cat":[195,209,108],"product_tag":[],"class_list":{"0":"post-52895","1":"product","2":"type-product","3":"status-publish","4":"has-post-thumbnail","6":"product_cat-ilmoliur-oliur","7":"product_cat-nyjar-oliur-oliur","8":"product_cat-oliur","10":"first","11":"instock","12":"shipping-taxable","13":"purchasable","14":"product-type-simple"},"_links":{"self":[{"href":"https:\/\/ilmoliulampar.is\/en_gb\/wp-json\/wp\/v2\/product\/52895","targetHints":{"allow":["GET"]}}],"collection":[{"href":"https:\/\/ilmoliulampar.is\/en_gb\/wp-json\/wp\/v2\/product"}],"about":[{"href":"https:\/\/ilmoliulampar.is\/en_gb\/wp-json\/wp\/v2\/types\/product"}],"replies":[{"embeddable":true,"href":"https:\/\/ilmoliulampar.is\/en_gb\/wp-json\/wp\/v2\/comments?post=52895"}],"wp:featuredmedia":[{"embeddable":true,"href":"https:\/\/ilmoliulampar.is\/en_gb\/wp-json\/wp\/v2\/media\/42928"}],"wp:attachment":[{"href":"https:\/\/ilmoliulampar.is\/en_gb\/wp-json\/wp\/v2\/media?parent=52895"}],"wp:term":[{"taxonomy":"product_brand","embeddable":true,"href":"https:\/\/ilmoliulampar.is\/en_gb\/wp-json\/wp\/v2\/product_brand?post=52895"},{"taxonomy":"product_cat","embeddable":true,"href":"https:\/\/ilmoliulampar.is\/en_gb\/wp-json\/wp\/v2\/product_cat?post=52895"},{"taxonomy":"product_tag","embeddable":true,"href":"https:\/\/ilmoliulampar.is\/en_gb\/wp-json\/wp\/v2\/product_tag?post=52895"}],"curies":[{"name":"wp","href":"https:\/\/api.w.org\/{rel}","templated":true}]}}