{"id":52896,"date":"2021-09-15T17:50:38","date_gmt":"2021-09-15T17:50:38","guid":{"rendered":"https:\/\/new.ilmoliulampar.is\/product\/ariana-grande-cloud-ilmolia\/"},"modified":"2026-03-11T13:36:00","modified_gmt":"2026-03-11T13:36:00","slug":"ariana-grande-cloud-ilmolia","status":"publish","type":"product","link":"https:\/\/ilmoliulampar.is\/en_gb\/product\/ariana-grande-cloud-ilmolia\/","title":{"rendered":"CLOUD &#8211; ARIANA GRANDE"},"content":{"rendered":"","protected":false},"excerpt":{"rendered":"<p>Ariana Grande &#8211; Cloud <em><strong>ilmol\u00eda<\/strong><\/em><\/p>\n<p>\u00deessi er alveg eins og Cloud ilmvatni\u00f0 fr\u00e1 Ariana Grande! S\u00e6tur, ferskur og gu\u00f0d\u00f3mlegur ilmur!<\/p>\n<p>Blanda af perum, Lavender og Bergam\u00f3t, ork\u00eddeum &amp; Musk.<\/p>\n<p>&nbsp;<\/p>\n<p>&nbsp;<\/p>\n<p><em>(Athugi\u00f0, um er a\u00f0 r\u00e6\u00f0a ilmol\u00edu, myndin er notu\u00f0 til \u00feess a\u00f0 l\u00fdsa ilminum af ol\u00edunni.)<\/em><\/p>\n<p>&nbsp;<\/p>","protected":false},"featured_media":42931,"comment_status":"closed","ping_status":"closed","template":"","meta":[],"product_brand":[],"product_cat":[195,108],"product_tag":[],"class_list":{"0":"post-52896","1":"product","2":"type-product","3":"status-publish","4":"has-post-thumbnail","6":"product_cat-ilmoliur-oliur","7":"product_cat-oliur","9":"first","10":"instock","11":"shipping-taxable","12":"purchasable","13":"product-type-simple"},"_links":{"self":[{"href":"https:\/\/ilmoliulampar.is\/en_gb\/wp-json\/wp\/v2\/product\/52896","targetHints":{"allow":["GET"]}}],"collection":[{"href":"https:\/\/ilmoliulampar.is\/en_gb\/wp-json\/wp\/v2\/product"}],"about":[{"href":"https:\/\/ilmoliulampar.is\/en_gb\/wp-json\/wp\/v2\/types\/product"}],"replies":[{"embeddable":true,"href":"https:\/\/ilmoliulampar.is\/en_gb\/wp-json\/wp\/v2\/comments?post=52896"}],"wp:featuredmedia":[{"embeddable":true,"href":"https:\/\/ilmoliulampar.is\/en_gb\/wp-json\/wp\/v2\/media\/42931"}],"wp:attachment":[{"href":"https:\/\/ilmoliulampar.is\/en_gb\/wp-json\/wp\/v2\/media?parent=52896"}],"wp:term":[{"taxonomy":"product_brand","embeddable":true,"href":"https:\/\/ilmoliulampar.is\/en_gb\/wp-json\/wp\/v2\/product_brand?post=52896"},{"taxonomy":"product_cat","embeddable":true,"href":"https:\/\/ilmoliulampar.is\/en_gb\/wp-json\/wp\/v2\/product_cat?post=52896"},{"taxonomy":"product_tag","embeddable":true,"href":"https:\/\/ilmoliulampar.is\/en_gb\/wp-json\/wp\/v2\/product_tag?post=52896"}],"curies":[{"name":"wp","href":"https:\/\/api.w.org\/{rel}","templated":true}]}}