{"id":52897,"date":"2021-09-16T16:35:20","date_gmt":"2021-09-16T16:35:20","guid":{"rendered":"https:\/\/new.ilmoliulampar.is\/product\/ariana-grande-sweet-like-candy-ilmolia\/"},"modified":"2026-03-23T14:01:52","modified_gmt":"2026-03-23T14:01:52","slug":"ariana-grande-sweet-like-candy-ilmolia","status":"publish","type":"product","link":"https:\/\/ilmoliulampar.is\/en_gb\/product\/ariana-grande-sweet-like-candy-ilmolia\/","title":{"rendered":"SWEET LIKE CANDY &#8211; ARIANA GRANDE"},"content":{"rendered":"","protected":false},"excerpt":{"rendered":"<p>Ariana Grande \u2013 Sweet like candy \u00a0<em><strong>ilmol\u00eda<\/strong><\/em><\/p>\n<p>\u00deessi er alveg eins og <em>Sweet like candy<\/em>\u00a0ilmvatni\u00f0 fr\u00e1 Ariana Grande! Sykurs\u00e6tur &amp; d\u00e1samlegur ilmur!<\/p>\n<p>Br\u00f3mber, perur og Bergam\u00f3t \u00ed bland vi\u00f0 \u00feeyttan rj\u00f3ma, sykurp\u00fa\u00f0a, s\u00f3lber \u00a0og l\u00e9tta bl\u00f3mat\u00f3na, einnig \u00f6rl\u00edti\u00f0 af Jasm\u00edn, hunangs-sykri, vanillu &amp; Kasm\u00edr-vi\u00f0!<\/p>\n<p>&nbsp;<\/p>\n<p><em>(Athugi\u00f0, um er a\u00f0 r\u00e6\u00f0a ilmol\u00edu, myndin er notu\u00f0 til \u00feess a\u00f0 l\u00fdsa ilminum af ol\u00edunni.)<\/em><\/p>","protected":false},"featured_media":42934,"comment_status":"closed","ping_status":"closed","template":"","meta":[],"product_brand":[],"product_cat":[195,108],"product_tag":[],"class_list":{"0":"post-52897","1":"product","2":"type-product","3":"status-publish","4":"has-post-thumbnail","6":"product_cat-ilmoliur-oliur","7":"product_cat-oliur","9":"first","10":"instock","11":"shipping-taxable","12":"purchasable","13":"product-type-simple"},"_links":{"self":[{"href":"https:\/\/ilmoliulampar.is\/en_gb\/wp-json\/wp\/v2\/product\/52897","targetHints":{"allow":["GET"]}}],"collection":[{"href":"https:\/\/ilmoliulampar.is\/en_gb\/wp-json\/wp\/v2\/product"}],"about":[{"href":"https:\/\/ilmoliulampar.is\/en_gb\/wp-json\/wp\/v2\/types\/product"}],"replies":[{"embeddable":true,"href":"https:\/\/ilmoliulampar.is\/en_gb\/wp-json\/wp\/v2\/comments?post=52897"}],"wp:featuredmedia":[{"embeddable":true,"href":"https:\/\/ilmoliulampar.is\/en_gb\/wp-json\/wp\/v2\/media\/42934"}],"wp:attachment":[{"href":"https:\/\/ilmoliulampar.is\/en_gb\/wp-json\/wp\/v2\/media?parent=52897"}],"wp:term":[{"taxonomy":"product_brand","embeddable":true,"href":"https:\/\/ilmoliulampar.is\/en_gb\/wp-json\/wp\/v2\/product_brand?post=52897"},{"taxonomy":"product_cat","embeddable":true,"href":"https:\/\/ilmoliulampar.is\/en_gb\/wp-json\/wp\/v2\/product_cat?post=52897"},{"taxonomy":"product_tag","embeddable":true,"href":"https:\/\/ilmoliulampar.is\/en_gb\/wp-json\/wp\/v2\/product_tag?post=52897"}],"curies":[{"name":"wp","href":"https:\/\/api.w.org\/{rel}","templated":true}]}}