{"id":52898,"date":"2021-09-17T11:56:34","date_gmt":"2021-09-17T11:56:34","guid":{"rendered":"https:\/\/new.ilmoliulampar.is\/product\/veggljos-gylltur-strutur\/"},"modified":"2026-01-30T14:29:15","modified_gmt":"2026-01-30T14:29:15","slug":"veggljos-gylltur-strutur","status":"publish","type":"product","link":"https:\/\/ilmoliulampar.is\/en_gb\/product\/veggljos-gylltur-strutur\/","title":{"rendered":"Gylltur Str\u00fatur &#8211; Vegglampi"},"content":{"rendered":"","protected":false},"excerpt":{"rendered":"<div class=\"\" data-block=\"true\" data-editor=\"129a7\" data-offset-key=\"7u7l3-0-0\">\n<div class=\"_1mf _1mj\" data-offset-key=\"7u7l3-0-0\"><em>Str\u00fatur &#8211; vegglj\u00f3s!\u00a0<\/em><\/div>\n<\/div>\n<div class=\"\" data-block=\"true\" data-editor=\"129a7\" data-offset-key=\"bg86j-0-0\">\n<div class=\"_1mf _1mj\" data-offset-key=\"bg86j-0-0\"><span data-offset-key=\"bg86j-0-0\">St\u00f3r, gylltur str\u00fatur me\u00f0 hangandi peru \u00ed munninum!\u00a0<\/span><\/div>\n<\/div>\n<div class=\"\" data-block=\"true\" data-editor=\"129a7\" data-offset-key=\"c9r5l-0-0\">\n<div class=\"_1mf _1mj\" data-offset-key=\"c9r5l-0-0\"><span data-offset-key=\"c9r5l-0-0\">\u00a0<\/span><\/div>\n<\/div>\n<div class=\"\" data-block=\"true\" data-editor=\"129a7\" data-offset-key=\"7d6hs-0-0\">\n<div class=\"_1mf _1mj\" data-offset-key=\"7d6hs-0-0\"><em>H\u00e6\u00f0 \u00e1 str\u00fat: <strong>72 cm<\/strong><\/em><\/div>\n<\/div>\n<div class=\"\" data-block=\"true\" data-editor=\"129a7\" data-offset-key=\"e7dum-0-0\">\n<div class=\"_1mf _1mj\" data-offset-key=\"e7dum-0-0\"><span data-offset-key=\"e7dum-0-0\">Ath, sn\u00faran sem fylgir er me\u00f0 innstungu, hann er ekki tengdur vi\u00f0 d\u00f3s \u00e1 veggnum,<\/span><\/div>\n<\/div>\n<div class=\"\" data-block=\"true\" data-editor=\"129a7\" data-offset-key=\"9s7hi-0-0\">\n<div class=\"_1mf _1mj\" data-offset-key=\"9s7hi-0-0\"><span data-offset-key=\"9s7hi-0-0\">\u00fev\u00ed h\u00e6gt a\u00f0 hengja hvar sem er! \u2763<\/span><\/div>\n<\/div>\n<div class=\"\" data-block=\"true\" data-editor=\"129a7\" data-offset-key=\"8o9ag-0-0\">\n<div class=\"_1mf _1mj\" data-offset-key=\"8o9ag-0-0\"><span data-offset-key=\"8o9ag-0-0\">\u00a0<\/span><\/div>\n<\/div>\n<div class=\"\" data-block=\"true\" data-editor=\"129a7\" data-offset-key=\"b424d-0-0\">\n<div class=\"_1mf _1mj\" data-offset-key=\"b424d-0-0\"><span data-offset-key=\"b424d-0-0\">S\u00e9rlega smart a\u00f0 nota fallega skrautperu&#8230;..\u00a0<\/span><\/div>\n<\/div>\n<div data-offset-key=\"b424d-0-0\">\n<div class=\"\" data-block=\"true\" data-editor=\"129a7\" data-offset-key=\"8jbnu-0-0\">\n<div class=\"_1mf _1mj\" data-offset-key=\"8jbnu-0-0\"><span data-offset-key=\"8jbnu-0-0\">Max 40W pera<\/span><\/div>\n<div data-offset-key=\"8jbnu-0-0\"><\/div>\n<\/div>\n<div class=\"\" data-block=\"true\" data-editor=\"129a7\" data-offset-key=\"810tv-0-0\">\n<div class=\"_1mf _1mj\" data-offset-key=\"810tv-0-0\"><span data-offset-key=\"810tv-0-0\">(Pera ekki innifalin, kemur \u00e1n peru til okkar)<\/span><\/div>\n<\/div>\n<\/div>","protected":false},"featured_media":57921,"comment_status":"closed","ping_status":"closed","template":"","meta":[],"product_brand":[],"product_cat":[132,185],"product_tag":[],"class_list":{"0":"post-52898","1":"product","2":"type-product","3":"status-publish","4":"has-post-thumbnail","6":"product_cat-heimilid-2","7":"product_cat-vegglampar","9":"first","10":"outofstock","11":"shipping-taxable","12":"purchasable","13":"product-type-simple"},"_links":{"self":[{"href":"https:\/\/ilmoliulampar.is\/en_gb\/wp-json\/wp\/v2\/product\/52898","targetHints":{"allow":["GET"]}}],"collection":[{"href":"https:\/\/ilmoliulampar.is\/en_gb\/wp-json\/wp\/v2\/product"}],"about":[{"href":"https:\/\/ilmoliulampar.is\/en_gb\/wp-json\/wp\/v2\/types\/product"}],"replies":[{"embeddable":true,"href":"https:\/\/ilmoliulampar.is\/en_gb\/wp-json\/wp\/v2\/comments?post=52898"}],"wp:featuredmedia":[{"embeddable":true,"href":"https:\/\/ilmoliulampar.is\/en_gb\/wp-json\/wp\/v2\/media\/57921"}],"wp:attachment":[{"href":"https:\/\/ilmoliulampar.is\/en_gb\/wp-json\/wp\/v2\/media?parent=52898"}],"wp:term":[{"taxonomy":"product_brand","embeddable":true,"href":"https:\/\/ilmoliulampar.is\/en_gb\/wp-json\/wp\/v2\/product_brand?post=52898"},{"taxonomy":"product_cat","embeddable":true,"href":"https:\/\/ilmoliulampar.is\/en_gb\/wp-json\/wp\/v2\/product_cat?post=52898"},{"taxonomy":"product_tag","embeddable":true,"href":"https:\/\/ilmoliulampar.is\/en_gb\/wp-json\/wp\/v2\/product_tag?post=52898"}],"curies":[{"name":"wp","href":"https:\/\/api.w.org\/{rel}","templated":true}]}}