{"id":52901,"date":"2021-09-22T14:16:17","date_gmt":"2021-09-22T14:16:17","guid":{"rendered":"https:\/\/new.ilmoliulampar.is\/product\/glory-lips-lifraenn-varasalvi\/"},"modified":"2026-01-31T15:55:59","modified_gmt":"2026-01-31T15:55:59","slug":"glory-lips-lifraenn-varasalvi","status":"publish","type":"product","link":"https:\/\/ilmoliulampar.is\/en_gb\/product\/glory-lips-lifraenn-varasalvi\/","title":{"rendered":"Eco by Sonya &#8211; Glory Lips"},"content":{"rendered":"","protected":false},"excerpt":{"rendered":"<div class=\"\" data-block=\"true\" data-editor=\"1080j\" data-offset-key=\"ag912-0-0\">\n<div class=\"_1mf _1mj\" data-offset-key=\"ag912-0-0\">Gu\u00f0d\u00f3mlegur varasalvi ger\u00f0ur til a\u00f0 <strong><em>m\u00fdkja, gr\u00e6\u00f0a &amp; n\u00e6ra varirnar.<\/em><\/strong><\/div>\n<\/div>\n<div class=\"\" data-block=\"true\" data-editor=\"1080j\" data-offset-key=\"anhql-0-0\">\n<div class=\"_1mf _1mj\" data-offset-key=\"anhql-0-0\"><span data-offset-key=\"anhql-0-0\">\u00deessi n\u00e1tt\u00farulegi varasalvi n\u00e6rir varirnar \u00fe\u00ednar, me\u00f0 mj\u00fakri, krema\u00f0ri \u00e1fer\u00f0.<\/span><\/div>\n<div class=\"_1mf _1mj\" data-offset-key=\"anhql-0-0\"><span data-offset-key=\"anhql-0-0\"> Glory Lips er me\u00f0 mildu \u00e1vaxtabrag\u00f0i, \u00fear sem hann inniheldur l\u00edfr\u00e6n hindber &amp; mang\u00f3.<\/span><\/div>\n<\/div>\n<div class=\"\" data-block=\"true\" data-editor=\"1080j\" data-offset-key=\"fcqik-0-0\">\n<div class=\"_1mf _1mj\" data-offset-key=\"fcqik-0-0\"><span data-offset-key=\"fcqik-0-0\">\u00a0<\/span><\/div>\n<\/div>\n<div class=\"\" data-block=\"true\" data-editor=\"1080j\" data-offset-key=\"3ld1i-0-0\">\n<div class=\"_1mf _1mj\" data-offset-key=\"3ld1i-0-0\"><span data-offset-key=\"3ld1i-0-0\">Ekki efnafr\u00e6\u00f0istofa \u00ed t\u00fapu!! Glory lips n\u00e1tt\u00farulegur varasalvi \u00e1n sterkra, tilb\u00fainna gerviefna.<\/span><\/div>\n<\/div>\n<div class=\"\" data-block=\"true\" data-editor=\"1080j\" data-offset-key=\"f1o0b-0-0\">\n<div class=\"_1mf _1mj\" data-offset-key=\"f1o0b-0-0\"><span data-offset-key=\"f1o0b-0-0\">Margt af \u00fev\u00ed sem \u00fe\u00fa setur \u00e1 varirnar \u00fe\u00ednar endaru me\u00f0 a\u00f0 innbyr\u00f0a, \u00feess vegna er Glory lips 100% n\u00e1tt\u00farulegur! <\/span><\/div>\n<\/div>\n<div class=\"\" data-block=\"true\" data-editor=\"1080j\" data-offset-key=\"3glt-0-0\">\n<div class=\"_1mf _1mj\" data-offset-key=\"3glt-0-0\"><span data-offset-key=\"3glt-0-0\">\u00a0<\/span><\/div>\n<\/div>\n<div class=\"\" data-block=\"true\" data-editor=\"1080j\" data-offset-key=\"3uc0-0-0\">\n<div class=\"_1mf _1mj\" data-offset-key=\"3uc0-0-0\"><span data-offset-key=\"3uc0-0-0\">Glory Lips kemur \u00ed <em>15 ml<\/em> t\u00fapu sem er b\u00fain til \u00far sykurreyr, svo hann er betri fyrir pl\u00e1netuna okkar!<\/span><\/div>\n<\/div>\n<div class=\"\" data-block=\"true\" data-editor=\"1080j\" data-offset-key=\"bt823-0-0\">\n<div class=\"_1mf _1mj\" data-offset-key=\"bt823-0-0\"><span data-offset-key=\"bt823-0-0\">\u00a0<\/span><\/div>\n<\/div>\n<div class=\"\" data-block=\"true\" data-editor=\"1080j\" data-offset-key=\"18aml-0-0\">\n<div class=\"_1mf _1mj\" data-offset-key=\"18aml-0-0\"><\/div>\n<\/div>","protected":false},"featured_media":56884,"comment_status":"closed","ping_status":"closed","template":"","meta":[],"product_brand":[],"product_cat":[129,191],"product_tag":[],"class_list":{"0":"post-52901","1":"product","2":"type-product","3":"status-publish","4":"has-post-thumbnail","6":"product_cat-eco-by-sonya","7":"product_cat-hud-og-snyrtivorur","9":"first","10":"instock","11":"shipping-taxable","12":"purchasable","13":"product-type-simple"},"_links":{"self":[{"href":"https:\/\/ilmoliulampar.is\/en_gb\/wp-json\/wp\/v2\/product\/52901","targetHints":{"allow":["GET"]}}],"collection":[{"href":"https:\/\/ilmoliulampar.is\/en_gb\/wp-json\/wp\/v2\/product"}],"about":[{"href":"https:\/\/ilmoliulampar.is\/en_gb\/wp-json\/wp\/v2\/types\/product"}],"replies":[{"embeddable":true,"href":"https:\/\/ilmoliulampar.is\/en_gb\/wp-json\/wp\/v2\/comments?post=52901"}],"wp:featuredmedia":[{"embeddable":true,"href":"https:\/\/ilmoliulampar.is\/en_gb\/wp-json\/wp\/v2\/media\/56884"}],"wp:attachment":[{"href":"https:\/\/ilmoliulampar.is\/en_gb\/wp-json\/wp\/v2\/media?parent=52901"}],"wp:term":[{"taxonomy":"product_brand","embeddable":true,"href":"https:\/\/ilmoliulampar.is\/en_gb\/wp-json\/wp\/v2\/product_brand?post=52901"},{"taxonomy":"product_cat","embeddable":true,"href":"https:\/\/ilmoliulampar.is\/en_gb\/wp-json\/wp\/v2\/product_cat?post=52901"},{"taxonomy":"product_tag","embeddable":true,"href":"https:\/\/ilmoliulampar.is\/en_gb\/wp-json\/wp\/v2\/product_tag?post=52901"}],"curies":[{"name":"wp","href":"https:\/\/api.w.org\/{rel}","templated":true}]}}