{"id":52904,"date":"2021-10-11T14:21:19","date_gmt":"2021-10-11T14:21:19","guid":{"rendered":"https:\/\/new.ilmoliulampar.is\/product\/ariana-grande-moonlight-ilmolia\/"},"modified":"2026-03-10T12:20:17","modified_gmt":"2026-03-10T12:20:17","slug":"ariana-grande-moonlight-ilmolia","status":"publish","type":"product","link":"https:\/\/ilmoliulampar.is\/en_gb\/product\/ariana-grande-moonlight-ilmolia\/","title":{"rendered":"MOONLIGHT &#8211; ARIANA GRANDE"},"content":{"rendered":"","protected":false},"excerpt":{"rendered":"<div class=\"fragrantica-blockquote\">\n<p>\u00deessi er alveg eins og <strong><em>Moonlight<\/em><\/strong> ilmvatni\u00f0 fr\u00e1 Ariana Grande!<\/p>\n<p>Moonligt er s\u00e6tur bl\u00f3ma- og \u00e1vaxtailmur sem saman stendur af pl\u00f3mum &amp; s\u00f3lberjum \u00ed bland vi\u00f0 sykurp\u00fa\u00f0a, Peony bl\u00f3m, rj\u00f3makennda vanillu, Sandalwood og Amber.<\/p>\n<\/div>\n<p>&nbsp;<\/p>\n<p>(Athugi\u00f0, um er a\u00f0 r\u00e6\u00f0a ilmol\u00edu, ekki ilmvatni\u00f0 sj\u00e1lft, myndin er til \u00feess eins a\u00f0 s\u00fdna um hva\u00f0a ilm er a\u00f0 r\u00e6\u00f0a)<\/p>","protected":false},"featured_media":42959,"comment_status":"closed","ping_status":"closed","template":"","meta":[],"product_brand":[],"product_cat":[195,108],"product_tag":[],"class_list":{"0":"post-52904","1":"product","2":"type-product","3":"status-publish","4":"has-post-thumbnail","6":"product_cat-ilmoliur-oliur","7":"product_cat-oliur","9":"first","10":"instock","11":"shipping-taxable","12":"purchasable","13":"product-type-simple"},"_links":{"self":[{"href":"https:\/\/ilmoliulampar.is\/en_gb\/wp-json\/wp\/v2\/product\/52904","targetHints":{"allow":["GET"]}}],"collection":[{"href":"https:\/\/ilmoliulampar.is\/en_gb\/wp-json\/wp\/v2\/product"}],"about":[{"href":"https:\/\/ilmoliulampar.is\/en_gb\/wp-json\/wp\/v2\/types\/product"}],"replies":[{"embeddable":true,"href":"https:\/\/ilmoliulampar.is\/en_gb\/wp-json\/wp\/v2\/comments?post=52904"}],"wp:featuredmedia":[{"embeddable":true,"href":"https:\/\/ilmoliulampar.is\/en_gb\/wp-json\/wp\/v2\/media\/42959"}],"wp:attachment":[{"href":"https:\/\/ilmoliulampar.is\/en_gb\/wp-json\/wp\/v2\/media?parent=52904"}],"wp:term":[{"taxonomy":"product_brand","embeddable":true,"href":"https:\/\/ilmoliulampar.is\/en_gb\/wp-json\/wp\/v2\/product_brand?post=52904"},{"taxonomy":"product_cat","embeddable":true,"href":"https:\/\/ilmoliulampar.is\/en_gb\/wp-json\/wp\/v2\/product_cat?post=52904"},{"taxonomy":"product_tag","embeddable":true,"href":"https:\/\/ilmoliulampar.is\/en_gb\/wp-json\/wp\/v2\/product_tag?post=52904"}],"curies":[{"name":"wp","href":"https:\/\/api.w.org\/{rel}","templated":true}]}}