{"id":52916,"date":"2025-12-12T18:49:42","date_gmt":"2025-12-12T18:49:42","guid":{"rendered":"https:\/\/new.ilmoliulampar.is\/product\/bordlampi-al-svartur-og-gull\/"},"modified":"2026-01-31T13:15:38","modified_gmt":"2026-01-31T13:15:38","slug":"bordlampi-al-svartur-og-gull","status":"publish","type":"product","link":"https:\/\/ilmoliulampar.is\/en_gb\/product\/bordlampi-al-svartur-og-gull\/","title":{"rendered":"BOR\u00d0LAMPI &#8211; \u00c1L, SVARTUR &#038; GULL &#8211; DIMMANLEGUR"},"content":{"rendered":"","protected":false},"excerpt":{"rendered":"<p>Vanda\u00f0ur bor\u00f0lampi\/base, \u00e1n peru.<\/p>\n<p>Svart, munstra\u00f0 \u00e1l me\u00f0 gyllingu ne\u00f0st.<\/p>\n<p>Kemur me\u00f0 dimmanlegum kveikjara\/sl\u00f6kkvara.<\/p>\n<p>Lengd \u00e1 sn\u00faru: 1.5 M<\/p>","protected":false},"featured_media":42995,"comment_status":"closed","ping_status":"closed","template":"","meta":[],"product_brand":[],"product_cat":[150],"product_tag":[],"class_list":{"0":"post-52916","1":"product","2":"type-product","3":"status-publish","4":"has-post-thumbnail","6":"product_cat-skilabod-i-peru-og-lampar","8":"first","9":"instock","10":"shipping-taxable","11":"purchasable","12":"product-type-simple"},"_links":{"self":[{"href":"https:\/\/ilmoliulampar.is\/en_gb\/wp-json\/wp\/v2\/product\/52916","targetHints":{"allow":["GET"]}}],"collection":[{"href":"https:\/\/ilmoliulampar.is\/en_gb\/wp-json\/wp\/v2\/product"}],"about":[{"href":"https:\/\/ilmoliulampar.is\/en_gb\/wp-json\/wp\/v2\/types\/product"}],"replies":[{"embeddable":true,"href":"https:\/\/ilmoliulampar.is\/en_gb\/wp-json\/wp\/v2\/comments?post=52916"}],"wp:featuredmedia":[{"embeddable":true,"href":"https:\/\/ilmoliulampar.is\/en_gb\/wp-json\/wp\/v2\/media\/42995"}],"wp:attachment":[{"href":"https:\/\/ilmoliulampar.is\/en_gb\/wp-json\/wp\/v2\/media?parent=52916"}],"wp:term":[{"taxonomy":"product_brand","embeddable":true,"href":"https:\/\/ilmoliulampar.is\/en_gb\/wp-json\/wp\/v2\/product_brand?post=52916"},{"taxonomy":"product_cat","embeddable":true,"href":"https:\/\/ilmoliulampar.is\/en_gb\/wp-json\/wp\/v2\/product_cat?post=52916"},{"taxonomy":"product_tag","embeddable":true,"href":"https:\/\/ilmoliulampar.is\/en_gb\/wp-json\/wp\/v2\/product_tag?post=52916"}],"curies":[{"name":"wp","href":"https:\/\/api.w.org\/{rel}","templated":true}]}}