{"id":52920,"date":"2021-10-23T14:28:49","date_gmt":"2021-10-23T14:28:49","guid":{"rendered":"https:\/\/new.ilmoliulampar.is\/product\/ariana-grande-ari-ilmolia\/"},"modified":"2026-03-11T13:24:43","modified_gmt":"2026-03-11T13:24:43","slug":"ariana-grande-ari-ilmolia","status":"publish","type":"product","link":"https:\/\/ilmoliulampar.is\/en_gb\/product\/ariana-grande-ari-ilmolia\/","title":{"rendered":"ARI &#8211; ARIANA GRANDE"},"content":{"rendered":"","protected":false},"excerpt":{"rendered":"<p>Ariana Grande, Ari <strong><em>ilmol\u00eda<\/em><\/strong><\/p>\n<p>Fyrsta ilmvatni\u00f0 fr\u00e1 Ariana Grande, um er a\u00f0 r\u00e6\u00f0a s\u00e6tan \u00e1vaxta ilm, blanda af hindberjum, perum, greipaldin, vanillu, Lily of the Valley, r\u00f3sum, sykurp\u00fa\u00f0um, musk og vi\u00f0art\u00f3na!<\/p>\n<p>&nbsp;<\/p>\n<p>&nbsp;<\/p>\n<p>&nbsp;<\/p>\n<p><em>(ATH. um er a\u00f0 r\u00e6\u00f0a ilmol\u00edu, myndin er notu\u00f0 til \u00feess a\u00f0 l\u00fdsa ilminum af ol\u00edunni.)<\/em><\/p>\n<p>&nbsp;<\/p>","protected":false},"featured_media":43007,"comment_status":"closed","ping_status":"closed","template":"","meta":[],"product_brand":[],"product_cat":[195,108],"product_tag":[],"class_list":{"0":"post-52920","1":"product","2":"type-product","3":"status-publish","4":"has-post-thumbnail","6":"product_cat-ilmoliur-oliur","7":"product_cat-oliur","9":"first","10":"instock","11":"shipping-taxable","12":"purchasable","13":"product-type-simple"},"_links":{"self":[{"href":"https:\/\/ilmoliulampar.is\/en_gb\/wp-json\/wp\/v2\/product\/52920","targetHints":{"allow":["GET"]}}],"collection":[{"href":"https:\/\/ilmoliulampar.is\/en_gb\/wp-json\/wp\/v2\/product"}],"about":[{"href":"https:\/\/ilmoliulampar.is\/en_gb\/wp-json\/wp\/v2\/types\/product"}],"replies":[{"embeddable":true,"href":"https:\/\/ilmoliulampar.is\/en_gb\/wp-json\/wp\/v2\/comments?post=52920"}],"wp:featuredmedia":[{"embeddable":true,"href":"https:\/\/ilmoliulampar.is\/en_gb\/wp-json\/wp\/v2\/media\/43007"}],"wp:attachment":[{"href":"https:\/\/ilmoliulampar.is\/en_gb\/wp-json\/wp\/v2\/media?parent=52920"}],"wp:term":[{"taxonomy":"product_brand","embeddable":true,"href":"https:\/\/ilmoliulampar.is\/en_gb\/wp-json\/wp\/v2\/product_brand?post=52920"},{"taxonomy":"product_cat","embeddable":true,"href":"https:\/\/ilmoliulampar.is\/en_gb\/wp-json\/wp\/v2\/product_cat?post=52920"},{"taxonomy":"product_tag","embeddable":true,"href":"https:\/\/ilmoliulampar.is\/en_gb\/wp-json\/wp\/v2\/product_tag?post=52920"}],"curies":[{"name":"wp","href":"https:\/\/api.w.org\/{rel}","templated":true}]}}