{"id":52936,"date":"2021-10-25T14:55:57","date_gmt":"2021-10-25T14:55:57","guid":{"rendered":"https:\/\/new.ilmoliulampar.is\/product\/hangandi-grace-ljos-glaert-m-gulli-2-staerdir\/"},"modified":"2024-10-01T17:08:33","modified_gmt":"2024-10-01T17:08:33","slug":"hangandi-grace-ljos-glaert-m-gulli-2-staerdir","status":"publish","type":"product","link":"https:\/\/ilmoliulampar.is\/en_gb\/product\/hangandi-grace-ljos-glaert-m-gulli-2-staerdir\/","title":{"rendered":"Hangandi Grace lj\u00f3s, gl\u00e6rt m\/gulli, 2 st\u00e6r\u00f0ir"},"content":{"rendered":"","protected":false},"excerpt":{"rendered":"<p><em>Hangandi Grace &#8211; loftlj\u00f3s, gl\u00e6rt me\u00f0 gylltri peru og festingu.<\/em><\/p>\n<p>Vi\u00f0 eigum einfaldlega ekki n\u00f3gu g\u00f3\u00f0 l\u00fdsingaror\u00f0 yfir \u00feessa d\u00fdr\u00f0!<br \/>\nFr\u00f6nsk h\u00f6nnun &amp; framlei\u00f0sla!<\/p>\n<p>Loftlj\u00f3sin eru f\u00e1anleg \u00ed 2 st\u00e6r\u00f0um!<br \/>\n<strong><em>Minni lj\u00f3sin<\/em><\/strong>, st\u00e6r\u00f0 200\u00d7120 mm (st\u00e6r\u00f0 \u00e1 k\u00fapli)<br \/>\n<strong><em>St\u00e6rri lj\u00f3sin<\/em><\/strong>, st\u00e6r\u00f0 280\u00d7140 mm (st\u00e6r\u00f0 \u00e1 k\u00fapli)<\/p>\n<div class=\"text_exposed_show\">\n<p>Frekari \u00a0uppl\u00fdsingar um st\u00e6r\u00f0 og lengd h\u00e9r a\u00f0 ne\u00f0an.<\/p>\n<\/div>\n<p>ATH:Lj\u00f3sin koma me\u00f0 lj\u00f3saperu og hringlaga loftfestingu.<\/p>\n<p>&nbsp;<\/p>\n<p><img fetchpriority=\"high\" decoding=\"async\" class=\"alignnone size-medium wp-image-16351\" src=\"https:\/\/ilmoliulampar.is\/\/wp-content\/uploads\/2021\/10\/screen-shot-2021-10-25-at-14.24.38-201x300.png\" alt=\"\" width=\"201\" height=\"300\" \/><\/p>\n<p>&nbsp;<\/p>","protected":false},"featured_media":43039,"comment_status":"closed","ping_status":"closed","template":"","meta":[],"product_brand":[],"product_cat":[226],"product_tag":[],"class_list":{"0":"post-52936","1":"product","2":"type-product","3":"status-publish","4":"has-post-thumbnail","6":"product_cat-fronsku-ljosin-2","8":"first","9":"instock","10":"shipping-taxable","11":"purchasable","12":"product-type-variable"},"_links":{"self":[{"href":"https:\/\/ilmoliulampar.is\/en_gb\/wp-json\/wp\/v2\/product\/52936","targetHints":{"allow":["GET"]}}],"collection":[{"href":"https:\/\/ilmoliulampar.is\/en_gb\/wp-json\/wp\/v2\/product"}],"about":[{"href":"https:\/\/ilmoliulampar.is\/en_gb\/wp-json\/wp\/v2\/types\/product"}],"replies":[{"embeddable":true,"href":"https:\/\/ilmoliulampar.is\/en_gb\/wp-json\/wp\/v2\/comments?post=52936"}],"wp:featuredmedia":[{"embeddable":true,"href":"https:\/\/ilmoliulampar.is\/en_gb\/wp-json\/wp\/v2\/media\/43039"}],"wp:attachment":[{"href":"https:\/\/ilmoliulampar.is\/en_gb\/wp-json\/wp\/v2\/media?parent=52936"}],"wp:term":[{"taxonomy":"product_brand","embeddable":true,"href":"https:\/\/ilmoliulampar.is\/en_gb\/wp-json\/wp\/v2\/product_brand?post=52936"},{"taxonomy":"product_cat","embeddable":true,"href":"https:\/\/ilmoliulampar.is\/en_gb\/wp-json\/wp\/v2\/product_cat?post=52936"},{"taxonomy":"product_tag","embeddable":true,"href":"https:\/\/ilmoliulampar.is\/en_gb\/wp-json\/wp\/v2\/product_tag?post=52936"}],"curies":[{"name":"wp","href":"https:\/\/api.w.org\/{rel}","templated":true}]}}