{"id":52942,"date":"2021-10-29T14:57:26","date_gmt":"2021-10-29T14:57:26","guid":{"rendered":"https:\/\/new.ilmoliulampar.is\/product\/super-sleep-koddasprey\/"},"modified":"2024-04-19T15:44:53","modified_gmt":"2024-04-19T15:44:53","slug":"super-sleep-koddasprey","status":"publish","type":"product","link":"https:\/\/ilmoliulampar.is\/en_gb\/product\/super-sleep-koddasprey\/","title":{"rendered":"Super SLEEP &#8211; koddasprey"},"content":{"rendered":"","protected":false},"excerpt":{"rendered":"<p><em><strong>Super Sleep koddasprey\u00a0<\/strong><\/em><\/p>\n<p>N\u00e1tt\u00faruleg og r\u00f3andi blanda \u00far hreinum ilmkjarnaol\u00edum, sem hj\u00e1lpar \u00fe\u00e9r a\u00f0 slaka \u00e1 fyrir n\u00f3ttina og b\u00e6tir svefninn svo um munar!<\/p>\n<p>Koddaspreyi\u00f0 er 100% n\u00e1tt\u00farulegt, inniheldur a\u00f0eins hreinar ilmkjarnaol\u00edur, blandan er ger\u00f0 af ilmme\u00f0fer\u00f0a-fr\u00e6\u00f0ingum\/Aroma Therapists.<\/p>\n<p>Notkunarlei\u00f0beiningar: Spreyja\u00f0u 2-3 yfir koddann, \u00ed r\u00famteppi\u00f0, \u00e1 r\u00famf\u00f6tin, e\u00f0a einfaldlega \u00fat \u00ed lofti\u00f0 og nj\u00f3ttu allra heilsub\u00e6tandi eiginleikanna sem ilmkjarnaol\u00edurnar \u00ed Super Sleep hafa upp \u00e1 a\u00f0 bj\u00f3\u00f0a.<\/p>\n<p><em>Inniheldur Lavender, Ho Wood (n\u00e1skylt Rose Wood), Roman Chamomile, Vetivert &amp; Patchouli.<\/em><\/p>\n<p>100 ml<\/p>\n<p>&nbsp;<\/p>\n<p>VEGAN &amp; CRUELTY FREE &#8211; 100% N\u00c1TT\u00daRULEGT &#8211; ENDURVINNANLEGT<\/p>\n<p>&nbsp;<\/p>\n<p>&nbsp;<\/p>\n<p>&nbsp;<\/p>\n<p>&nbsp;<\/p>","protected":false},"featured_media":43053,"comment_status":"closed","ping_status":"open","template":"","meta":[],"product_brand":[],"product_cat":[207],"product_tag":[],"class_list":{"0":"post-52942","1":"product","2":"type-product","3":"status-publish","4":"has-post-thumbnail","6":"product_cat-herbergisudar-koddasprey-2","8":"first","9":"instock","10":"shipping-taxable","11":"purchasable","12":"product-type-simple"},"_links":{"self":[{"href":"https:\/\/ilmoliulampar.is\/en_gb\/wp-json\/wp\/v2\/product\/52942","targetHints":{"allow":["GET"]}}],"collection":[{"href":"https:\/\/ilmoliulampar.is\/en_gb\/wp-json\/wp\/v2\/product"}],"about":[{"href":"https:\/\/ilmoliulampar.is\/en_gb\/wp-json\/wp\/v2\/types\/product"}],"replies":[{"embeddable":true,"href":"https:\/\/ilmoliulampar.is\/en_gb\/wp-json\/wp\/v2\/comments?post=52942"}],"wp:featuredmedia":[{"embeddable":true,"href":"https:\/\/ilmoliulampar.is\/en_gb\/wp-json\/wp\/v2\/media\/43053"}],"wp:attachment":[{"href":"https:\/\/ilmoliulampar.is\/en_gb\/wp-json\/wp\/v2\/media?parent=52942"}],"wp:term":[{"taxonomy":"product_brand","embeddable":true,"href":"https:\/\/ilmoliulampar.is\/en_gb\/wp-json\/wp\/v2\/product_brand?post=52942"},{"taxonomy":"product_cat","embeddable":true,"href":"https:\/\/ilmoliulampar.is\/en_gb\/wp-json\/wp\/v2\/product_cat?post=52942"},{"taxonomy":"product_tag","embeddable":true,"href":"https:\/\/ilmoliulampar.is\/en_gb\/wp-json\/wp\/v2\/product_tag?post=52942"}],"curies":[{"name":"wp","href":"https:\/\/api.w.org\/{rel}","templated":true}]}}