{"id":52943,"date":"2021-10-29T15:13:33","date_gmt":"2021-10-29T15:13:33","guid":{"rendered":"https:\/\/new.ilmoliulampar.is\/product\/super-relax-vellidunar-sprey\/"},"modified":"2024-04-19T15:43:24","modified_gmt":"2024-04-19T15:43:24","slug":"super-relax-vellidunar-sprey","status":"publish","type":"product","link":"https:\/\/ilmoliulampar.is\/en_gb\/product\/super-relax-vellidunar-sprey\/","title":{"rendered":"Super RELAX &#8211; vell\u00ed\u00f0unar sprey"},"content":{"rendered":"","protected":false},"excerpt":{"rendered":"<p>Super RELAX vell\u00ed\u00f0unar-sprey<\/p>\n<p>R\u00f3andi blanda sem hj\u00e1lpar \u00fe\u00e9r a\u00f0 &#8222;af-stressast&#8220; og kemur \u00fe\u00e9r \u00ed hi\u00f0 fullkomna sl\u00f6kunar \u00e1stand!<\/p>\n<p>&nbsp;<\/p>\n<p>Koddaspreyi\u00f0 er 100% n\u00e1tt\u00farulegt, inniheldur a\u00f0eins hreinar ilmkjarnaol\u00edur, blandan er ger\u00f0 af ilmme\u00f0fer\u00f0a-fr\u00e6\u00f0ingum\/Aroma Therapists.<\/p>\n<p><em>Inniheldur: Bergam\u00f3t, Ho Wood(n\u00e1 skylt Rosewood), Lavender, Clary Sage, Ylang Ylang og Cardamom.<\/em><\/p>\n<p><strong>Notkunarlei\u00f0beiningar<\/strong>: <em>Spreyja\u00f0u 2-3 yfir koddann, \u00ed r\u00famteppi\u00f0, \u00e1 r\u00famf\u00f6tin, e\u00f0a einfaldlega \u00fat \u00ed lofti\u00f0 og nj\u00f3ttu allra heilsub\u00e6tandi eiginleikanna sem ilmkjarnaol\u00edurnar \u00ed<strong> Super Relax <\/strong>hafa upp \u00e1 a\u00f0 bj\u00f3\u00f0a.<\/em><\/p>\n<p>100 ml<\/p>\n<p>&nbsp;<\/p>\n<p>&nbsp;<\/p>\n<p>VEGAN &amp; CRUELTY FREE \u2013 100% N\u00c1TT\u00daRULEGT \u2013 ENDURVINNANLEGT<\/p>\n<p>&nbsp;<\/p>","protected":false},"featured_media":43056,"comment_status":"closed","ping_status":"open","template":"","meta":[],"product_brand":[],"product_cat":[207],"product_tag":[],"class_list":{"0":"post-52943","1":"product","2":"type-product","3":"status-publish","4":"has-post-thumbnail","6":"product_cat-herbergisudar-koddasprey-2","8":"first","9":"instock","10":"shipping-taxable","11":"purchasable","12":"product-type-simple"},"_links":{"self":[{"href":"https:\/\/ilmoliulampar.is\/en_gb\/wp-json\/wp\/v2\/product\/52943","targetHints":{"allow":["GET"]}}],"collection":[{"href":"https:\/\/ilmoliulampar.is\/en_gb\/wp-json\/wp\/v2\/product"}],"about":[{"href":"https:\/\/ilmoliulampar.is\/en_gb\/wp-json\/wp\/v2\/types\/product"}],"replies":[{"embeddable":true,"href":"https:\/\/ilmoliulampar.is\/en_gb\/wp-json\/wp\/v2\/comments?post=52943"}],"wp:featuredmedia":[{"embeddable":true,"href":"https:\/\/ilmoliulampar.is\/en_gb\/wp-json\/wp\/v2\/media\/43056"}],"wp:attachment":[{"href":"https:\/\/ilmoliulampar.is\/en_gb\/wp-json\/wp\/v2\/media?parent=52943"}],"wp:term":[{"taxonomy":"product_brand","embeddable":true,"href":"https:\/\/ilmoliulampar.is\/en_gb\/wp-json\/wp\/v2\/product_brand?post=52943"},{"taxonomy":"product_cat","embeddable":true,"href":"https:\/\/ilmoliulampar.is\/en_gb\/wp-json\/wp\/v2\/product_cat?post=52943"},{"taxonomy":"product_tag","embeddable":true,"href":"https:\/\/ilmoliulampar.is\/en_gb\/wp-json\/wp\/v2\/product_tag?post=52943"}],"curies":[{"name":"wp","href":"https:\/\/api.w.org\/{rel}","templated":true}]}}