{"id":52949,"date":"2021-11-05T17:57:44","date_gmt":"2021-11-05T17:57:44","guid":{"rendered":"https:\/\/new.ilmoliulampar.is\/product\/haenu-fjolskylda-gyllt\/"},"modified":"2023-03-29T16:19:37","modified_gmt":"2023-03-29T16:19:37","slug":"haenu-fjolskylda-gyllt","status":"publish","type":"product","link":"https:\/\/ilmoliulampar.is\/en_gb\/product\/haenu-fjolskylda-gyllt\/","title":{"rendered":"H\u00e6nu-fj\u00f6lskylda, gyllt"},"content":{"rendered":"","protected":false},"excerpt":{"rendered":"<p>Fallegur &amp; vanda\u00f0ur handger\u00f0ur sk\u00falptur &#8211;\u00a0H\u00e6nu-fj\u00f6lskyldaMeasures<\/p>\n<p>St\u00e6r\u00f0: 27.5 x 57.5 x 11 cm<\/p>\n<p>Vegur um 3 kg.<\/p>\n<p>&nbsp;<\/p>","protected":false},"featured_media":43072,"comment_status":"closed","ping_status":"closed","template":"","meta":[],"product_brand":[],"product_cat":[112,132],"product_tag":[],"class_list":{"0":"post-52949","1":"product","2":"type-product","3":"status-publish","4":"has-post-thumbnail","6":"product_cat-adrar-vorur","7":"product_cat-heimilid-2","9":"first","10":"outofstock","11":"shipping-taxable","12":"purchasable","13":"product-type-simple"},"_links":{"self":[{"href":"https:\/\/ilmoliulampar.is\/en_gb\/wp-json\/wp\/v2\/product\/52949","targetHints":{"allow":["GET"]}}],"collection":[{"href":"https:\/\/ilmoliulampar.is\/en_gb\/wp-json\/wp\/v2\/product"}],"about":[{"href":"https:\/\/ilmoliulampar.is\/en_gb\/wp-json\/wp\/v2\/types\/product"}],"replies":[{"embeddable":true,"href":"https:\/\/ilmoliulampar.is\/en_gb\/wp-json\/wp\/v2\/comments?post=52949"}],"wp:featuredmedia":[{"embeddable":true,"href":"https:\/\/ilmoliulampar.is\/en_gb\/wp-json\/wp\/v2\/media\/43072"}],"wp:attachment":[{"href":"https:\/\/ilmoliulampar.is\/en_gb\/wp-json\/wp\/v2\/media?parent=52949"}],"wp:term":[{"taxonomy":"product_brand","embeddable":true,"href":"https:\/\/ilmoliulampar.is\/en_gb\/wp-json\/wp\/v2\/product_brand?post=52949"},{"taxonomy":"product_cat","embeddable":true,"href":"https:\/\/ilmoliulampar.is\/en_gb\/wp-json\/wp\/v2\/product_cat?post=52949"},{"taxonomy":"product_tag","embeddable":true,"href":"https:\/\/ilmoliulampar.is\/en_gb\/wp-json\/wp\/v2\/product_tag?post=52949"}],"curies":[{"name":"wp","href":"https:\/\/api.w.org\/{rel}","templated":true}]}}