{"id":52951,"date":"2021-11-08T16:07:53","date_gmt":"2021-11-08T16:07:53","guid":{"rendered":"https:\/\/new.ilmoliulampar.is\/product\/super-sleep-ilmkjarnaolia\/"},"modified":"2026-01-15T16:14:35","modified_gmt":"2026-01-15T16:14:35","slug":"super-sleep-ilmkjarnaolia","status":"publish","type":"product","link":"https:\/\/ilmoliulampar.is\/en_gb\/product\/super-sleep-ilmkjarnaolia\/","title":{"rendered":"Super Sleep, ilmkjarnaol\u00eda"},"content":{"rendered":"","protected":false},"excerpt":{"rendered":"<p><em>SUPER<\/em> ilmkjarnaol\u00edu-l\u00ednan okkar er faglega bl\u00f6ndu\u00f0 me\u00f0 100% hreinum ilmkjarnaol\u00edum, ger\u00f0ar me\u00f0 \u00fe\u00edna vell\u00ed\u00f0an \u00ed fyrir\u00fami. Fylltu andr\u00famslofti\u00f0 \u00ed kringum \u00feig me\u00f0 \u00a0h\u00e1g\u00e6\u00f0a vell\u00ed\u00f0unar-ilmum og upplif\u00f0u kraftinn sem alv\u00f6ru ilm-me\u00f0fer\u00f0 hefur upp \u00e1 a\u00f0 bj\u00f3\u00f0a!<\/p>\n<p><strong>Super Sleep<\/strong> inniheldur draumkennda bl\u00f6ndu af Lavender, Ho-Wood, Vetirvert, Chamomile Roman, og Patchouli til a\u00f0 hj\u00e1lpa \u00fe\u00e9r a\u00f0 festa svefn \u00e1 n\u00e1tt\u00farulegan h\u00e1tt. Hin fullkomna, hreina &amp; n\u00e1tt\u00farulega blanda fyrir \u00fe\u00edna kv\u00f6ld-r\u00fat\u00ednu!<\/p>","protected":false},"featured_media":43080,"comment_status":"closed","ping_status":"closed","template":"","meta":[],"product_brand":[],"product_cat":[224,209,108],"product_tag":[],"class_list":{"0":"post-52951","1":"product","2":"type-product","3":"status-publish","4":"has-post-thumbnail","6":"product_cat-ilmkjarnaoliur-oliur","7":"product_cat-nyjar-oliur-oliur","8":"product_cat-oliur","10":"first","11":"instock","12":"shipping-taxable","13":"purchasable","14":"product-type-simple"},"_links":{"self":[{"href":"https:\/\/ilmoliulampar.is\/en_gb\/wp-json\/wp\/v2\/product\/52951","targetHints":{"allow":["GET"]}}],"collection":[{"href":"https:\/\/ilmoliulampar.is\/en_gb\/wp-json\/wp\/v2\/product"}],"about":[{"href":"https:\/\/ilmoliulampar.is\/en_gb\/wp-json\/wp\/v2\/types\/product"}],"replies":[{"embeddable":true,"href":"https:\/\/ilmoliulampar.is\/en_gb\/wp-json\/wp\/v2\/comments?post=52951"}],"wp:featuredmedia":[{"embeddable":true,"href":"https:\/\/ilmoliulampar.is\/en_gb\/wp-json\/wp\/v2\/media\/43080"}],"wp:attachment":[{"href":"https:\/\/ilmoliulampar.is\/en_gb\/wp-json\/wp\/v2\/media?parent=52951"}],"wp:term":[{"taxonomy":"product_brand","embeddable":true,"href":"https:\/\/ilmoliulampar.is\/en_gb\/wp-json\/wp\/v2\/product_brand?post=52951"},{"taxonomy":"product_cat","embeddable":true,"href":"https:\/\/ilmoliulampar.is\/en_gb\/wp-json\/wp\/v2\/product_cat?post=52951"},{"taxonomy":"product_tag","embeddable":true,"href":"https:\/\/ilmoliulampar.is\/en_gb\/wp-json\/wp\/v2\/product_tag?post=52951"}],"curies":[{"name":"wp","href":"https:\/\/api.w.org\/{rel}","templated":true}]}}