{"id":52954,"date":"2021-11-08T16:40:46","date_gmt":"2021-11-08T16:40:46","guid":{"rendered":"https:\/\/new.ilmoliulampar.is\/product\/super-relax-ilmkjarnaolia\/"},"modified":"2024-07-16T08:52:55","modified_gmt":"2024-07-16T08:52:55","slug":"super-relax-ilmkjarnaolia","status":"publish","type":"product","link":"https:\/\/ilmoliulampar.is\/en_gb\/product\/super-relax-ilmkjarnaolia\/","title":{"rendered":"Super Relax, ilmkjarnaol\u00eda"},"content":{"rendered":"","protected":false},"excerpt":{"rendered":"<p><strong>N\u00fdja<\/strong> <em>SUPER<\/em> ilmkjarnaol\u00edu-l\u00ednan okkar er faglega bl\u00f6ndu\u00f0 me\u00f0 100% hreinum ilmkjarnaol\u00edum, ger\u00f0ar me\u00f0 \u00fe\u00edna vell\u00ed\u00f0an \u00ed fyrir\u00fami. Fylltu andr\u00famslofti\u00f0 \u00ed kringum \u00feig me\u00f0 \u00a0h\u00e1g\u00e6\u00f0a vell\u00ed\u00f0unar-ilmum og upplif\u00f0u kraftinn sem alv\u00f6ru ilm-me\u00f0fer\u00f0 hefur upp \u00e1 a\u00f0 bj\u00f3\u00f0a.<\/p>\n<p><strong>Super Relax<\/strong> inniheldur bl\u00f6ndu af Bergam\u00f3t, Ho-Wood, Lavender, Clary Sage, Ylang Ylang og Cardamom, f\u00e6rir \u00fe\u00e9r r\u00f3 og hj\u00e1lpar vi\u00f0 a\u00f0 losa spennu. R\u00f3andi blanda sem kemur \u00fe\u00e9r \u00ed algj\u00f6ra sl\u00f6kun!<\/p>","protected":false},"featured_media":43085,"comment_status":"closed","ping_status":"open","template":"","meta":[],"product_brand":[],"product_cat":[224,209,108],"product_tag":[],"class_list":{"0":"post-52954","1":"product","2":"type-product","3":"status-publish","4":"has-post-thumbnail","6":"product_cat-ilmkjarnaoliur-oliur","7":"product_cat-nyjar-oliur-oliur","8":"product_cat-oliur","10":"first","11":"instock","12":"shipping-taxable","13":"purchasable","14":"product-type-simple"},"_links":{"self":[{"href":"https:\/\/ilmoliulampar.is\/en_gb\/wp-json\/wp\/v2\/product\/52954","targetHints":{"allow":["GET"]}}],"collection":[{"href":"https:\/\/ilmoliulampar.is\/en_gb\/wp-json\/wp\/v2\/product"}],"about":[{"href":"https:\/\/ilmoliulampar.is\/en_gb\/wp-json\/wp\/v2\/types\/product"}],"replies":[{"embeddable":true,"href":"https:\/\/ilmoliulampar.is\/en_gb\/wp-json\/wp\/v2\/comments?post=52954"}],"wp:featuredmedia":[{"embeddable":true,"href":"https:\/\/ilmoliulampar.is\/en_gb\/wp-json\/wp\/v2\/media\/43085"}],"wp:attachment":[{"href":"https:\/\/ilmoliulampar.is\/en_gb\/wp-json\/wp\/v2\/media?parent=52954"}],"wp:term":[{"taxonomy":"product_brand","embeddable":true,"href":"https:\/\/ilmoliulampar.is\/en_gb\/wp-json\/wp\/v2\/product_brand?post=52954"},{"taxonomy":"product_cat","embeddable":true,"href":"https:\/\/ilmoliulampar.is\/en_gb\/wp-json\/wp\/v2\/product_cat?post=52954"},{"taxonomy":"product_tag","embeddable":true,"href":"https:\/\/ilmoliulampar.is\/en_gb\/wp-json\/wp\/v2\/product_tag?post=52954"}],"curies":[{"name":"wp","href":"https:\/\/api.w.org\/{rel}","templated":true}]}}